{"id":54921,"date":"2022-05-02T14:16:34","date_gmt":"2022-05-02T12:16:34","guid":{"rendered":"https:\/\/elettrotec.com\/?page_id=54921"},"modified":"2022-05-02T14:18:26","modified_gmt":"2022-05-02T12:18:26","slug":"sector-electromedico","status":"publish","type":"page","link":"https:\/\/elettrotec.com\/es\/aplicaciones\/sector-electromedico\/","title":{"rendered":"Sector electromedico"},"content":{"rendered":"<p>Elettrotec dise\u00f1a y fabrica dispositivos para medir, controlar y dispensar fluidos para aplicaciones en el sector m\u00e9dico, en particular dispositivos de control de presi\u00f3n para sistemas de distribuci\u00f3n de gas hospitalario (ox\u00edgeno, etc.).<br \/>\nLa l\u00ednea de productos electrom\u00e9dicos tambi\u00e9n incluye caudal\u00edmetros regulables con v\u00e1lvulas mezcladoras que tienen la funci\u00f3n de monitorizar el suministro de ox\u00edgeno, gases medicinales y aire.<\/p>\n","protected":false},"excerpt":{"rendered":"<p>Elettrotec dise\u00f1a y fabrica dispositivos para medir, controlar y dispensar fluidos para aplicaciones en el sector m\u00e9dico, en particular dispositivos de control de presi\u00f3n para sistemas de distribuci\u00f3n de gas hospitalario (ox\u00edgeno, etc.). La l\u00ednea de productos electrom\u00e9dicos tambi\u00e9n incluye caudal\u00edmetros regulables con v\u00e1lvulas mezcladoras que tienen la funci\u00f3n de monitorizar el suministro de ox\u00edgeno, [&hellip;]<\/p>\n","protected":false},"author":2,"featured_media":54817,"parent":54925,"menu_order":13,"comment_status":"closed","ping_status":"closed","template":"page-fullwidth.php","meta":{"_acf_changed":false,"footnotes":""},"acf":[],"yoast_head":"<!-- This site is optimized with the Yoast SEO plugin v24.3 - https:\/\/yoast.com\/wordpress\/plugins\/seo\/ -->\n<title>Sector electromedico - Elettrotec<\/title>\n<meta name=\"robots\" content=\"index, follow, max-snippet:-1, max-image-preview:large, max-video-preview:-1\" \/>\n<link rel=\"canonical\" href=\"https:\/\/elettrotec.com\/es\/aplicaciones\/sector-electromedico\/\" \/>\n<meta property=\"og:locale\" content=\"es_ES\" \/>\n<meta property=\"og:type\" content=\"article\" \/>\n<meta property=\"og:title\" content=\"Sector electromedico - Elettrotec\" \/>\n<meta property=\"og:description\" content=\"Elettrotec dise\u00f1a y fabrica dispositivos para medir, controlar y dispensar fluidos para aplicaciones en el sector m\u00e9dico, en particular dispositivos de control de presi\u00f3n para sistemas de distribuci\u00f3n de gas hospitalario (ox\u00edgeno, etc.). La l\u00ednea de productos electrom\u00e9dicos tambi\u00e9n incluye caudal\u00edmetros regulables con v\u00e1lvulas mezcladoras que tienen la funci\u00f3n de monitorizar el suministro de ox\u00edgeno, [&hellip;]\" \/>\n<meta property=\"og:site_name\" content=\"Elettrotec\" \/>\n<meta property=\"article:modified_time\" content=\"2022-05-02T12:18:26+00:00\" \/>\n<meta property=\"og:image\" content=\"https:\/\/elettrotec.com\/wp-content\/uploads\/2021\/08\/medicale_NEW.jpg\" \/>\n\t<meta property=\"og:image:width\" content=\"920\" \/>\n\t<meta property=\"og:image:height\" content=\"612\" \/>\n\t<meta property=\"og:image:type\" content=\"image\/jpeg\" \/>\n<meta name=\"twitter:card\" content=\"summary_large_image\" \/>\n<script type=\"application\/ld+json\" class=\"yoast-schema-graph\">{\"@context\":\"https:\/\/schema.org\",\"@graph\":[{\"@type\":\"WebPage\",\"@id\":\"https:\/\/elettrotec.com\/es\/aplicaciones\/sector-electromedico\/\",\"url\":\"https:\/\/elettrotec.com\/es\/aplicaciones\/sector-electromedico\/\",\"name\":\"Sector electromedico - Elettrotec\",\"isPartOf\":{\"@id\":\"https:\/\/elettrotec.com\/es\/#website\"},\"primaryImageOfPage\":{\"@id\":\"https:\/\/elettrotec.com\/es\/aplicaciones\/sector-electromedico\/#primaryimage\"},\"image\":{\"@id\":\"https:\/\/elettrotec.com\/es\/aplicaciones\/sector-electromedico\/#primaryimage\"},\"thumbnailUrl\":\"https:\/\/elettrotec.com\/wp-content\/uploads\/2021\/08\/medicale_NEW.jpg\",\"datePublished\":\"2022-05-02T12:16:34+00:00\",\"dateModified\":\"2022-05-02T12:18:26+00:00\",\"breadcrumb\":{\"@id\":\"https:\/\/elettrotec.com\/es\/aplicaciones\/sector-electromedico\/#breadcrumb\"},\"inLanguage\":\"es\",\"potentialAction\":[{\"@type\":\"ReadAction\",\"target\":[\"https:\/\/elettrotec.com\/es\/aplicaciones\/sector-electromedico\/\"]}]},{\"@type\":\"ImageObject\",\"inLanguage\":\"es\",\"@id\":\"https:\/\/elettrotec.com\/es\/aplicaciones\/sector-electromedico\/#primaryimage\",\"url\":\"https:\/\/elettrotec.com\/wp-content\/uploads\/2021\/08\/medicale_NEW.jpg\",\"contentUrl\":\"https:\/\/elettrotec.com\/wp-content\/uploads\/2021\/08\/medicale_NEW.jpg\",\"width\":920,\"height\":612,\"caption\":\"Manometer with reducer at hospital\"},{\"@type\":\"BreadcrumbList\",\"@id\":\"https:\/\/elettrotec.com\/es\/aplicaciones\/sector-electromedico\/#breadcrumb\",\"itemListElement\":[{\"@type\":\"ListItem\",\"position\":1,\"name\":\"Home\",\"item\":\"https:\/\/elettrotec.com\/es\/\"},{\"@type\":\"ListItem\",\"position\":2,\"name\":\"Aplicaciones\",\"item\":\"https:\/\/elettrotec.com\/es\/aplicaciones\/\"},{\"@type\":\"ListItem\",\"position\":3,\"name\":\"Sector electromedico\"}]},{\"@type\":\"WebSite\",\"@id\":\"https:\/\/elettrotec.com\/es\/#website\",\"url\":\"https:\/\/elettrotec.com\/es\/\",\"name\":\"Elettrotec\",\"description\":\"Firma il terzo millennio\",\"publisher\":{\"@id\":\"https:\/\/elettrotec.com\/es\/#organization\"},\"potentialAction\":[{\"@type\":\"SearchAction\",\"target\":{\"@type\":\"EntryPoint\",\"urlTemplate\":\"https:\/\/elettrotec.com\/es\/?s={search_term_string}\"},\"query-input\":{\"@type\":\"PropertyValueSpecification\",\"valueRequired\":true,\"valueName\":\"search_term_string\"}}],\"inLanguage\":\"es\"},{\"@type\":\"Organization\",\"@id\":\"https:\/\/elettrotec.com\/es\/#organization\",\"name\":\"Elettrotec\",\"url\":\"https:\/\/elettrotec.com\/es\/\",\"logo\":{\"@type\":\"ImageObject\",\"inLanguage\":\"es\",\"@id\":\"https:\/\/elettrotec.com\/es\/#\/schema\/logo\/image\/\",\"url\":\"https:\/\/elettrotec.com\/wp-content\/uploads\/2023\/02\/logo-en-mail.png\",\"contentUrl\":\"https:\/\/elettrotec.com\/wp-content\/uploads\/2023\/02\/logo-en-mail.png\",\"width\":800,\"height\":254,\"caption\":\"Elettrotec\"},\"image\":{\"@id\":\"https:\/\/elettrotec.com\/es\/#\/schema\/logo\/image\/\"},\"sameAs\":[\"https:\/\/www.linkedin.com\/company\/elettrotec-s-r-l-\/\",\"https:\/\/www.youtube.com\/channel\/UCm1tzdb0uycgBxrIVlnBjFw\"]}]}<\/script>\n<!-- \/ Yoast SEO plugin. -->","yoast_head_json":{"title":"Sector electromedico - Elettrotec","robots":{"index":"index","follow":"follow","max-snippet":"max-snippet:-1","max-image-preview":"max-image-preview:large","max-video-preview":"max-video-preview:-1"},"canonical":"https:\/\/elettrotec.com\/es\/aplicaciones\/sector-electromedico\/","og_locale":"es_ES","og_type":"article","og_title":"Sector electromedico - Elettrotec","og_description":"Elettrotec dise\u00f1a y fabrica dispositivos para medir, controlar y dispensar fluidos para aplicaciones en el sector m\u00e9dico, en particular dispositivos de control de presi\u00f3n para sistemas de distribuci\u00f3n de gas hospitalario (ox\u00edgeno, etc.). La l\u00ednea de productos electrom\u00e9dicos tambi\u00e9n incluye caudal\u00edmetros regulables con v\u00e1lvulas mezcladoras que tienen la funci\u00f3n de monitorizar el suministro de ox\u00edgeno, [&hellip;]","og_site_name":"Elettrotec","article_modified_time":"2022-05-02T12:18:26+00:00","og_image":[{"width":920,"height":612,"url":"https:\/\/elettrotec.com\/wp-content\/uploads\/2021\/08\/medicale_NEW.jpg","type":"image\/jpeg"}],"twitter_card":"summary_large_image","schema":{"@context":"https:\/\/schema.org","@graph":[{"@type":"WebPage","@id":"https:\/\/elettrotec.com\/es\/aplicaciones\/sector-electromedico\/","url":"https:\/\/elettrotec.com\/es\/aplicaciones\/sector-electromedico\/","name":"Sector electromedico - Elettrotec","isPartOf":{"@id":"https:\/\/elettrotec.com\/es\/#website"},"primaryImageOfPage":{"@id":"https:\/\/elettrotec.com\/es\/aplicaciones\/sector-electromedico\/#primaryimage"},"image":{"@id":"https:\/\/elettrotec.com\/es\/aplicaciones\/sector-electromedico\/#primaryimage"},"thumbnailUrl":"https:\/\/elettrotec.com\/wp-content\/uploads\/2021\/08\/medicale_NEW.jpg","datePublished":"2022-05-02T12:16:34+00:00","dateModified":"2022-05-02T12:18:26+00:00","breadcrumb":{"@id":"https:\/\/elettrotec.com\/es\/aplicaciones\/sector-electromedico\/#breadcrumb"},"inLanguage":"es","potentialAction":[{"@type":"ReadAction","target":["https:\/\/elettrotec.com\/es\/aplicaciones\/sector-electromedico\/"]}]},{"@type":"ImageObject","inLanguage":"es","@id":"https:\/\/elettrotec.com\/es\/aplicaciones\/sector-electromedico\/#primaryimage","url":"https:\/\/elettrotec.com\/wp-content\/uploads\/2021\/08\/medicale_NEW.jpg","contentUrl":"https:\/\/elettrotec.com\/wp-content\/uploads\/2021\/08\/medicale_NEW.jpg","width":920,"height":612,"caption":"Manometer with reducer at hospital"},{"@type":"BreadcrumbList","@id":"https:\/\/elettrotec.com\/es\/aplicaciones\/sector-electromedico\/#breadcrumb","itemListElement":[{"@type":"ListItem","position":1,"name":"Home","item":"https:\/\/elettrotec.com\/es\/"},{"@type":"ListItem","position":2,"name":"Aplicaciones","item":"https:\/\/elettrotec.com\/es\/aplicaciones\/"},{"@type":"ListItem","position":3,"name":"Sector electromedico"}]},{"@type":"WebSite","@id":"https:\/\/elettrotec.com\/es\/#website","url":"https:\/\/elettrotec.com\/es\/","name":"Elettrotec","description":"Firma il terzo millennio","publisher":{"@id":"https:\/\/elettrotec.com\/es\/#organization"},"potentialAction":[{"@type":"SearchAction","target":{"@type":"EntryPoint","urlTemplate":"https:\/\/elettrotec.com\/es\/?s={search_term_string}"},"query-input":{"@type":"PropertyValueSpecification","valueRequired":true,"valueName":"search_term_string"}}],"inLanguage":"es"},{"@type":"Organization","@id":"https:\/\/elettrotec.com\/es\/#organization","name":"Elettrotec","url":"https:\/\/elettrotec.com\/es\/","logo":{"@type":"ImageObject","inLanguage":"es","@id":"https:\/\/elettrotec.com\/es\/#\/schema\/logo\/image\/","url":"https:\/\/elettrotec.com\/wp-content\/uploads\/2023\/02\/logo-en-mail.png","contentUrl":"https:\/\/elettrotec.com\/wp-content\/uploads\/2023\/02\/logo-en-mail.png","width":800,"height":254,"caption":"Elettrotec"},"image":{"@id":"https:\/\/elettrotec.com\/es\/#\/schema\/logo\/image\/"},"sameAs":["https:\/\/www.linkedin.com\/company\/elettrotec-s-r-l-\/","https:\/\/www.youtube.com\/channel\/UCm1tzdb0uycgBxrIVlnBjFw"]}]}},"_links":{"self":[{"href":"https:\/\/elettrotec.com\/es\/wp-json\/wp\/v2\/pages\/54921"}],"collection":[{"href":"https:\/\/elettrotec.com\/es\/wp-json\/wp\/v2\/pages"}],"about":[{"href":"https:\/\/elettrotec.com\/es\/wp-json\/wp\/v2\/types\/page"}],"author":[{"embeddable":true,"href":"https:\/\/elettrotec.com\/es\/wp-json\/wp\/v2\/users\/2"}],"replies":[{"embeddable":true,"href":"https:\/\/elettrotec.com\/es\/wp-json\/wp\/v2\/comments?post=54921"}],"version-history":[{"count":2,"href":"https:\/\/elettrotec.com\/es\/wp-json\/wp\/v2\/pages\/54921\/revisions"}],"predecessor-version":[{"id":54924,"href":"https:\/\/elettrotec.com\/es\/wp-json\/wp\/v2\/pages\/54921\/revisions\/54924"}],"up":[{"embeddable":true,"href":"https:\/\/elettrotec.com\/es\/wp-json\/wp\/v2\/pages\/54925"}],"wp:featuredmedia":[{"embeddable":true,"href":"https:\/\/elettrotec.com\/es\/wp-json\/wp\/v2\/media\/54817"}],"wp:attachment":[{"href":"https:\/\/elettrotec.com\/es\/wp-json\/wp\/v2\/media?parent=54921"}],"curies":[{"name":"wp","href":"https:\/\/api.w.org\/{rel}","templated":true}]}}