{"id":54929,"date":"2022-05-02T14:21:40","date_gmt":"2022-05-02T12:21:40","guid":{"rendered":"https:\/\/elettrotec.com\/?page_id=54929"},"modified":"2023-05-15T17:49:10","modified_gmt":"2023-05-15T15:49:10","slug":"lubricacion","status":"publish","type":"page","link":"https:\/\/elettrotec.com\/es\/aplicaciones\/lubricacion\/","title":{"rendered":"Lubricaci\u00f3n"},"content":{"rendered":"<p>En cada unidad de lubricaci\u00f3n, la ca\u00edda de presi\u00f3n es controlada por un presostato que env\u00eda una se\u00f1al de cierre o apertura a la bomba el\u00e9ctrica. Los sistemas de lubricaci\u00f3n est\u00e1n presentes en muchas aplicaciones relacionadas con los sectores agr\u00edcola, automotriz y de m\u00e1quina herramienta, por este motivo, Elettrotec ha desarrollado una amplia gama de productos con caracter\u00edsticas diferenciadas que cumplen con los est\u00e1ndares y par\u00e1metros requeridos por el mercado, gracias a la certificaci\u00f3n sistema de producci\u00f3n UNI EN ISO 9001: 2015.<\/p>\n<p><img loading=\"lazy\" decoding=\"async\" class=\"alignnone size-full wp-image-54730\" src=\"https:\/\/elettrotec.com\/wp-content\/uploads\/2023\/05\/schema-temperatura_OK_x_slider_2023_ESENG.jpg\" alt=\"\" width=\"1786\" height=\"1590\" \/><\/p>\n","protected":false},"excerpt":{"rendered":"<p>En cada unidad de lubricaci\u00f3n, la ca\u00edda de presi\u00f3n es controlada por un presostato que env\u00eda una se\u00f1al de cierre o apertura a la bomba el\u00e9ctrica. Los sistemas de lubricaci\u00f3n est\u00e1n presentes en muchas aplicaciones relacionadas con los sectores agr\u00edcola, automotriz y de m\u00e1quina herramienta, por este motivo, Elettrotec ha desarrollado una amplia gama de [&hellip;]<\/p>\n","protected":false},"author":2,"featured_media":54387,"parent":54925,"menu_order":18,"comment_status":"closed","ping_status":"closed","template":"page-fullwidth.php","meta":{"_acf_changed":false,"footnotes":""},"acf":[],"yoast_head":"<!-- This site is optimized with the Yoast SEO plugin v24.3 - https:\/\/yoast.com\/wordpress\/plugins\/seo\/ -->\n<title>Lubricaci\u00f3n - Elettrotec<\/title>\n<meta name=\"robots\" content=\"index, follow, max-snippet:-1, max-image-preview:large, max-video-preview:-1\" \/>\n<link rel=\"canonical\" href=\"https:\/\/elettrotec.com\/es\/aplicaciones\/lubricacion\/\" \/>\n<meta property=\"og:locale\" content=\"es_ES\" \/>\n<meta property=\"og:type\" content=\"article\" \/>\n<meta property=\"og:title\" content=\"Lubricaci\u00f3n - Elettrotec\" \/>\n<meta property=\"og:description\" content=\"En cada unidad de lubricaci\u00f3n, la ca\u00edda de presi\u00f3n es controlada por un presostato que env\u00eda una se\u00f1al de cierre o apertura a la bomba el\u00e9ctrica. Los sistemas de lubricaci\u00f3n est\u00e1n presentes en muchas aplicaciones relacionadas con los sectores agr\u00edcola, automotriz y de m\u00e1quina herramienta, por este motivo, Elettrotec ha desarrollado una amplia gama de [&hellip;]\" \/>\n<meta property=\"og:site_name\" content=\"Elettrotec\" \/>\n<meta property=\"article:modified_time\" content=\"2023-05-15T15:49:10+00:00\" \/>\n<meta property=\"og:image\" content=\"https:\/\/elettrotec.com\/wp-content\/uploads\/2020\/12\/LUBRIFICAZIONE_ALTA_2.jpg\" \/>\n\t<meta property=\"og:image:width\" content=\"1859\" \/>\n\t<meta property=\"og:image:height\" content=\"1244\" \/>\n\t<meta property=\"og:image:type\" content=\"image\/jpeg\" \/>\n<meta name=\"twitter:card\" content=\"summary_large_image\" \/>\n<meta name=\"twitter:label1\" content=\"Tiempo de lectura\" \/>\n\t<meta name=\"twitter:data1\" content=\"1 minuto\" \/>\n<script type=\"application\/ld+json\" class=\"yoast-schema-graph\">{\"@context\":\"https:\/\/schema.org\",\"@graph\":[{\"@type\":\"WebPage\",\"@id\":\"https:\/\/elettrotec.com\/es\/aplicaciones\/lubricacion\/\",\"url\":\"https:\/\/elettrotec.com\/es\/aplicaciones\/lubricacion\/\",\"name\":\"Lubricaci\u00f3n - Elettrotec\",\"isPartOf\":{\"@id\":\"https:\/\/elettrotec.com\/es\/#website\"},\"primaryImageOfPage\":{\"@id\":\"https:\/\/elettrotec.com\/es\/aplicaciones\/lubricacion\/#primaryimage\"},\"image\":{\"@id\":\"https:\/\/elettrotec.com\/es\/aplicaciones\/lubricacion\/#primaryimage\"},\"thumbnailUrl\":\"https:\/\/elettrotec.com\/wp-content\/uploads\/2020\/12\/LUBRIFICAZIONE_ALTA_2.jpg\",\"datePublished\":\"2022-05-02T12:21:40+00:00\",\"dateModified\":\"2023-05-15T15:49:10+00:00\",\"breadcrumb\":{\"@id\":\"https:\/\/elettrotec.com\/es\/aplicaciones\/lubricacion\/#breadcrumb\"},\"inLanguage\":\"es\",\"potentialAction\":[{\"@type\":\"ReadAction\",\"target\":[\"https:\/\/elettrotec.com\/es\/aplicaciones\/lubricacion\/\"]}]},{\"@type\":\"ImageObject\",\"inLanguage\":\"es\",\"@id\":\"https:\/\/elettrotec.com\/es\/aplicaciones\/lubricacion\/#primaryimage\",\"url\":\"https:\/\/elettrotec.com\/wp-content\/uploads\/2020\/12\/LUBRIFICAZIONE_ALTA_2.jpg\",\"contentUrl\":\"https:\/\/elettrotec.com\/wp-content\/uploads\/2020\/12\/LUBRIFICAZIONE_ALTA_2.jpg\",\"width\":1859,\"height\":1237,\"caption\":\"Controllo dei fluidi nel settore Lubrificazione\"},{\"@type\":\"BreadcrumbList\",\"@id\":\"https:\/\/elettrotec.com\/es\/aplicaciones\/lubricacion\/#breadcrumb\",\"itemListElement\":[{\"@type\":\"ListItem\",\"position\":1,\"name\":\"Home\",\"item\":\"https:\/\/elettrotec.com\/es\/\"},{\"@type\":\"ListItem\",\"position\":2,\"name\":\"Aplicaciones\",\"item\":\"https:\/\/elettrotec.com\/es\/aplicaciones\/\"},{\"@type\":\"ListItem\",\"position\":3,\"name\":\"Lubricaci\u00f3n\"}]},{\"@type\":\"WebSite\",\"@id\":\"https:\/\/elettrotec.com\/es\/#website\",\"url\":\"https:\/\/elettrotec.com\/es\/\",\"name\":\"Elettrotec\",\"description\":\"Firma il terzo millennio\",\"publisher\":{\"@id\":\"https:\/\/elettrotec.com\/es\/#organization\"},\"potentialAction\":[{\"@type\":\"SearchAction\",\"target\":{\"@type\":\"EntryPoint\",\"urlTemplate\":\"https:\/\/elettrotec.com\/es\/?s={search_term_string}\"},\"query-input\":{\"@type\":\"PropertyValueSpecification\",\"valueRequired\":true,\"valueName\":\"search_term_string\"}}],\"inLanguage\":\"es\"},{\"@type\":\"Organization\",\"@id\":\"https:\/\/elettrotec.com\/es\/#organization\",\"name\":\"Elettrotec\",\"url\":\"https:\/\/elettrotec.com\/es\/\",\"logo\":{\"@type\":\"ImageObject\",\"inLanguage\":\"es\",\"@id\":\"https:\/\/elettrotec.com\/es\/#\/schema\/logo\/image\/\",\"url\":\"https:\/\/elettrotec.com\/wp-content\/uploads\/2023\/02\/logo-en-mail.png\",\"contentUrl\":\"https:\/\/elettrotec.com\/wp-content\/uploads\/2023\/02\/logo-en-mail.png\",\"width\":800,\"height\":254,\"caption\":\"Elettrotec\"},\"image\":{\"@id\":\"https:\/\/elettrotec.com\/es\/#\/schema\/logo\/image\/\"},\"sameAs\":[\"https:\/\/www.linkedin.com\/company\/elettrotec-s-r-l-\/\",\"https:\/\/www.youtube.com\/channel\/UCm1tzdb0uycgBxrIVlnBjFw\"]}]}<\/script>\n<!-- \/ Yoast SEO plugin. -->","yoast_head_json":{"title":"Lubricaci\u00f3n - Elettrotec","robots":{"index":"index","follow":"follow","max-snippet":"max-snippet:-1","max-image-preview":"max-image-preview:large","max-video-preview":"max-video-preview:-1"},"canonical":"https:\/\/elettrotec.com\/es\/aplicaciones\/lubricacion\/","og_locale":"es_ES","og_type":"article","og_title":"Lubricaci\u00f3n - Elettrotec","og_description":"En cada unidad de lubricaci\u00f3n, la ca\u00edda de presi\u00f3n es controlada por un presostato que env\u00eda una se\u00f1al de cierre o apertura a la bomba el\u00e9ctrica. Los sistemas de lubricaci\u00f3n est\u00e1n presentes en muchas aplicaciones relacionadas con los sectores agr\u00edcola, automotriz y de m\u00e1quina herramienta, por este motivo, Elettrotec ha desarrollado una amplia gama de [&hellip;]","og_site_name":"Elettrotec","article_modified_time":"2023-05-15T15:49:10+00:00","og_image":[{"width":1859,"height":1244,"url":"https:\/\/elettrotec.com\/wp-content\/uploads\/2020\/12\/LUBRIFICAZIONE_ALTA_2.jpg","type":"image\/jpeg"}],"twitter_card":"summary_large_image","twitter_misc":{"Tiempo de lectura":"1 minuto"},"schema":{"@context":"https:\/\/schema.org","@graph":[{"@type":"WebPage","@id":"https:\/\/elettrotec.com\/es\/aplicaciones\/lubricacion\/","url":"https:\/\/elettrotec.com\/es\/aplicaciones\/lubricacion\/","name":"Lubricaci\u00f3n - Elettrotec","isPartOf":{"@id":"https:\/\/elettrotec.com\/es\/#website"},"primaryImageOfPage":{"@id":"https:\/\/elettrotec.com\/es\/aplicaciones\/lubricacion\/#primaryimage"},"image":{"@id":"https:\/\/elettrotec.com\/es\/aplicaciones\/lubricacion\/#primaryimage"},"thumbnailUrl":"https:\/\/elettrotec.com\/wp-content\/uploads\/2020\/12\/LUBRIFICAZIONE_ALTA_2.jpg","datePublished":"2022-05-02T12:21:40+00:00","dateModified":"2023-05-15T15:49:10+00:00","breadcrumb":{"@id":"https:\/\/elettrotec.com\/es\/aplicaciones\/lubricacion\/#breadcrumb"},"inLanguage":"es","potentialAction":[{"@type":"ReadAction","target":["https:\/\/elettrotec.com\/es\/aplicaciones\/lubricacion\/"]}]},{"@type":"ImageObject","inLanguage":"es","@id":"https:\/\/elettrotec.com\/es\/aplicaciones\/lubricacion\/#primaryimage","url":"https:\/\/elettrotec.com\/wp-content\/uploads\/2020\/12\/LUBRIFICAZIONE_ALTA_2.jpg","contentUrl":"https:\/\/elettrotec.com\/wp-content\/uploads\/2020\/12\/LUBRIFICAZIONE_ALTA_2.jpg","width":1859,"height":1237,"caption":"Controllo dei fluidi nel settore Lubrificazione"},{"@type":"BreadcrumbList","@id":"https:\/\/elettrotec.com\/es\/aplicaciones\/lubricacion\/#breadcrumb","itemListElement":[{"@type":"ListItem","position":1,"name":"Home","item":"https:\/\/elettrotec.com\/es\/"},{"@type":"ListItem","position":2,"name":"Aplicaciones","item":"https:\/\/elettrotec.com\/es\/aplicaciones\/"},{"@type":"ListItem","position":3,"name":"Lubricaci\u00f3n"}]},{"@type":"WebSite","@id":"https:\/\/elettrotec.com\/es\/#website","url":"https:\/\/elettrotec.com\/es\/","name":"Elettrotec","description":"Firma il terzo millennio","publisher":{"@id":"https:\/\/elettrotec.com\/es\/#organization"},"potentialAction":[{"@type":"SearchAction","target":{"@type":"EntryPoint","urlTemplate":"https:\/\/elettrotec.com\/es\/?s={search_term_string}"},"query-input":{"@type":"PropertyValueSpecification","valueRequired":true,"valueName":"search_term_string"}}],"inLanguage":"es"},{"@type":"Organization","@id":"https:\/\/elettrotec.com\/es\/#organization","name":"Elettrotec","url":"https:\/\/elettrotec.com\/es\/","logo":{"@type":"ImageObject","inLanguage":"es","@id":"https:\/\/elettrotec.com\/es\/#\/schema\/logo\/image\/","url":"https:\/\/elettrotec.com\/wp-content\/uploads\/2023\/02\/logo-en-mail.png","contentUrl":"https:\/\/elettrotec.com\/wp-content\/uploads\/2023\/02\/logo-en-mail.png","width":800,"height":254,"caption":"Elettrotec"},"image":{"@id":"https:\/\/elettrotec.com\/es\/#\/schema\/logo\/image\/"},"sameAs":["https:\/\/www.linkedin.com\/company\/elettrotec-s-r-l-\/","https:\/\/www.youtube.com\/channel\/UCm1tzdb0uycgBxrIVlnBjFw"]}]}},"_links":{"self":[{"href":"https:\/\/elettrotec.com\/es\/wp-json\/wp\/v2\/pages\/54929"}],"collection":[{"href":"https:\/\/elettrotec.com\/es\/wp-json\/wp\/v2\/pages"}],"about":[{"href":"https:\/\/elettrotec.com\/es\/wp-json\/wp\/v2\/types\/page"}],"author":[{"embeddable":true,"href":"https:\/\/elettrotec.com\/es\/wp-json\/wp\/v2\/users\/2"}],"replies":[{"embeddable":true,"href":"https:\/\/elettrotec.com\/es\/wp-json\/wp\/v2\/comments?post=54929"}],"version-history":[{"count":7,"href":"https:\/\/elettrotec.com\/es\/wp-json\/wp\/v2\/pages\/54929\/revisions"}],"predecessor-version":[{"id":66361,"href":"https:\/\/elettrotec.com\/es\/wp-json\/wp\/v2\/pages\/54929\/revisions\/66361"}],"up":[{"embeddable":true,"href":"https:\/\/elettrotec.com\/es\/wp-json\/wp\/v2\/pages\/54925"}],"wp:featuredmedia":[{"embeddable":true,"href":"https:\/\/elettrotec.com\/es\/wp-json\/wp\/v2\/media\/54387"}],"wp:attachment":[{"href":"https:\/\/elettrotec.com\/es\/wp-json\/wp\/v2\/media?parent=54929"}],"curies":[{"name":"wp","href":"https:\/\/api.w.org\/{rel}","templated":true}]}}