{"id":54940,"date":"2022-05-02T14:52:49","date_gmt":"2022-05-02T12:52:49","guid":{"rendered":"https:\/\/elettrotec.com\/?page_id=54940"},"modified":"2023-05-15T17:50:43","modified_gmt":"2023-05-15T15:50:43","slug":"energias-renovables","status":"publish","type":"page","link":"https:\/\/elettrotec.com\/es\/aplicaciones\/energias-renovables\/","title":{"rendered":"Energ\u00edas renovables"},"content":{"rendered":"<p>Los productos Elettrotec se utilizan en las plantas de producci\u00f3n de energ\u00eda renovable m\u00e1s avanzadas; Donde sea que se requiera control de temperatura y presi\u00f3n, como en plantas fotovoltaicas o e\u00f3licas, Elettrotec ofrece una amplia gama de productos esenciales para el monitoreo y operaci\u00f3n de sistemas de producci\u00f3n de energ\u00eda verde.<br \/>\nNuestros dispositivos de control tambi\u00e9n est\u00e1n involucrados en aplicaciones como plantas de producci\u00f3n de biog\u00e1s, y por tanto en la detecci\u00f3n de presi\u00f3n y nivel en la fase de digesti\u00f3n anaer\u00f3bica de la materia org\u00e1nica.<\/p>\n<p><img loading=\"lazy\" decoding=\"async\" src=\"https:\/\/elettrotec.com\/wp-content\/uploads\/2023\/05\/schema-livello_OK_x_slider_2023_ESENG.jpg\" alt=\"\" width=\"1786\" height=\"1590\" class=\"alignnone size-full wp-image-54739\" \/><\/p>\n","protected":false},"excerpt":{"rendered":"<p>Los productos Elettrotec se utilizan en las plantas de producci\u00f3n de energ\u00eda renovable m\u00e1s avanzadas; Donde sea que se requiera control de temperatura y presi\u00f3n, como en plantas fotovoltaicas o e\u00f3licas, Elettrotec ofrece una amplia gama de productos esenciales para el monitoreo y operaci\u00f3n de sistemas de producci\u00f3n de energ\u00eda verde. Nuestros dispositivos de control [&hellip;]<\/p>\n","protected":false},"author":2,"featured_media":54446,"parent":54925,"menu_order":23,"comment_status":"closed","ping_status":"closed","template":"page-fullwidth.php","meta":{"_acf_changed":false,"footnotes":""},"acf":[],"yoast_head":"<!-- This site is optimized with the Yoast SEO plugin v24.3 - https:\/\/yoast.com\/wordpress\/plugins\/seo\/ -->\n<title>Energ\u00edas renovables - Elettrotec<\/title>\n<meta name=\"robots\" content=\"index, follow, max-snippet:-1, max-image-preview:large, max-video-preview:-1\" \/>\n<link rel=\"canonical\" href=\"https:\/\/elettrotec.com\/es\/aplicaciones\/energias-renovables\/\" \/>\n<meta property=\"og:locale\" content=\"es_ES\" \/>\n<meta property=\"og:type\" content=\"article\" \/>\n<meta property=\"og:title\" content=\"Energ\u00edas renovables - Elettrotec\" \/>\n<meta property=\"og:description\" content=\"Los productos Elettrotec se utilizan en las plantas de producci\u00f3n de energ\u00eda renovable m\u00e1s avanzadas; Donde sea que se requiera control de temperatura y presi\u00f3n, como en plantas fotovoltaicas o e\u00f3licas, Elettrotec ofrece una amplia gama de productos esenciales para el monitoreo y operaci\u00f3n de sistemas de producci\u00f3n de energ\u00eda verde. Nuestros dispositivos de control [&hellip;]\" \/>\n<meta property=\"og:site_name\" content=\"Elettrotec\" \/>\n<meta property=\"article:modified_time\" content=\"2023-05-15T15:50:43+00:00\" \/>\n<meta property=\"og:image\" content=\"https:\/\/elettrotec.com\/wp-content\/uploads\/2020\/12\/RINNOVABILI_ALTA_2.jpg\" \/>\n\t<meta property=\"og:image:width\" content=\"1024\" \/>\n\t<meta property=\"og:image:height\" content=\"883\" \/>\n\t<meta property=\"og:image:type\" content=\"image\/jpeg\" \/>\n<meta name=\"twitter:card\" content=\"summary_large_image\" \/>\n<meta name=\"twitter:label1\" content=\"Tiempo de lectura\" \/>\n\t<meta name=\"twitter:data1\" content=\"1 minuto\" \/>\n<script type=\"application\/ld+json\" class=\"yoast-schema-graph\">{\"@context\":\"https:\/\/schema.org\",\"@graph\":[{\"@type\":\"WebPage\",\"@id\":\"https:\/\/elettrotec.com\/es\/aplicaciones\/energias-renovables\/\",\"url\":\"https:\/\/elettrotec.com\/es\/aplicaciones\/energias-renovables\/\",\"name\":\"Energ\u00edas renovables - Elettrotec\",\"isPartOf\":{\"@id\":\"https:\/\/elettrotec.com\/es\/#website\"},\"primaryImageOfPage\":{\"@id\":\"https:\/\/elettrotec.com\/es\/aplicaciones\/energias-renovables\/#primaryimage\"},\"image\":{\"@id\":\"https:\/\/elettrotec.com\/es\/aplicaciones\/energias-renovables\/#primaryimage\"},\"thumbnailUrl\":\"https:\/\/elettrotec.com\/wp-content\/uploads\/2020\/12\/RINNOVABILI_ALTA_2.jpg\",\"datePublished\":\"2022-05-02T12:52:49+00:00\",\"dateModified\":\"2023-05-15T15:50:43+00:00\",\"breadcrumb\":{\"@id\":\"https:\/\/elettrotec.com\/es\/aplicaciones\/energias-renovables\/#breadcrumb\"},\"inLanguage\":\"es\",\"potentialAction\":[{\"@type\":\"ReadAction\",\"target\":[\"https:\/\/elettrotec.com\/es\/aplicaciones\/energias-renovables\/\"]}]},{\"@type\":\"ImageObject\",\"inLanguage\":\"es\",\"@id\":\"https:\/\/elettrotec.com\/es\/aplicaciones\/energias-renovables\/#primaryimage\",\"url\":\"https:\/\/elettrotec.com\/wp-content\/uploads\/2020\/12\/RINNOVABILI_ALTA_2.jpg\",\"contentUrl\":\"https:\/\/elettrotec.com\/wp-content\/uploads\/2020\/12\/RINNOVABILI_ALTA_2.jpg\",\"width\":1024,\"height\":883,\"caption\":\"Controllo fluidi idraulici per settore Energie rinnovabili\"},{\"@type\":\"BreadcrumbList\",\"@id\":\"https:\/\/elettrotec.com\/es\/aplicaciones\/energias-renovables\/#breadcrumb\",\"itemListElement\":[{\"@type\":\"ListItem\",\"position\":1,\"name\":\"Home\",\"item\":\"https:\/\/elettrotec.com\/es\/\"},{\"@type\":\"ListItem\",\"position\":2,\"name\":\"Aplicaciones\",\"item\":\"https:\/\/elettrotec.com\/es\/aplicaciones\/\"},{\"@type\":\"ListItem\",\"position\":3,\"name\":\"Energ\u00edas renovables\"}]},{\"@type\":\"WebSite\",\"@id\":\"https:\/\/elettrotec.com\/es\/#website\",\"url\":\"https:\/\/elettrotec.com\/es\/\",\"name\":\"Elettrotec\",\"description\":\"Firma il terzo millennio\",\"publisher\":{\"@id\":\"https:\/\/elettrotec.com\/es\/#organization\"},\"potentialAction\":[{\"@type\":\"SearchAction\",\"target\":{\"@type\":\"EntryPoint\",\"urlTemplate\":\"https:\/\/elettrotec.com\/es\/?s={search_term_string}\"},\"query-input\":{\"@type\":\"PropertyValueSpecification\",\"valueRequired\":true,\"valueName\":\"search_term_string\"}}],\"inLanguage\":\"es\"},{\"@type\":\"Organization\",\"@id\":\"https:\/\/elettrotec.com\/es\/#organization\",\"name\":\"Elettrotec\",\"url\":\"https:\/\/elettrotec.com\/es\/\",\"logo\":{\"@type\":\"ImageObject\",\"inLanguage\":\"es\",\"@id\":\"https:\/\/elettrotec.com\/es\/#\/schema\/logo\/image\/\",\"url\":\"https:\/\/elettrotec.com\/wp-content\/uploads\/2023\/02\/logo-en-mail.png\",\"contentUrl\":\"https:\/\/elettrotec.com\/wp-content\/uploads\/2023\/02\/logo-en-mail.png\",\"width\":800,\"height\":254,\"caption\":\"Elettrotec\"},\"image\":{\"@id\":\"https:\/\/elettrotec.com\/es\/#\/schema\/logo\/image\/\"},\"sameAs\":[\"https:\/\/www.linkedin.com\/company\/elettrotec-s-r-l-\/\",\"https:\/\/www.youtube.com\/channel\/UCm1tzdb0uycgBxrIVlnBjFw\"]}]}<\/script>\n<!-- \/ Yoast SEO plugin. -->","yoast_head_json":{"title":"Energ\u00edas renovables - Elettrotec","robots":{"index":"index","follow":"follow","max-snippet":"max-snippet:-1","max-image-preview":"max-image-preview:large","max-video-preview":"max-video-preview:-1"},"canonical":"https:\/\/elettrotec.com\/es\/aplicaciones\/energias-renovables\/","og_locale":"es_ES","og_type":"article","og_title":"Energ\u00edas renovables - Elettrotec","og_description":"Los productos Elettrotec se utilizan en las plantas de producci\u00f3n de energ\u00eda renovable m\u00e1s avanzadas; Donde sea que se requiera control de temperatura y presi\u00f3n, como en plantas fotovoltaicas o e\u00f3licas, Elettrotec ofrece una amplia gama de productos esenciales para el monitoreo y operaci\u00f3n de sistemas de producci\u00f3n de energ\u00eda verde. Nuestros dispositivos de control [&hellip;]","og_site_name":"Elettrotec","article_modified_time":"2023-05-15T15:50:43+00:00","og_image":[{"width":1024,"height":883,"url":"https:\/\/elettrotec.com\/wp-content\/uploads\/2020\/12\/RINNOVABILI_ALTA_2.jpg","type":"image\/jpeg"}],"twitter_card":"summary_large_image","twitter_misc":{"Tiempo de lectura":"1 minuto"},"schema":{"@context":"https:\/\/schema.org","@graph":[{"@type":"WebPage","@id":"https:\/\/elettrotec.com\/es\/aplicaciones\/energias-renovables\/","url":"https:\/\/elettrotec.com\/es\/aplicaciones\/energias-renovables\/","name":"Energ\u00edas renovables - Elettrotec","isPartOf":{"@id":"https:\/\/elettrotec.com\/es\/#website"},"primaryImageOfPage":{"@id":"https:\/\/elettrotec.com\/es\/aplicaciones\/energias-renovables\/#primaryimage"},"image":{"@id":"https:\/\/elettrotec.com\/es\/aplicaciones\/energias-renovables\/#primaryimage"},"thumbnailUrl":"https:\/\/elettrotec.com\/wp-content\/uploads\/2020\/12\/RINNOVABILI_ALTA_2.jpg","datePublished":"2022-05-02T12:52:49+00:00","dateModified":"2023-05-15T15:50:43+00:00","breadcrumb":{"@id":"https:\/\/elettrotec.com\/es\/aplicaciones\/energias-renovables\/#breadcrumb"},"inLanguage":"es","potentialAction":[{"@type":"ReadAction","target":["https:\/\/elettrotec.com\/es\/aplicaciones\/energias-renovables\/"]}]},{"@type":"ImageObject","inLanguage":"es","@id":"https:\/\/elettrotec.com\/es\/aplicaciones\/energias-renovables\/#primaryimage","url":"https:\/\/elettrotec.com\/wp-content\/uploads\/2020\/12\/RINNOVABILI_ALTA_2.jpg","contentUrl":"https:\/\/elettrotec.com\/wp-content\/uploads\/2020\/12\/RINNOVABILI_ALTA_2.jpg","width":1024,"height":883,"caption":"Controllo fluidi idraulici per settore Energie rinnovabili"},{"@type":"BreadcrumbList","@id":"https:\/\/elettrotec.com\/es\/aplicaciones\/energias-renovables\/#breadcrumb","itemListElement":[{"@type":"ListItem","position":1,"name":"Home","item":"https:\/\/elettrotec.com\/es\/"},{"@type":"ListItem","position":2,"name":"Aplicaciones","item":"https:\/\/elettrotec.com\/es\/aplicaciones\/"},{"@type":"ListItem","position":3,"name":"Energ\u00edas renovables"}]},{"@type":"WebSite","@id":"https:\/\/elettrotec.com\/es\/#website","url":"https:\/\/elettrotec.com\/es\/","name":"Elettrotec","description":"Firma il terzo millennio","publisher":{"@id":"https:\/\/elettrotec.com\/es\/#organization"},"potentialAction":[{"@type":"SearchAction","target":{"@type":"EntryPoint","urlTemplate":"https:\/\/elettrotec.com\/es\/?s={search_term_string}"},"query-input":{"@type":"PropertyValueSpecification","valueRequired":true,"valueName":"search_term_string"}}],"inLanguage":"es"},{"@type":"Organization","@id":"https:\/\/elettrotec.com\/es\/#organization","name":"Elettrotec","url":"https:\/\/elettrotec.com\/es\/","logo":{"@type":"ImageObject","inLanguage":"es","@id":"https:\/\/elettrotec.com\/es\/#\/schema\/logo\/image\/","url":"https:\/\/elettrotec.com\/wp-content\/uploads\/2023\/02\/logo-en-mail.png","contentUrl":"https:\/\/elettrotec.com\/wp-content\/uploads\/2023\/02\/logo-en-mail.png","width":800,"height":254,"caption":"Elettrotec"},"image":{"@id":"https:\/\/elettrotec.com\/es\/#\/schema\/logo\/image\/"},"sameAs":["https:\/\/www.linkedin.com\/company\/elettrotec-s-r-l-\/","https:\/\/www.youtube.com\/channel\/UCm1tzdb0uycgBxrIVlnBjFw"]}]}},"_links":{"self":[{"href":"https:\/\/elettrotec.com\/es\/wp-json\/wp\/v2\/pages\/54940"}],"collection":[{"href":"https:\/\/elettrotec.com\/es\/wp-json\/wp\/v2\/pages"}],"about":[{"href":"https:\/\/elettrotec.com\/es\/wp-json\/wp\/v2\/types\/page"}],"author":[{"embeddable":true,"href":"https:\/\/elettrotec.com\/es\/wp-json\/wp\/v2\/users\/2"}],"replies":[{"embeddable":true,"href":"https:\/\/elettrotec.com\/es\/wp-json\/wp\/v2\/comments?post=54940"}],"version-history":[{"count":4,"href":"https:\/\/elettrotec.com\/es\/wp-json\/wp\/v2\/pages\/54940\/revisions"}],"predecessor-version":[{"id":66363,"href":"https:\/\/elettrotec.com\/es\/wp-json\/wp\/v2\/pages\/54940\/revisions\/66363"}],"up":[{"embeddable":true,"href":"https:\/\/elettrotec.com\/es\/wp-json\/wp\/v2\/pages\/54925"}],"wp:featuredmedia":[{"embeddable":true,"href":"https:\/\/elettrotec.com\/es\/wp-json\/wp\/v2\/media\/54446"}],"wp:attachment":[{"href":"https:\/\/elettrotec.com\/es\/wp-json\/wp\/v2\/media?parent=54940"}],"curies":[{"name":"wp","href":"https:\/\/api.w.org\/{rel}","templated":true}]}}