{"id":54945,"date":"2022-05-02T14:54:35","date_gmt":"2022-05-02T12:54:35","guid":{"rendered":"https:\/\/elettrotec.com\/?page_id=54945"},"modified":"2023-05-15T17:49:56","modified_gmt":"2023-05-15T15:49:56","slug":"refrigeracion-y-calefaccion","status":"publish","type":"page","link":"https:\/\/elettrotec.com\/es\/aplicaciones\/refrigeracion-y-calefaccion\/","title":{"rendered":"Refrigeracion y calefaccion"},"content":{"rendered":"<p>En los circuitos de refrigeraci\u00f3n y calefacci\u00f3n es fundamental que se controlen los par\u00e1metros termodin\u00e1micos. Los productos Elettrotec garantizan un funcionamiento eficiente y confiable de los equipos, evitando riesgos por variaciones excesivas de estas condiciones.<\/p>\n<p><img loading=\"lazy\" decoding=\"async\" src=\"https:\/\/elettrotec.com\/wp-content\/uploads\/2023\/05\/schema-flusso_OK_x_slider_2023_ESENG.jpg\" alt=\"\" width=\"1786\" height=\"1590\" class=\"alignnone size-full wp-image-54734\" \/><\/p>\n","protected":false},"excerpt":{"rendered":"<p>En los circuitos de refrigeraci\u00f3n y calefacci\u00f3n es fundamental que se controlen los par\u00e1metros termodin\u00e1micos. Los productos Elettrotec garantizan un funcionamiento eficiente y confiable de los equipos, evitando riesgos por variaciones excesivas de estas condiciones.<\/p>\n","protected":false},"author":2,"featured_media":54401,"parent":54925,"menu_order":19,"comment_status":"closed","ping_status":"closed","template":"page-fullwidth.php","meta":{"_acf_changed":false,"footnotes":""},"acf":[],"yoast_head":"<!-- This site is optimized with the Yoast SEO plugin v24.3 - https:\/\/yoast.com\/wordpress\/plugins\/seo\/ -->\n<title>Refrigeracion y calefaccion - Elettrotec<\/title>\n<meta name=\"robots\" content=\"index, follow, max-snippet:-1, max-image-preview:large, max-video-preview:-1\" \/>\n<link rel=\"canonical\" href=\"https:\/\/elettrotec.com\/es\/aplicaciones\/refrigeracion-y-calefaccion\/\" \/>\n<meta property=\"og:locale\" content=\"es_ES\" \/>\n<meta property=\"og:type\" content=\"article\" \/>\n<meta property=\"og:title\" content=\"Refrigeracion y calefaccion - Elettrotec\" \/>\n<meta property=\"og:description\" content=\"En los circuitos de refrigeraci\u00f3n y calefacci\u00f3n es fundamental que se controlen los par\u00e1metros termodin\u00e1micos. Los productos Elettrotec garantizan un funcionamiento eficiente y confiable de los equipos, evitando riesgos por variaciones excesivas de estas condiciones.\" \/>\n<meta property=\"og:site_name\" content=\"Elettrotec\" \/>\n<meta property=\"article:modified_time\" content=\"2023-05-15T15:49:56+00:00\" \/>\n<meta property=\"og:image\" content=\"https:\/\/elettrotec.com\/wp-content\/uploads\/2020\/12\/REFRIGERAZIONE_RISCALDAMENTO_ALTA-1110x740.jpg\" \/>\n\t<meta property=\"og:image:width\" content=\"1110\" \/>\n\t<meta property=\"og:image:height\" content=\"740\" \/>\n\t<meta property=\"og:image:type\" content=\"image\/jpeg\" \/>\n<meta name=\"twitter:card\" content=\"summary_large_image\" \/>\n<meta name=\"twitter:label1\" content=\"Tiempo de lectura\" \/>\n\t<meta name=\"twitter:data1\" content=\"1 minuto\" \/>\n<script type=\"application\/ld+json\" class=\"yoast-schema-graph\">{\"@context\":\"https:\/\/schema.org\",\"@graph\":[{\"@type\":\"WebPage\",\"@id\":\"https:\/\/elettrotec.com\/es\/aplicaciones\/refrigeracion-y-calefaccion\/\",\"url\":\"https:\/\/elettrotec.com\/es\/aplicaciones\/refrigeracion-y-calefaccion\/\",\"name\":\"Refrigeracion y calefaccion - Elettrotec\",\"isPartOf\":{\"@id\":\"https:\/\/elettrotec.com\/es\/#website\"},\"primaryImageOfPage\":{\"@id\":\"https:\/\/elettrotec.com\/es\/aplicaciones\/refrigeracion-y-calefaccion\/#primaryimage\"},\"image\":{\"@id\":\"https:\/\/elettrotec.com\/es\/aplicaciones\/refrigeracion-y-calefaccion\/#primaryimage\"},\"thumbnailUrl\":\"https:\/\/elettrotec.com\/wp-content\/uploads\/2020\/12\/REFRIGERAZIONE_RISCALDAMENTO_ALTA.jpg\",\"datePublished\":\"2022-05-02T12:54:35+00:00\",\"dateModified\":\"2023-05-15T15:49:56+00:00\",\"breadcrumb\":{\"@id\":\"https:\/\/elettrotec.com\/es\/aplicaciones\/refrigeracion-y-calefaccion\/#breadcrumb\"},\"inLanguage\":\"es\",\"potentialAction\":[{\"@type\":\"ReadAction\",\"target\":[\"https:\/\/elettrotec.com\/es\/aplicaciones\/refrigeracion-y-calefaccion\/\"]}]},{\"@type\":\"ImageObject\",\"inLanguage\":\"es\",\"@id\":\"https:\/\/elettrotec.com\/es\/aplicaciones\/refrigeracion-y-calefaccion\/#primaryimage\",\"url\":\"https:\/\/elettrotec.com\/wp-content\/uploads\/2020\/12\/REFRIGERAZIONE_RISCALDAMENTO_ALTA.jpg\",\"contentUrl\":\"https:\/\/elettrotec.com\/wp-content\/uploads\/2020\/12\/REFRIGERAZIONE_RISCALDAMENTO_ALTA.jpg\",\"width\":2400,\"height\":1600,\"caption\":\"Controllo fluidi per Refrigerazione e riscaldamento\"},{\"@type\":\"BreadcrumbList\",\"@id\":\"https:\/\/elettrotec.com\/es\/aplicaciones\/refrigeracion-y-calefaccion\/#breadcrumb\",\"itemListElement\":[{\"@type\":\"ListItem\",\"position\":1,\"name\":\"Home\",\"item\":\"https:\/\/elettrotec.com\/es\/\"},{\"@type\":\"ListItem\",\"position\":2,\"name\":\"Aplicaciones\",\"item\":\"https:\/\/elettrotec.com\/es\/aplicaciones\/\"},{\"@type\":\"ListItem\",\"position\":3,\"name\":\"Refrigeracion y calefaccion\"}]},{\"@type\":\"WebSite\",\"@id\":\"https:\/\/elettrotec.com\/es\/#website\",\"url\":\"https:\/\/elettrotec.com\/es\/\",\"name\":\"Elettrotec\",\"description\":\"Firma il terzo millennio\",\"publisher\":{\"@id\":\"https:\/\/elettrotec.com\/es\/#organization\"},\"potentialAction\":[{\"@type\":\"SearchAction\",\"target\":{\"@type\":\"EntryPoint\",\"urlTemplate\":\"https:\/\/elettrotec.com\/es\/?s={search_term_string}\"},\"query-input\":{\"@type\":\"PropertyValueSpecification\",\"valueRequired\":true,\"valueName\":\"search_term_string\"}}],\"inLanguage\":\"es\"},{\"@type\":\"Organization\",\"@id\":\"https:\/\/elettrotec.com\/es\/#organization\",\"name\":\"Elettrotec\",\"url\":\"https:\/\/elettrotec.com\/es\/\",\"logo\":{\"@type\":\"ImageObject\",\"inLanguage\":\"es\",\"@id\":\"https:\/\/elettrotec.com\/es\/#\/schema\/logo\/image\/\",\"url\":\"https:\/\/elettrotec.com\/wp-content\/uploads\/2023\/02\/logo-en-mail.png\",\"contentUrl\":\"https:\/\/elettrotec.com\/wp-content\/uploads\/2023\/02\/logo-en-mail.png\",\"width\":800,\"height\":254,\"caption\":\"Elettrotec\"},\"image\":{\"@id\":\"https:\/\/elettrotec.com\/es\/#\/schema\/logo\/image\/\"},\"sameAs\":[\"https:\/\/www.linkedin.com\/company\/elettrotec-s-r-l-\/\",\"https:\/\/www.youtube.com\/channel\/UCm1tzdb0uycgBxrIVlnBjFw\"]}]}<\/script>\n<!-- \/ Yoast SEO plugin. -->","yoast_head_json":{"title":"Refrigeracion y calefaccion - Elettrotec","robots":{"index":"index","follow":"follow","max-snippet":"max-snippet:-1","max-image-preview":"max-image-preview:large","max-video-preview":"max-video-preview:-1"},"canonical":"https:\/\/elettrotec.com\/es\/aplicaciones\/refrigeracion-y-calefaccion\/","og_locale":"es_ES","og_type":"article","og_title":"Refrigeracion y calefaccion - Elettrotec","og_description":"En los circuitos de refrigeraci\u00f3n y calefacci\u00f3n es fundamental que se controlen los par\u00e1metros termodin\u00e1micos. Los productos Elettrotec garantizan un funcionamiento eficiente y confiable de los equipos, evitando riesgos por variaciones excesivas de estas condiciones.","og_site_name":"Elettrotec","article_modified_time":"2023-05-15T15:49:56+00:00","og_image":[{"width":1110,"height":740,"url":"https:\/\/elettrotec.com\/wp-content\/uploads\/2020\/12\/REFRIGERAZIONE_RISCALDAMENTO_ALTA-1110x740.jpg","type":"image\/jpeg"}],"twitter_card":"summary_large_image","twitter_misc":{"Tiempo de lectura":"1 minuto"},"schema":{"@context":"https:\/\/schema.org","@graph":[{"@type":"WebPage","@id":"https:\/\/elettrotec.com\/es\/aplicaciones\/refrigeracion-y-calefaccion\/","url":"https:\/\/elettrotec.com\/es\/aplicaciones\/refrigeracion-y-calefaccion\/","name":"Refrigeracion y calefaccion - Elettrotec","isPartOf":{"@id":"https:\/\/elettrotec.com\/es\/#website"},"primaryImageOfPage":{"@id":"https:\/\/elettrotec.com\/es\/aplicaciones\/refrigeracion-y-calefaccion\/#primaryimage"},"image":{"@id":"https:\/\/elettrotec.com\/es\/aplicaciones\/refrigeracion-y-calefaccion\/#primaryimage"},"thumbnailUrl":"https:\/\/elettrotec.com\/wp-content\/uploads\/2020\/12\/REFRIGERAZIONE_RISCALDAMENTO_ALTA.jpg","datePublished":"2022-05-02T12:54:35+00:00","dateModified":"2023-05-15T15:49:56+00:00","breadcrumb":{"@id":"https:\/\/elettrotec.com\/es\/aplicaciones\/refrigeracion-y-calefaccion\/#breadcrumb"},"inLanguage":"es","potentialAction":[{"@type":"ReadAction","target":["https:\/\/elettrotec.com\/es\/aplicaciones\/refrigeracion-y-calefaccion\/"]}]},{"@type":"ImageObject","inLanguage":"es","@id":"https:\/\/elettrotec.com\/es\/aplicaciones\/refrigeracion-y-calefaccion\/#primaryimage","url":"https:\/\/elettrotec.com\/wp-content\/uploads\/2020\/12\/REFRIGERAZIONE_RISCALDAMENTO_ALTA.jpg","contentUrl":"https:\/\/elettrotec.com\/wp-content\/uploads\/2020\/12\/REFRIGERAZIONE_RISCALDAMENTO_ALTA.jpg","width":2400,"height":1600,"caption":"Controllo fluidi per Refrigerazione e riscaldamento"},{"@type":"BreadcrumbList","@id":"https:\/\/elettrotec.com\/es\/aplicaciones\/refrigeracion-y-calefaccion\/#breadcrumb","itemListElement":[{"@type":"ListItem","position":1,"name":"Home","item":"https:\/\/elettrotec.com\/es\/"},{"@type":"ListItem","position":2,"name":"Aplicaciones","item":"https:\/\/elettrotec.com\/es\/aplicaciones\/"},{"@type":"ListItem","position":3,"name":"Refrigeracion y calefaccion"}]},{"@type":"WebSite","@id":"https:\/\/elettrotec.com\/es\/#website","url":"https:\/\/elettrotec.com\/es\/","name":"Elettrotec","description":"Firma il terzo millennio","publisher":{"@id":"https:\/\/elettrotec.com\/es\/#organization"},"potentialAction":[{"@type":"SearchAction","target":{"@type":"EntryPoint","urlTemplate":"https:\/\/elettrotec.com\/es\/?s={search_term_string}"},"query-input":{"@type":"PropertyValueSpecification","valueRequired":true,"valueName":"search_term_string"}}],"inLanguage":"es"},{"@type":"Organization","@id":"https:\/\/elettrotec.com\/es\/#organization","name":"Elettrotec","url":"https:\/\/elettrotec.com\/es\/","logo":{"@type":"ImageObject","inLanguage":"es","@id":"https:\/\/elettrotec.com\/es\/#\/schema\/logo\/image\/","url":"https:\/\/elettrotec.com\/wp-content\/uploads\/2023\/02\/logo-en-mail.png","contentUrl":"https:\/\/elettrotec.com\/wp-content\/uploads\/2023\/02\/logo-en-mail.png","width":800,"height":254,"caption":"Elettrotec"},"image":{"@id":"https:\/\/elettrotec.com\/es\/#\/schema\/logo\/image\/"},"sameAs":["https:\/\/www.linkedin.com\/company\/elettrotec-s-r-l-\/","https:\/\/www.youtube.com\/channel\/UCm1tzdb0uycgBxrIVlnBjFw"]}]}},"_links":{"self":[{"href":"https:\/\/elettrotec.com\/es\/wp-json\/wp\/v2\/pages\/54945"}],"collection":[{"href":"https:\/\/elettrotec.com\/es\/wp-json\/wp\/v2\/pages"}],"about":[{"href":"https:\/\/elettrotec.com\/es\/wp-json\/wp\/v2\/types\/page"}],"author":[{"embeddable":true,"href":"https:\/\/elettrotec.com\/es\/wp-json\/wp\/v2\/users\/2"}],"replies":[{"embeddable":true,"href":"https:\/\/elettrotec.com\/es\/wp-json\/wp\/v2\/comments?post=54945"}],"version-history":[{"count":5,"href":"https:\/\/elettrotec.com\/es\/wp-json\/wp\/v2\/pages\/54945\/revisions"}],"predecessor-version":[{"id":66362,"href":"https:\/\/elettrotec.com\/es\/wp-json\/wp\/v2\/pages\/54945\/revisions\/66362"}],"up":[{"embeddable":true,"href":"https:\/\/elettrotec.com\/es\/wp-json\/wp\/v2\/pages\/54925"}],"wp:featuredmedia":[{"embeddable":true,"href":"https:\/\/elettrotec.com\/es\/wp-json\/wp\/v2\/media\/54401"}],"wp:attachment":[{"href":"https:\/\/elettrotec.com\/es\/wp-json\/wp\/v2\/media?parent=54945"}],"curies":[{"name":"wp","href":"https:\/\/api.w.org\/{rel}","templated":true}]}}