{"id":54967,"date":"2022-05-02T17:25:08","date_gmt":"2022-05-02T15:25:08","guid":{"rendered":"https:\/\/elettrotec.com\/?page_id=54967"},"modified":"2023-01-23T12:41:50","modified_gmt":"2023-01-23T11:41:50","slug":"industria-de-la-construccion-naval","status":"publish","type":"page","link":"https:\/\/elettrotec.com\/es\/aplicaciones\/industria-de-la-construccion-naval\/","title":{"rendered":"Industria de la construcci\u00f3n naval"},"content":{"rendered":"<p>Elettrotec cuenta con las certificaciones RINA y Lloyd\u2019s para dispositivos de control de presi\u00f3n y nivel, que permiten que sus productos cumplan con las necesidades de los fabricantes de construcci\u00f3n naval, en cualquier lugar del mundo.<br \/>\nLa alta calidad de estos interruptores garantiza un servicio eficaz y duradero. Dado que est\u00e1n sujetos a golpes, desgaste y vibraciones, en el caso de los interruptores de nivel, est\u00e1n herm\u00e9ticamente sellados y dise\u00f1ados para garantizar la m\u00e1xima precisi\u00f3n y repetibilidad.<\/p>\n","protected":false},"excerpt":{"rendered":"<p>Elettrotec cuenta con las certificaciones RINA y Lloyd\u2019s para dispositivos de control de presi\u00f3n y nivel, que permiten que sus productos cumplan con las necesidades de los fabricantes de construcci\u00f3n naval, en cualquier lugar del mundo. La alta calidad de estos interruptores garantiza un servicio eficaz y duradero. Dado que est\u00e1n sujetos a golpes, desgaste [&hellip;]<\/p>\n","protected":false},"author":2,"featured_media":54399,"parent":54925,"menu_order":16,"comment_status":"closed","ping_status":"closed","template":"page-fullwidth.php","meta":{"_acf_changed":false,"footnotes":""},"class_list":["post-54967","page","type-page","status-publish","has-post-thumbnail","hentry"],"acf":[],"yoast_head":"<!-- This site is optimized with the Yoast SEO plugin v27.4 - https:\/\/yoast.com\/product\/yoast-seo-wordpress\/ -->\n<title>Industria de la construcci\u00f3n naval - Elettrotec<\/title>\n<meta name=\"robots\" content=\"index, follow, max-snippet:-1, max-image-preview:large, max-video-preview:-1\" \/>\n<link rel=\"canonical\" href=\"https:\/\/elettrotec.com\/es\/aplicaciones\/industria-de-la-construccion-naval\/\" \/>\n<meta property=\"og:locale\" content=\"es_ES\" \/>\n<meta property=\"og:type\" content=\"article\" \/>\n<meta property=\"og:title\" content=\"Industria de la construcci\u00f3n naval - Elettrotec\" \/>\n<meta property=\"og:description\" content=\"Elettrotec cuenta con las certificaciones RINA y Lloyd\u2019s para dispositivos de control de presi\u00f3n y nivel, que permiten que sus productos cumplan con las necesidades de los fabricantes de construcci\u00f3n naval, en cualquier lugar del mundo. La alta calidad de estos interruptores garantiza un servicio eficaz y duradero. Dado que est\u00e1n sujetos a golpes, desgaste [&hellip;]\" \/>\n<meta property=\"og:site_name\" content=\"Elettrotec\" \/>\n<meta property=\"article:modified_time\" content=\"2023-01-23T11:41:50+00:00\" \/>\n<meta property=\"og:image\" content=\"https:\/\/elettrotec.com\/wp-content\/uploads\/2020\/12\/NAVALE_9858994-stock-photo-cargo-ship-at-miami-harbor.jpg\" \/>\n\t<meta property=\"og:image:width\" content=\"1024\" \/>\n\t<meta property=\"og:image:height\" content=\"768\" \/>\n\t<meta property=\"og:image:type\" content=\"image\/jpeg\" \/>\n<meta name=\"twitter:card\" content=\"summary_large_image\" \/>\n<script type=\"application\/ld+json\" class=\"yoast-schema-graph\">{\"@context\":\"https:\\\/\\\/schema.org\",\"@graph\":[{\"@type\":\"WebPage\",\"@id\":\"https:\\\/\\\/elettrotec.com\\\/es\\\/aplicaciones\\\/industria-de-la-construccion-naval\\\/\",\"url\":\"https:\\\/\\\/elettrotec.com\\\/es\\\/aplicaciones\\\/industria-de-la-construccion-naval\\\/\",\"name\":\"Industria de la construcci\u00f3n naval - Elettrotec\",\"isPartOf\":{\"@id\":\"https:\\\/\\\/elettrotec.com\\\/es\\\/#website\"},\"primaryImageOfPage\":{\"@id\":\"https:\\\/\\\/elettrotec.com\\\/es\\\/aplicaciones\\\/industria-de-la-construccion-naval\\\/#primaryimage\"},\"image\":{\"@id\":\"https:\\\/\\\/elettrotec.com\\\/es\\\/aplicaciones\\\/industria-de-la-construccion-naval\\\/#primaryimage\"},\"thumbnailUrl\":\"https:\\\/\\\/elettrotec.com\\\/wp-content\\\/uploads\\\/2020\\\/12\\\/NAVALE_9858994-stock-photo-cargo-ship-at-miami-harbor.jpg\",\"datePublished\":\"2022-05-02T15:25:08+00:00\",\"dateModified\":\"2023-01-23T11:41:50+00:00\",\"breadcrumb\":{\"@id\":\"https:\\\/\\\/elettrotec.com\\\/es\\\/aplicaciones\\\/industria-de-la-construccion-naval\\\/#breadcrumb\"},\"inLanguage\":\"es\",\"potentialAction\":[{\"@type\":\"ReadAction\",\"target\":[\"https:\\\/\\\/elettrotec.com\\\/es\\\/aplicaciones\\\/industria-de-la-construccion-naval\\\/\"]}]},{\"@type\":\"ImageObject\",\"inLanguage\":\"es\",\"@id\":\"https:\\\/\\\/elettrotec.com\\\/es\\\/aplicaciones\\\/industria-de-la-construccion-naval\\\/#primaryimage\",\"url\":\"https:\\\/\\\/elettrotec.com\\\/wp-content\\\/uploads\\\/2020\\\/12\\\/NAVALE_9858994-stock-photo-cargo-ship-at-miami-harbor.jpg\",\"contentUrl\":\"https:\\\/\\\/elettrotec.com\\\/wp-content\\\/uploads\\\/2020\\\/12\\\/NAVALE_9858994-stock-photo-cargo-ship-at-miami-harbor.jpg\",\"width\":1024,\"height\":768,\"caption\":\"Controllo Fluidi per Industria navale\"},{\"@type\":\"BreadcrumbList\",\"@id\":\"https:\\\/\\\/elettrotec.com\\\/es\\\/aplicaciones\\\/industria-de-la-construccion-naval\\\/#breadcrumb\",\"itemListElement\":[{\"@type\":\"ListItem\",\"position\":1,\"name\":\"Home\",\"item\":\"https:\\\/\\\/elettrotec.com\\\/es\\\/\"},{\"@type\":\"ListItem\",\"position\":2,\"name\":\"Aplicaciones\",\"item\":\"https:\\\/\\\/elettrotec.com\\\/es\\\/aplicaciones\\\/\"},{\"@type\":\"ListItem\",\"position\":3,\"name\":\"Industria de la construcci\u00f3n naval\"}]},{\"@type\":\"WebSite\",\"@id\":\"https:\\\/\\\/elettrotec.com\\\/es\\\/#website\",\"url\":\"https:\\\/\\\/elettrotec.com\\\/es\\\/\",\"name\":\"Elettrotec\",\"description\":\"Firma il terzo millennio\",\"publisher\":{\"@id\":\"https:\\\/\\\/elettrotec.com\\\/es\\\/#organization\"},\"potentialAction\":[{\"@type\":\"SearchAction\",\"target\":{\"@type\":\"EntryPoint\",\"urlTemplate\":\"https:\\\/\\\/elettrotec.com\\\/es\\\/?s={search_term_string}\"},\"query-input\":{\"@type\":\"PropertyValueSpecification\",\"valueRequired\":true,\"valueName\":\"search_term_string\"}}],\"inLanguage\":\"es\"},{\"@type\":\"Organization\",\"@id\":\"https:\\\/\\\/elettrotec.com\\\/es\\\/#organization\",\"name\":\"Elettrotec\",\"url\":\"https:\\\/\\\/elettrotec.com\\\/es\\\/\",\"logo\":{\"@type\":\"ImageObject\",\"inLanguage\":\"es\",\"@id\":\"https:\\\/\\\/elettrotec.com\\\/es\\\/#\\\/schema\\\/logo\\\/image\\\/\",\"url\":\"https:\\\/\\\/elettrotec.com\\\/wp-content\\\/uploads\\\/2023\\\/02\\\/logo-en-mail.png\",\"contentUrl\":\"https:\\\/\\\/elettrotec.com\\\/wp-content\\\/uploads\\\/2023\\\/02\\\/logo-en-mail.png\",\"width\":800,\"height\":254,\"caption\":\"Elettrotec\"},\"image\":{\"@id\":\"https:\\\/\\\/elettrotec.com\\\/es\\\/#\\\/schema\\\/logo\\\/image\\\/\"},\"sameAs\":[\"https:\\\/\\\/www.linkedin.com\\\/company\\\/elettrotec-s-r-l-\\\/\",\"https:\\\/\\\/www.youtube.com\\\/channel\\\/UCm1tzdb0uycgBxrIVlnBjFw\"]}]}<\/script>\n<!-- \/ Yoast SEO plugin. -->","yoast_head_json":{"title":"Industria de la construcci\u00f3n naval - Elettrotec","robots":{"index":"index","follow":"follow","max-snippet":"max-snippet:-1","max-image-preview":"max-image-preview:large","max-video-preview":"max-video-preview:-1"},"canonical":"https:\/\/elettrotec.com\/es\/aplicaciones\/industria-de-la-construccion-naval\/","og_locale":"es_ES","og_type":"article","og_title":"Industria de la construcci\u00f3n naval - Elettrotec","og_description":"Elettrotec cuenta con las certificaciones RINA y Lloyd\u2019s para dispositivos de control de presi\u00f3n y nivel, que permiten que sus productos cumplan con las necesidades de los fabricantes de construcci\u00f3n naval, en cualquier lugar del mundo. La alta calidad de estos interruptores garantiza un servicio eficaz y duradero. Dado que est\u00e1n sujetos a golpes, desgaste [&hellip;]","og_site_name":"Elettrotec","article_modified_time":"2023-01-23T11:41:50+00:00","og_image":[{"width":1024,"height":768,"url":"https:\/\/elettrotec.com\/wp-content\/uploads\/2020\/12\/NAVALE_9858994-stock-photo-cargo-ship-at-miami-harbor.jpg","type":"image\/jpeg"}],"twitter_card":"summary_large_image","schema":{"@context":"https:\/\/schema.org","@graph":[{"@type":"WebPage","@id":"https:\/\/elettrotec.com\/es\/aplicaciones\/industria-de-la-construccion-naval\/","url":"https:\/\/elettrotec.com\/es\/aplicaciones\/industria-de-la-construccion-naval\/","name":"Industria de la construcci\u00f3n naval - Elettrotec","isPartOf":{"@id":"https:\/\/elettrotec.com\/es\/#website"},"primaryImageOfPage":{"@id":"https:\/\/elettrotec.com\/es\/aplicaciones\/industria-de-la-construccion-naval\/#primaryimage"},"image":{"@id":"https:\/\/elettrotec.com\/es\/aplicaciones\/industria-de-la-construccion-naval\/#primaryimage"},"thumbnailUrl":"https:\/\/elettrotec.com\/wp-content\/uploads\/2020\/12\/NAVALE_9858994-stock-photo-cargo-ship-at-miami-harbor.jpg","datePublished":"2022-05-02T15:25:08+00:00","dateModified":"2023-01-23T11:41:50+00:00","breadcrumb":{"@id":"https:\/\/elettrotec.com\/es\/aplicaciones\/industria-de-la-construccion-naval\/#breadcrumb"},"inLanguage":"es","potentialAction":[{"@type":"ReadAction","target":["https:\/\/elettrotec.com\/es\/aplicaciones\/industria-de-la-construccion-naval\/"]}]},{"@type":"ImageObject","inLanguage":"es","@id":"https:\/\/elettrotec.com\/es\/aplicaciones\/industria-de-la-construccion-naval\/#primaryimage","url":"https:\/\/elettrotec.com\/wp-content\/uploads\/2020\/12\/NAVALE_9858994-stock-photo-cargo-ship-at-miami-harbor.jpg","contentUrl":"https:\/\/elettrotec.com\/wp-content\/uploads\/2020\/12\/NAVALE_9858994-stock-photo-cargo-ship-at-miami-harbor.jpg","width":1024,"height":768,"caption":"Controllo Fluidi per Industria navale"},{"@type":"BreadcrumbList","@id":"https:\/\/elettrotec.com\/es\/aplicaciones\/industria-de-la-construccion-naval\/#breadcrumb","itemListElement":[{"@type":"ListItem","position":1,"name":"Home","item":"https:\/\/elettrotec.com\/es\/"},{"@type":"ListItem","position":2,"name":"Aplicaciones","item":"https:\/\/elettrotec.com\/es\/aplicaciones\/"},{"@type":"ListItem","position":3,"name":"Industria de la construcci\u00f3n naval"}]},{"@type":"WebSite","@id":"https:\/\/elettrotec.com\/es\/#website","url":"https:\/\/elettrotec.com\/es\/","name":"Elettrotec","description":"Firma il terzo millennio","publisher":{"@id":"https:\/\/elettrotec.com\/es\/#organization"},"potentialAction":[{"@type":"SearchAction","target":{"@type":"EntryPoint","urlTemplate":"https:\/\/elettrotec.com\/es\/?s={search_term_string}"},"query-input":{"@type":"PropertyValueSpecification","valueRequired":true,"valueName":"search_term_string"}}],"inLanguage":"es"},{"@type":"Organization","@id":"https:\/\/elettrotec.com\/es\/#organization","name":"Elettrotec","url":"https:\/\/elettrotec.com\/es\/","logo":{"@type":"ImageObject","inLanguage":"es","@id":"https:\/\/elettrotec.com\/es\/#\/schema\/logo\/image\/","url":"https:\/\/elettrotec.com\/wp-content\/uploads\/2023\/02\/logo-en-mail.png","contentUrl":"https:\/\/elettrotec.com\/wp-content\/uploads\/2023\/02\/logo-en-mail.png","width":800,"height":254,"caption":"Elettrotec"},"image":{"@id":"https:\/\/elettrotec.com\/es\/#\/schema\/logo\/image\/"},"sameAs":["https:\/\/www.linkedin.com\/company\/elettrotec-s-r-l-\/","https:\/\/www.youtube.com\/channel\/UCm1tzdb0uycgBxrIVlnBjFw"]}]}},"_links":{"self":[{"href":"https:\/\/elettrotec.com\/es\/wp-json\/wp\/v2\/pages\/54967","targetHints":{"allow":["GET"]}}],"collection":[{"href":"https:\/\/elettrotec.com\/es\/wp-json\/wp\/v2\/pages"}],"about":[{"href":"https:\/\/elettrotec.com\/es\/wp-json\/wp\/v2\/types\/page"}],"author":[{"embeddable":true,"href":"https:\/\/elettrotec.com\/es\/wp-json\/wp\/v2\/users\/2"}],"replies":[{"embeddable":true,"href":"https:\/\/elettrotec.com\/es\/wp-json\/wp\/v2\/comments?post=54967"}],"version-history":[{"count":3,"href":"https:\/\/elettrotec.com\/es\/wp-json\/wp\/v2\/pages\/54967\/revisions"}],"predecessor-version":[{"id":56317,"href":"https:\/\/elettrotec.com\/es\/wp-json\/wp\/v2\/pages\/54967\/revisions\/56317"}],"up":[{"embeddable":true,"href":"https:\/\/elettrotec.com\/es\/wp-json\/wp\/v2\/pages\/54925"}],"wp:featuredmedia":[{"embeddable":true,"href":"https:\/\/elettrotec.com\/es\/wp-json\/wp\/v2\/media\/54399"}],"wp:attachment":[{"href":"https:\/\/elettrotec.com\/es\/wp-json\/wp\/v2\/media?parent=54967"}],"curies":[{"name":"wp","href":"https:\/\/api.w.org\/{rel}","templated":true}]}}