{"id":54971,"date":"2022-05-02T17:26:07","date_gmt":"2022-05-02T15:26:07","guid":{"rendered":"https:\/\/elettrotec.com\/?page_id=54971"},"modified":"2022-05-02T17:26:07","modified_gmt":"2022-05-02T15:26:07","slug":"sistemas-de-extincion-de-incendios","status":"publish","type":"page","link":"https:\/\/elettrotec.com\/es\/aplicaciones\/sistemas-de-extincion-de-incendios\/","title":{"rendered":"Sistemas de extinci\u00f3n de incendios"},"content":{"rendered":"<p>En estos sistemas, los productos de Elettrotec se aplican, por ejemplo, en los circuitos de grupos de extinci\u00f3n de incendios por gas y en grupos de bombeo de agua para sistemas de extinci\u00f3n, en cumplimiento de la directiva de baja tensi\u00f3n 2014\/35 \/ UE. Los presostatos instalados en sistemas de extinci\u00f3n de incendios con cilindros en bater\u00eda son capaces de proporcionar un control constante de la presi\u00f3n interna de los contenedores.<\/p>\n","protected":false},"excerpt":{"rendered":"<p>En estos sistemas, los productos de Elettrotec se aplican, por ejemplo, en los circuitos de grupos de extinci\u00f3n de incendios por gas y en grupos de bombeo de agua para sistemas de extinci\u00f3n, en cumplimiento de la directiva de baja tensi\u00f3n 2014\/35 \/ UE. Los presostatos instalados en sistemas de extinci\u00f3n de incendios con cilindros [&hellip;]<\/p>\n","protected":false},"author":2,"featured_media":54763,"parent":54925,"menu_order":17,"comment_status":"closed","ping_status":"closed","template":"page-fullwidth.php","meta":{"_acf_changed":false,"footnotes":""},"acf":[],"yoast_head":"<!-- This site is optimized with the Yoast SEO plugin v24.3 - https:\/\/yoast.com\/wordpress\/plugins\/seo\/ -->\n<title>Sistemas de extinci\u00f3n de incendios - Elettrotec<\/title>\n<meta name=\"robots\" content=\"index, follow, max-snippet:-1, max-image-preview:large, max-video-preview:-1\" \/>\n<link rel=\"canonical\" href=\"https:\/\/elettrotec.com\/es\/aplicaciones\/sistemas-de-extincion-de-incendios\/\" \/>\n<meta property=\"og:locale\" content=\"es_ES\" \/>\n<meta property=\"og:type\" content=\"article\" \/>\n<meta property=\"og:title\" content=\"Sistemas de extinci\u00f3n de incendios - Elettrotec\" \/>\n<meta property=\"og:description\" content=\"En estos sistemas, los productos de Elettrotec se aplican, por ejemplo, en los circuitos de grupos de extinci\u00f3n de incendios por gas y en grupos de bombeo de agua para sistemas de extinci\u00f3n, en cumplimiento de la directiva de baja tensi\u00f3n 2014\/35 \/ UE. Los presostatos instalados en sistemas de extinci\u00f3n de incendios con cilindros [&hellip;]\" \/>\n<meta property=\"og:site_name\" content=\"Elettrotec\" \/>\n<meta property=\"og:image\" content=\"https:\/\/elettrotec.com\/wp-content\/uploads\/2021\/02\/ANTINCENDIO_306508800.jpg\" \/>\n\t<meta property=\"og:image:width\" content=\"800\" \/>\n\t<meta property=\"og:image:height\" content=\"589\" \/>\n\t<meta property=\"og:image:type\" content=\"image\/jpeg\" \/>\n<meta name=\"twitter:card\" content=\"summary_large_image\" \/>\n<script type=\"application\/ld+json\" class=\"yoast-schema-graph\">{\"@context\":\"https:\/\/schema.org\",\"@graph\":[{\"@type\":\"WebPage\",\"@id\":\"https:\/\/elettrotec.com\/es\/aplicaciones\/sistemas-de-extincion-de-incendios\/\",\"url\":\"https:\/\/elettrotec.com\/es\/aplicaciones\/sistemas-de-extincion-de-incendios\/\",\"name\":\"Sistemas de extinci\u00f3n de incendios - Elettrotec\",\"isPartOf\":{\"@id\":\"https:\/\/elettrotec.com\/es\/#website\"},\"primaryImageOfPage\":{\"@id\":\"https:\/\/elettrotec.com\/es\/aplicaciones\/sistemas-de-extincion-de-incendios\/#primaryimage\"},\"image\":{\"@id\":\"https:\/\/elettrotec.com\/es\/aplicaciones\/sistemas-de-extincion-de-incendios\/#primaryimage\"},\"thumbnailUrl\":\"https:\/\/elettrotec.com\/wp-content\/uploads\/2021\/02\/ANTINCENDIO_306508800.jpg\",\"datePublished\":\"2022-05-02T15:26:07+00:00\",\"dateModified\":\"2022-05-02T15:26:07+00:00\",\"breadcrumb\":{\"@id\":\"https:\/\/elettrotec.com\/es\/aplicaciones\/sistemas-de-extincion-de-incendios\/#breadcrumb\"},\"inLanguage\":\"es\",\"potentialAction\":[{\"@type\":\"ReadAction\",\"target\":[\"https:\/\/elettrotec.com\/es\/aplicaciones\/sistemas-de-extincion-de-incendios\/\"]}]},{\"@type\":\"ImageObject\",\"inLanguage\":\"es\",\"@id\":\"https:\/\/elettrotec.com\/es\/aplicaciones\/sistemas-de-extincion-de-incendios\/#primaryimage\",\"url\":\"https:\/\/elettrotec.com\/wp-content\/uploads\/2021\/02\/ANTINCENDIO_306508800.jpg\",\"contentUrl\":\"https:\/\/elettrotec.com\/wp-content\/uploads\/2021\/02\/ANTINCENDIO_306508800.jpg\",\"width\":800,\"height\":589,\"caption\":\"Apparecchi per il controllo dei fluidi nei Sistemi antincendio\"},{\"@type\":\"BreadcrumbList\",\"@id\":\"https:\/\/elettrotec.com\/es\/aplicaciones\/sistemas-de-extincion-de-incendios\/#breadcrumb\",\"itemListElement\":[{\"@type\":\"ListItem\",\"position\":1,\"name\":\"Home\",\"item\":\"https:\/\/elettrotec.com\/es\/\"},{\"@type\":\"ListItem\",\"position\":2,\"name\":\"Aplicaciones\",\"item\":\"https:\/\/elettrotec.com\/es\/aplicaciones\/\"},{\"@type\":\"ListItem\",\"position\":3,\"name\":\"Sistemas de extinci\u00f3n de incendios\"}]},{\"@type\":\"WebSite\",\"@id\":\"https:\/\/elettrotec.com\/es\/#website\",\"url\":\"https:\/\/elettrotec.com\/es\/\",\"name\":\"Elettrotec\",\"description\":\"Firma il terzo millennio\",\"publisher\":{\"@id\":\"https:\/\/elettrotec.com\/es\/#organization\"},\"potentialAction\":[{\"@type\":\"SearchAction\",\"target\":{\"@type\":\"EntryPoint\",\"urlTemplate\":\"https:\/\/elettrotec.com\/es\/?s={search_term_string}\"},\"query-input\":{\"@type\":\"PropertyValueSpecification\",\"valueRequired\":true,\"valueName\":\"search_term_string\"}}],\"inLanguage\":\"es\"},{\"@type\":\"Organization\",\"@id\":\"https:\/\/elettrotec.com\/es\/#organization\",\"name\":\"Elettrotec\",\"url\":\"https:\/\/elettrotec.com\/es\/\",\"logo\":{\"@type\":\"ImageObject\",\"inLanguage\":\"es\",\"@id\":\"https:\/\/elettrotec.com\/es\/#\/schema\/logo\/image\/\",\"url\":\"https:\/\/elettrotec.com\/wp-content\/uploads\/2023\/02\/logo-en-mail.png\",\"contentUrl\":\"https:\/\/elettrotec.com\/wp-content\/uploads\/2023\/02\/logo-en-mail.png\",\"width\":800,\"height\":254,\"caption\":\"Elettrotec\"},\"image\":{\"@id\":\"https:\/\/elettrotec.com\/es\/#\/schema\/logo\/image\/\"},\"sameAs\":[\"https:\/\/www.linkedin.com\/company\/elettrotec-s-r-l-\/\",\"https:\/\/www.youtube.com\/channel\/UCm1tzdb0uycgBxrIVlnBjFw\"]}]}<\/script>\n<!-- \/ Yoast SEO plugin. -->","yoast_head_json":{"title":"Sistemas de extinci\u00f3n de incendios - Elettrotec","robots":{"index":"index","follow":"follow","max-snippet":"max-snippet:-1","max-image-preview":"max-image-preview:large","max-video-preview":"max-video-preview:-1"},"canonical":"https:\/\/elettrotec.com\/es\/aplicaciones\/sistemas-de-extincion-de-incendios\/","og_locale":"es_ES","og_type":"article","og_title":"Sistemas de extinci\u00f3n de incendios - Elettrotec","og_description":"En estos sistemas, los productos de Elettrotec se aplican, por ejemplo, en los circuitos de grupos de extinci\u00f3n de incendios por gas y en grupos de bombeo de agua para sistemas de extinci\u00f3n, en cumplimiento de la directiva de baja tensi\u00f3n 2014\/35 \/ UE. Los presostatos instalados en sistemas de extinci\u00f3n de incendios con cilindros [&hellip;]","og_site_name":"Elettrotec","og_image":[{"width":800,"height":589,"url":"https:\/\/elettrotec.com\/wp-content\/uploads\/2021\/02\/ANTINCENDIO_306508800.jpg","type":"image\/jpeg"}],"twitter_card":"summary_large_image","schema":{"@context":"https:\/\/schema.org","@graph":[{"@type":"WebPage","@id":"https:\/\/elettrotec.com\/es\/aplicaciones\/sistemas-de-extincion-de-incendios\/","url":"https:\/\/elettrotec.com\/es\/aplicaciones\/sistemas-de-extincion-de-incendios\/","name":"Sistemas de extinci\u00f3n de incendios - Elettrotec","isPartOf":{"@id":"https:\/\/elettrotec.com\/es\/#website"},"primaryImageOfPage":{"@id":"https:\/\/elettrotec.com\/es\/aplicaciones\/sistemas-de-extincion-de-incendios\/#primaryimage"},"image":{"@id":"https:\/\/elettrotec.com\/es\/aplicaciones\/sistemas-de-extincion-de-incendios\/#primaryimage"},"thumbnailUrl":"https:\/\/elettrotec.com\/wp-content\/uploads\/2021\/02\/ANTINCENDIO_306508800.jpg","datePublished":"2022-05-02T15:26:07+00:00","dateModified":"2022-05-02T15:26:07+00:00","breadcrumb":{"@id":"https:\/\/elettrotec.com\/es\/aplicaciones\/sistemas-de-extincion-de-incendios\/#breadcrumb"},"inLanguage":"es","potentialAction":[{"@type":"ReadAction","target":["https:\/\/elettrotec.com\/es\/aplicaciones\/sistemas-de-extincion-de-incendios\/"]}]},{"@type":"ImageObject","inLanguage":"es","@id":"https:\/\/elettrotec.com\/es\/aplicaciones\/sistemas-de-extincion-de-incendios\/#primaryimage","url":"https:\/\/elettrotec.com\/wp-content\/uploads\/2021\/02\/ANTINCENDIO_306508800.jpg","contentUrl":"https:\/\/elettrotec.com\/wp-content\/uploads\/2021\/02\/ANTINCENDIO_306508800.jpg","width":800,"height":589,"caption":"Apparecchi per il controllo dei fluidi nei Sistemi antincendio"},{"@type":"BreadcrumbList","@id":"https:\/\/elettrotec.com\/es\/aplicaciones\/sistemas-de-extincion-de-incendios\/#breadcrumb","itemListElement":[{"@type":"ListItem","position":1,"name":"Home","item":"https:\/\/elettrotec.com\/es\/"},{"@type":"ListItem","position":2,"name":"Aplicaciones","item":"https:\/\/elettrotec.com\/es\/aplicaciones\/"},{"@type":"ListItem","position":3,"name":"Sistemas de extinci\u00f3n de incendios"}]},{"@type":"WebSite","@id":"https:\/\/elettrotec.com\/es\/#website","url":"https:\/\/elettrotec.com\/es\/","name":"Elettrotec","description":"Firma il terzo millennio","publisher":{"@id":"https:\/\/elettrotec.com\/es\/#organization"},"potentialAction":[{"@type":"SearchAction","target":{"@type":"EntryPoint","urlTemplate":"https:\/\/elettrotec.com\/es\/?s={search_term_string}"},"query-input":{"@type":"PropertyValueSpecification","valueRequired":true,"valueName":"search_term_string"}}],"inLanguage":"es"},{"@type":"Organization","@id":"https:\/\/elettrotec.com\/es\/#organization","name":"Elettrotec","url":"https:\/\/elettrotec.com\/es\/","logo":{"@type":"ImageObject","inLanguage":"es","@id":"https:\/\/elettrotec.com\/es\/#\/schema\/logo\/image\/","url":"https:\/\/elettrotec.com\/wp-content\/uploads\/2023\/02\/logo-en-mail.png","contentUrl":"https:\/\/elettrotec.com\/wp-content\/uploads\/2023\/02\/logo-en-mail.png","width":800,"height":254,"caption":"Elettrotec"},"image":{"@id":"https:\/\/elettrotec.com\/es\/#\/schema\/logo\/image\/"},"sameAs":["https:\/\/www.linkedin.com\/company\/elettrotec-s-r-l-\/","https:\/\/www.youtube.com\/channel\/UCm1tzdb0uycgBxrIVlnBjFw"]}]}},"_links":{"self":[{"href":"https:\/\/elettrotec.com\/es\/wp-json\/wp\/v2\/pages\/54971"}],"collection":[{"href":"https:\/\/elettrotec.com\/es\/wp-json\/wp\/v2\/pages"}],"about":[{"href":"https:\/\/elettrotec.com\/es\/wp-json\/wp\/v2\/types\/page"}],"author":[{"embeddable":true,"href":"https:\/\/elettrotec.com\/es\/wp-json\/wp\/v2\/users\/2"}],"replies":[{"embeddable":true,"href":"https:\/\/elettrotec.com\/es\/wp-json\/wp\/v2\/comments?post=54971"}],"version-history":[{"count":2,"href":"https:\/\/elettrotec.com\/es\/wp-json\/wp\/v2\/pages\/54971\/revisions"}],"predecessor-version":[{"id":54974,"href":"https:\/\/elettrotec.com\/es\/wp-json\/wp\/v2\/pages\/54971\/revisions\/54974"}],"up":[{"embeddable":true,"href":"https:\/\/elettrotec.com\/es\/wp-json\/wp\/v2\/pages\/54925"}],"wp:featuredmedia":[{"embeddable":true,"href":"https:\/\/elettrotec.com\/es\/wp-json\/wp\/v2\/media\/54763"}],"wp:attachment":[{"href":"https:\/\/elettrotec.com\/es\/wp-json\/wp\/v2\/media?parent=54971"}],"curies":[{"name":"wp","href":"https:\/\/api.w.org\/{rel}","templated":true}]}}