{"id":54979,"date":"2022-05-02T17:27:50","date_gmt":"2022-05-02T15:27:50","guid":{"rendered":"https:\/\/elettrotec.com\/?page_id=54979"},"modified":"2022-05-02T17:27:50","modified_gmt":"2022-05-02T15:27:50","slug":"filtracion","status":"publish","type":"page","link":"https:\/\/elettrotec.com\/es\/aplicaciones\/filtracion\/","title":{"rendered":"Filtraci\u00f3n"},"content":{"rendered":"<p>La l\u00ednea de presostatos Elettrotec se utiliza en sistemas de filtraci\u00f3n y depuraci\u00f3n, interviniendo en caso de obstrucciones; nuestros productos est\u00e1n dise\u00f1ados para cumplir con altos est\u00e1ndares de seguridad y, entre los principales beneficios, se encuentra el aumento de la vida de los elementos filtrantes, y por ende de los sistemas.<\/p>\n","protected":false},"excerpt":{"rendered":"<p>La l\u00ednea de presostatos Elettrotec se utiliza en sistemas de filtraci\u00f3n y depuraci\u00f3n, interviniendo en caso de obstrucciones; nuestros productos est\u00e1n dise\u00f1ados para cumplir con altos est\u00e1ndares de seguridad y, entre los principales beneficios, se encuentra el aumento de la vida de los elementos filtrantes, y por ende de los sistemas.<\/p>\n","protected":false},"author":2,"featured_media":54404,"parent":54925,"menu_order":21,"comment_status":"closed","ping_status":"closed","template":"page-fullwidth.php","meta":{"_acf_changed":false,"footnotes":""},"class_list":["post-54979","page","type-page","status-publish","has-post-thumbnail","hentry"],"acf":[],"yoast_head":"<!-- This site is optimized with the Yoast SEO plugin v27.4 - https:\/\/yoast.com\/product\/yoast-seo-wordpress\/ -->\n<title>Filtraci\u00f3n - Elettrotec<\/title>\n<meta name=\"robots\" content=\"index, follow, max-snippet:-1, max-image-preview:large, max-video-preview:-1\" \/>\n<link rel=\"canonical\" href=\"https:\/\/elettrotec.com\/es\/aplicaciones\/filtracion\/\" \/>\n<meta property=\"og:locale\" content=\"es_ES\" \/>\n<meta property=\"og:type\" content=\"article\" \/>\n<meta property=\"og:title\" content=\"Filtraci\u00f3n - Elettrotec\" \/>\n<meta property=\"og:description\" content=\"La l\u00ednea de presostatos Elettrotec se utiliza en sistemas de filtraci\u00f3n y depuraci\u00f3n, interviniendo en caso de obstrucciones; nuestros productos est\u00e1n dise\u00f1ados para cumplir con altos est\u00e1ndares de seguridad y, entre los principales beneficios, se encuentra el aumento de la vida de los elementos filtrantes, y por ende de los sistemas.\" \/>\n<meta property=\"og:site_name\" content=\"Elettrotec\" \/>\n<meta property=\"og:image\" content=\"https:\/\/elettrotec.com\/wp-content\/uploads\/2020\/12\/FILTRAZIONE_81551994-stock-photo-water-treatments-filter-station.jpg\" \/>\n\t<meta property=\"og:image:width\" content=\"1023\" \/>\n\t<meta property=\"og:image:height\" content=\"758\" \/>\n\t<meta property=\"og:image:type\" content=\"image\/jpeg\" \/>\n<meta name=\"twitter:card\" content=\"summary_large_image\" \/>\n<script type=\"application\/ld+json\" class=\"yoast-schema-graph\">{\"@context\":\"https:\\\/\\\/schema.org\",\"@graph\":[{\"@type\":\"WebPage\",\"@id\":\"https:\\\/\\\/elettrotec.com\\\/es\\\/aplicaciones\\\/filtracion\\\/\",\"url\":\"https:\\\/\\\/elettrotec.com\\\/es\\\/aplicaciones\\\/filtracion\\\/\",\"name\":\"Filtraci\u00f3n - Elettrotec\",\"isPartOf\":{\"@id\":\"https:\\\/\\\/elettrotec.com\\\/es\\\/#website\"},\"primaryImageOfPage\":{\"@id\":\"https:\\\/\\\/elettrotec.com\\\/es\\\/aplicaciones\\\/filtracion\\\/#primaryimage\"},\"image\":{\"@id\":\"https:\\\/\\\/elettrotec.com\\\/es\\\/aplicaciones\\\/filtracion\\\/#primaryimage\"},\"thumbnailUrl\":\"https:\\\/\\\/elettrotec.com\\\/wp-content\\\/uploads\\\/2020\\\/12\\\/FILTRAZIONE_81551994-stock-photo-water-treatments-filter-station.jpg\",\"datePublished\":\"2022-05-02T15:27:50+00:00\",\"breadcrumb\":{\"@id\":\"https:\\\/\\\/elettrotec.com\\\/es\\\/aplicaciones\\\/filtracion\\\/#breadcrumb\"},\"inLanguage\":\"es\",\"potentialAction\":[{\"@type\":\"ReadAction\",\"target\":[\"https:\\\/\\\/elettrotec.com\\\/es\\\/aplicaciones\\\/filtracion\\\/\"]}]},{\"@type\":\"ImageObject\",\"inLanguage\":\"es\",\"@id\":\"https:\\\/\\\/elettrotec.com\\\/es\\\/aplicaciones\\\/filtracion\\\/#primaryimage\",\"url\":\"https:\\\/\\\/elettrotec.com\\\/wp-content\\\/uploads\\\/2020\\\/12\\\/FILTRAZIONE_81551994-stock-photo-water-treatments-filter-station.jpg\",\"contentUrl\":\"https:\\\/\\\/elettrotec.com\\\/wp-content\\\/uploads\\\/2020\\\/12\\\/FILTRAZIONE_81551994-stock-photo-water-treatments-filter-station.jpg\",\"width\":1023,\"height\":758,\"caption\":\"Controllo fluidi per Filtrazione\"},{\"@type\":\"BreadcrumbList\",\"@id\":\"https:\\\/\\\/elettrotec.com\\\/es\\\/aplicaciones\\\/filtracion\\\/#breadcrumb\",\"itemListElement\":[{\"@type\":\"ListItem\",\"position\":1,\"name\":\"Home\",\"item\":\"https:\\\/\\\/elettrotec.com\\\/es\\\/\"},{\"@type\":\"ListItem\",\"position\":2,\"name\":\"Aplicaciones\",\"item\":\"https:\\\/\\\/elettrotec.com\\\/es\\\/aplicaciones\\\/\"},{\"@type\":\"ListItem\",\"position\":3,\"name\":\"Filtraci\u00f3n\"}]},{\"@type\":\"WebSite\",\"@id\":\"https:\\\/\\\/elettrotec.com\\\/es\\\/#website\",\"url\":\"https:\\\/\\\/elettrotec.com\\\/es\\\/\",\"name\":\"Elettrotec\",\"description\":\"Firma il terzo millennio\",\"publisher\":{\"@id\":\"https:\\\/\\\/elettrotec.com\\\/es\\\/#organization\"},\"potentialAction\":[{\"@type\":\"SearchAction\",\"target\":{\"@type\":\"EntryPoint\",\"urlTemplate\":\"https:\\\/\\\/elettrotec.com\\\/es\\\/?s={search_term_string}\"},\"query-input\":{\"@type\":\"PropertyValueSpecification\",\"valueRequired\":true,\"valueName\":\"search_term_string\"}}],\"inLanguage\":\"es\"},{\"@type\":\"Organization\",\"@id\":\"https:\\\/\\\/elettrotec.com\\\/es\\\/#organization\",\"name\":\"Elettrotec\",\"url\":\"https:\\\/\\\/elettrotec.com\\\/es\\\/\",\"logo\":{\"@type\":\"ImageObject\",\"inLanguage\":\"es\",\"@id\":\"https:\\\/\\\/elettrotec.com\\\/es\\\/#\\\/schema\\\/logo\\\/image\\\/\",\"url\":\"https:\\\/\\\/elettrotec.com\\\/wp-content\\\/uploads\\\/2023\\\/02\\\/logo-en-mail.png\",\"contentUrl\":\"https:\\\/\\\/elettrotec.com\\\/wp-content\\\/uploads\\\/2023\\\/02\\\/logo-en-mail.png\",\"width\":800,\"height\":254,\"caption\":\"Elettrotec\"},\"image\":{\"@id\":\"https:\\\/\\\/elettrotec.com\\\/es\\\/#\\\/schema\\\/logo\\\/image\\\/\"},\"sameAs\":[\"https:\\\/\\\/www.linkedin.com\\\/company\\\/elettrotec-s-r-l-\\\/\",\"https:\\\/\\\/www.youtube.com\\\/channel\\\/UCm1tzdb0uycgBxrIVlnBjFw\"]}]}<\/script>\n<!-- \/ Yoast SEO plugin. -->","yoast_head_json":{"title":"Filtraci\u00f3n - Elettrotec","robots":{"index":"index","follow":"follow","max-snippet":"max-snippet:-1","max-image-preview":"max-image-preview:large","max-video-preview":"max-video-preview:-1"},"canonical":"https:\/\/elettrotec.com\/es\/aplicaciones\/filtracion\/","og_locale":"es_ES","og_type":"article","og_title":"Filtraci\u00f3n - Elettrotec","og_description":"La l\u00ednea de presostatos Elettrotec se utiliza en sistemas de filtraci\u00f3n y depuraci\u00f3n, interviniendo en caso de obstrucciones; nuestros productos est\u00e1n dise\u00f1ados para cumplir con altos est\u00e1ndares de seguridad y, entre los principales beneficios, se encuentra el aumento de la vida de los elementos filtrantes, y por ende de los sistemas.","og_site_name":"Elettrotec","og_image":[{"width":1023,"height":758,"url":"https:\/\/elettrotec.com\/wp-content\/uploads\/2020\/12\/FILTRAZIONE_81551994-stock-photo-water-treatments-filter-station.jpg","type":"image\/jpeg"}],"twitter_card":"summary_large_image","schema":{"@context":"https:\/\/schema.org","@graph":[{"@type":"WebPage","@id":"https:\/\/elettrotec.com\/es\/aplicaciones\/filtracion\/","url":"https:\/\/elettrotec.com\/es\/aplicaciones\/filtracion\/","name":"Filtraci\u00f3n - Elettrotec","isPartOf":{"@id":"https:\/\/elettrotec.com\/es\/#website"},"primaryImageOfPage":{"@id":"https:\/\/elettrotec.com\/es\/aplicaciones\/filtracion\/#primaryimage"},"image":{"@id":"https:\/\/elettrotec.com\/es\/aplicaciones\/filtracion\/#primaryimage"},"thumbnailUrl":"https:\/\/elettrotec.com\/wp-content\/uploads\/2020\/12\/FILTRAZIONE_81551994-stock-photo-water-treatments-filter-station.jpg","datePublished":"2022-05-02T15:27:50+00:00","breadcrumb":{"@id":"https:\/\/elettrotec.com\/es\/aplicaciones\/filtracion\/#breadcrumb"},"inLanguage":"es","potentialAction":[{"@type":"ReadAction","target":["https:\/\/elettrotec.com\/es\/aplicaciones\/filtracion\/"]}]},{"@type":"ImageObject","inLanguage":"es","@id":"https:\/\/elettrotec.com\/es\/aplicaciones\/filtracion\/#primaryimage","url":"https:\/\/elettrotec.com\/wp-content\/uploads\/2020\/12\/FILTRAZIONE_81551994-stock-photo-water-treatments-filter-station.jpg","contentUrl":"https:\/\/elettrotec.com\/wp-content\/uploads\/2020\/12\/FILTRAZIONE_81551994-stock-photo-water-treatments-filter-station.jpg","width":1023,"height":758,"caption":"Controllo fluidi per Filtrazione"},{"@type":"BreadcrumbList","@id":"https:\/\/elettrotec.com\/es\/aplicaciones\/filtracion\/#breadcrumb","itemListElement":[{"@type":"ListItem","position":1,"name":"Home","item":"https:\/\/elettrotec.com\/es\/"},{"@type":"ListItem","position":2,"name":"Aplicaciones","item":"https:\/\/elettrotec.com\/es\/aplicaciones\/"},{"@type":"ListItem","position":3,"name":"Filtraci\u00f3n"}]},{"@type":"WebSite","@id":"https:\/\/elettrotec.com\/es\/#website","url":"https:\/\/elettrotec.com\/es\/","name":"Elettrotec","description":"Firma il terzo millennio","publisher":{"@id":"https:\/\/elettrotec.com\/es\/#organization"},"potentialAction":[{"@type":"SearchAction","target":{"@type":"EntryPoint","urlTemplate":"https:\/\/elettrotec.com\/es\/?s={search_term_string}"},"query-input":{"@type":"PropertyValueSpecification","valueRequired":true,"valueName":"search_term_string"}}],"inLanguage":"es"},{"@type":"Organization","@id":"https:\/\/elettrotec.com\/es\/#organization","name":"Elettrotec","url":"https:\/\/elettrotec.com\/es\/","logo":{"@type":"ImageObject","inLanguage":"es","@id":"https:\/\/elettrotec.com\/es\/#\/schema\/logo\/image\/","url":"https:\/\/elettrotec.com\/wp-content\/uploads\/2023\/02\/logo-en-mail.png","contentUrl":"https:\/\/elettrotec.com\/wp-content\/uploads\/2023\/02\/logo-en-mail.png","width":800,"height":254,"caption":"Elettrotec"},"image":{"@id":"https:\/\/elettrotec.com\/es\/#\/schema\/logo\/image\/"},"sameAs":["https:\/\/www.linkedin.com\/company\/elettrotec-s-r-l-\/","https:\/\/www.youtube.com\/channel\/UCm1tzdb0uycgBxrIVlnBjFw"]}]}},"_links":{"self":[{"href":"https:\/\/elettrotec.com\/es\/wp-json\/wp\/v2\/pages\/54979","targetHints":{"allow":["GET"]}}],"collection":[{"href":"https:\/\/elettrotec.com\/es\/wp-json\/wp\/v2\/pages"}],"about":[{"href":"https:\/\/elettrotec.com\/es\/wp-json\/wp\/v2\/types\/page"}],"author":[{"embeddable":true,"href":"https:\/\/elettrotec.com\/es\/wp-json\/wp\/v2\/users\/2"}],"replies":[{"embeddable":true,"href":"https:\/\/elettrotec.com\/es\/wp-json\/wp\/v2\/comments?post=54979"}],"version-history":[{"count":1,"href":"https:\/\/elettrotec.com\/es\/wp-json\/wp\/v2\/pages\/54979\/revisions"}],"predecessor-version":[{"id":54981,"href":"https:\/\/elettrotec.com\/es\/wp-json\/wp\/v2\/pages\/54979\/revisions\/54981"}],"up":[{"embeddable":true,"href":"https:\/\/elettrotec.com\/es\/wp-json\/wp\/v2\/pages\/54925"}],"wp:featuredmedia":[{"embeddable":true,"href":"https:\/\/elettrotec.com\/es\/wp-json\/wp\/v2\/media\/54404"}],"wp:attachment":[{"href":"https:\/\/elettrotec.com\/es\/wp-json\/wp\/v2\/media?parent=54979"}],"curies":[{"name":"wp","href":"https:\/\/api.w.org\/{rel}","templated":true}]}}