{"id":54986,"date":"2022-05-02T17:30:36","date_gmt":"2022-05-02T15:30:36","guid":{"rendered":"https:\/\/elettrotec.com\/?page_id=54986"},"modified":"2022-05-02T17:31:16","modified_gmt":"2022-05-02T15:31:16","slug":"neumatica","status":"publish","type":"page","link":"https:\/\/elettrotec.com\/es\/aplicaciones\/neumatica\/","title":{"rendered":"Neum\u00e1tica"},"content":{"rendered":"<p>Los presostatos de Elettrotec, adem\u00e1s de mejorar el funcionamiento y garantizar la seguridad, se utilizan para controlar la presi\u00f3n en los sistemas neum\u00e1ticos, proporcionando una se\u00f1al de salida cuando se alcanza el valor de presi\u00f3n establecido. Por ejemplo, un interruptor de presi\u00f3n asegura que se env\u00ede una se\u00f1al de cierre o apertura al compresor una vez que se alcanza el valor de presi\u00f3n requerido dentro del tanque. <\/p>\n","protected":false},"excerpt":{"rendered":"<p>Los presostatos de Elettrotec, adem\u00e1s de mejorar el funcionamiento y garantizar la seguridad, se utilizan para controlar la presi\u00f3n en los sistemas neum\u00e1ticos, proporcionando una se\u00f1al de salida cuando se alcanza el valor de presi\u00f3n establecido. Por ejemplo, un interruptor de presi\u00f3n asegura que se env\u00ede una se\u00f1al de cierre o apertura al compresor una [&hellip;]<\/p>\n","protected":false},"author":2,"featured_media":54408,"parent":54925,"menu_order":24,"comment_status":"closed","ping_status":"closed","template":"page-fullwidth.php","meta":{"_acf_changed":false,"footnotes":""},"acf":[],"yoast_head":"<!-- This site is optimized with the Yoast SEO plugin v24.3 - https:\/\/yoast.com\/wordpress\/plugins\/seo\/ -->\n<title>Neum\u00e1tica - Elettrotec<\/title>\n<meta name=\"robots\" content=\"index, follow, max-snippet:-1, max-image-preview:large, max-video-preview:-1\" \/>\n<link rel=\"canonical\" href=\"https:\/\/elettrotec.com\/es\/aplicaciones\/neumatica\/\" \/>\n<meta property=\"og:locale\" content=\"es_ES\" \/>\n<meta property=\"og:type\" content=\"article\" \/>\n<meta property=\"og:title\" content=\"Neum\u00e1tica - Elettrotec\" \/>\n<meta property=\"og:description\" content=\"Los presostatos de Elettrotec, adem\u00e1s de mejorar el funcionamiento y garantizar la seguridad, se utilizan para controlar la presi\u00f3n en los sistemas neum\u00e1ticos, proporcionando una se\u00f1al de salida cuando se alcanza el valor de presi\u00f3n establecido. Por ejemplo, un interruptor de presi\u00f3n asegura que se env\u00ede una se\u00f1al de cierre o apertura al compresor una [&hellip;]\" \/>\n<meta property=\"og:site_name\" content=\"Elettrotec\" \/>\n<meta property=\"article:modified_time\" content=\"2022-05-02T15:31:16+00:00\" \/>\n<meta property=\"og:image\" content=\"https:\/\/elettrotec.com\/wp-content\/uploads\/2020\/12\/PNEUMATICA_111078722-stock-photo-industrial-robotic-arm.jpg\" \/>\n\t<meta property=\"og:image:width\" content=\"1023\" \/>\n\t<meta property=\"og:image:height\" content=\"682\" \/>\n\t<meta property=\"og:image:type\" content=\"image\/jpeg\" \/>\n<meta name=\"twitter:card\" content=\"summary_large_image\" \/>\n<script type=\"application\/ld+json\" class=\"yoast-schema-graph\">{\"@context\":\"https:\/\/schema.org\",\"@graph\":[{\"@type\":\"WebPage\",\"@id\":\"https:\/\/elettrotec.com\/es\/aplicaciones\/neumatica\/\",\"url\":\"https:\/\/elettrotec.com\/es\/aplicaciones\/neumatica\/\",\"name\":\"Neum\u00e1tica - Elettrotec\",\"isPartOf\":{\"@id\":\"https:\/\/elettrotec.com\/es\/#website\"},\"primaryImageOfPage\":{\"@id\":\"https:\/\/elettrotec.com\/es\/aplicaciones\/neumatica\/#primaryimage\"},\"image\":{\"@id\":\"https:\/\/elettrotec.com\/es\/aplicaciones\/neumatica\/#primaryimage\"},\"thumbnailUrl\":\"https:\/\/elettrotec.com\/wp-content\/uploads\/2020\/12\/PNEUMATICA_111078722-stock-photo-industrial-robotic-arm.jpg\",\"datePublished\":\"2022-05-02T15:30:36+00:00\",\"dateModified\":\"2022-05-02T15:31:16+00:00\",\"breadcrumb\":{\"@id\":\"https:\/\/elettrotec.com\/es\/aplicaciones\/neumatica\/#breadcrumb\"},\"inLanguage\":\"es\",\"potentialAction\":[{\"@type\":\"ReadAction\",\"target\":[\"https:\/\/elettrotec.com\/es\/aplicaciones\/neumatica\/\"]}]},{\"@type\":\"ImageObject\",\"inLanguage\":\"es\",\"@id\":\"https:\/\/elettrotec.com\/es\/aplicaciones\/neumatica\/#primaryimage\",\"url\":\"https:\/\/elettrotec.com\/wp-content\/uploads\/2020\/12\/PNEUMATICA_111078722-stock-photo-industrial-robotic-arm.jpg\",\"contentUrl\":\"https:\/\/elettrotec.com\/wp-content\/uploads\/2020\/12\/PNEUMATICA_111078722-stock-photo-industrial-robotic-arm.jpg\",\"width\":1023,\"height\":682,\"caption\":\"Sistemi per controllo fluidi in industria Pneumatica\"},{\"@type\":\"BreadcrumbList\",\"@id\":\"https:\/\/elettrotec.com\/es\/aplicaciones\/neumatica\/#breadcrumb\",\"itemListElement\":[{\"@type\":\"ListItem\",\"position\":1,\"name\":\"Home\",\"item\":\"https:\/\/elettrotec.com\/es\/\"},{\"@type\":\"ListItem\",\"position\":2,\"name\":\"Aplicaciones\",\"item\":\"https:\/\/elettrotec.com\/es\/aplicaciones\/\"},{\"@type\":\"ListItem\",\"position\":3,\"name\":\"Neum\u00e1tica\"}]},{\"@type\":\"WebSite\",\"@id\":\"https:\/\/elettrotec.com\/es\/#website\",\"url\":\"https:\/\/elettrotec.com\/es\/\",\"name\":\"Elettrotec\",\"description\":\"Firma il terzo millennio\",\"publisher\":{\"@id\":\"https:\/\/elettrotec.com\/es\/#organization\"},\"potentialAction\":[{\"@type\":\"SearchAction\",\"target\":{\"@type\":\"EntryPoint\",\"urlTemplate\":\"https:\/\/elettrotec.com\/es\/?s={search_term_string}\"},\"query-input\":{\"@type\":\"PropertyValueSpecification\",\"valueRequired\":true,\"valueName\":\"search_term_string\"}}],\"inLanguage\":\"es\"},{\"@type\":\"Organization\",\"@id\":\"https:\/\/elettrotec.com\/es\/#organization\",\"name\":\"Elettrotec\",\"url\":\"https:\/\/elettrotec.com\/es\/\",\"logo\":{\"@type\":\"ImageObject\",\"inLanguage\":\"es\",\"@id\":\"https:\/\/elettrotec.com\/es\/#\/schema\/logo\/image\/\",\"url\":\"https:\/\/elettrotec.com\/wp-content\/uploads\/2023\/02\/logo-en-mail.png\",\"contentUrl\":\"https:\/\/elettrotec.com\/wp-content\/uploads\/2023\/02\/logo-en-mail.png\",\"width\":800,\"height\":254,\"caption\":\"Elettrotec\"},\"image\":{\"@id\":\"https:\/\/elettrotec.com\/es\/#\/schema\/logo\/image\/\"},\"sameAs\":[\"https:\/\/www.linkedin.com\/company\/elettrotec-s-r-l-\/\",\"https:\/\/www.youtube.com\/channel\/UCm1tzdb0uycgBxrIVlnBjFw\"]}]}<\/script>\n<!-- \/ Yoast SEO plugin. -->","yoast_head_json":{"title":"Neum\u00e1tica - Elettrotec","robots":{"index":"index","follow":"follow","max-snippet":"max-snippet:-1","max-image-preview":"max-image-preview:large","max-video-preview":"max-video-preview:-1"},"canonical":"https:\/\/elettrotec.com\/es\/aplicaciones\/neumatica\/","og_locale":"es_ES","og_type":"article","og_title":"Neum\u00e1tica - Elettrotec","og_description":"Los presostatos de Elettrotec, adem\u00e1s de mejorar el funcionamiento y garantizar la seguridad, se utilizan para controlar la presi\u00f3n en los sistemas neum\u00e1ticos, proporcionando una se\u00f1al de salida cuando se alcanza el valor de presi\u00f3n establecido. Por ejemplo, un interruptor de presi\u00f3n asegura que se env\u00ede una se\u00f1al de cierre o apertura al compresor una [&hellip;]","og_site_name":"Elettrotec","article_modified_time":"2022-05-02T15:31:16+00:00","og_image":[{"width":1023,"height":682,"url":"https:\/\/elettrotec.com\/wp-content\/uploads\/2020\/12\/PNEUMATICA_111078722-stock-photo-industrial-robotic-arm.jpg","type":"image\/jpeg"}],"twitter_card":"summary_large_image","schema":{"@context":"https:\/\/schema.org","@graph":[{"@type":"WebPage","@id":"https:\/\/elettrotec.com\/es\/aplicaciones\/neumatica\/","url":"https:\/\/elettrotec.com\/es\/aplicaciones\/neumatica\/","name":"Neum\u00e1tica - Elettrotec","isPartOf":{"@id":"https:\/\/elettrotec.com\/es\/#website"},"primaryImageOfPage":{"@id":"https:\/\/elettrotec.com\/es\/aplicaciones\/neumatica\/#primaryimage"},"image":{"@id":"https:\/\/elettrotec.com\/es\/aplicaciones\/neumatica\/#primaryimage"},"thumbnailUrl":"https:\/\/elettrotec.com\/wp-content\/uploads\/2020\/12\/PNEUMATICA_111078722-stock-photo-industrial-robotic-arm.jpg","datePublished":"2022-05-02T15:30:36+00:00","dateModified":"2022-05-02T15:31:16+00:00","breadcrumb":{"@id":"https:\/\/elettrotec.com\/es\/aplicaciones\/neumatica\/#breadcrumb"},"inLanguage":"es","potentialAction":[{"@type":"ReadAction","target":["https:\/\/elettrotec.com\/es\/aplicaciones\/neumatica\/"]}]},{"@type":"ImageObject","inLanguage":"es","@id":"https:\/\/elettrotec.com\/es\/aplicaciones\/neumatica\/#primaryimage","url":"https:\/\/elettrotec.com\/wp-content\/uploads\/2020\/12\/PNEUMATICA_111078722-stock-photo-industrial-robotic-arm.jpg","contentUrl":"https:\/\/elettrotec.com\/wp-content\/uploads\/2020\/12\/PNEUMATICA_111078722-stock-photo-industrial-robotic-arm.jpg","width":1023,"height":682,"caption":"Sistemi per controllo fluidi in industria Pneumatica"},{"@type":"BreadcrumbList","@id":"https:\/\/elettrotec.com\/es\/aplicaciones\/neumatica\/#breadcrumb","itemListElement":[{"@type":"ListItem","position":1,"name":"Home","item":"https:\/\/elettrotec.com\/es\/"},{"@type":"ListItem","position":2,"name":"Aplicaciones","item":"https:\/\/elettrotec.com\/es\/aplicaciones\/"},{"@type":"ListItem","position":3,"name":"Neum\u00e1tica"}]},{"@type":"WebSite","@id":"https:\/\/elettrotec.com\/es\/#website","url":"https:\/\/elettrotec.com\/es\/","name":"Elettrotec","description":"Firma il terzo millennio","publisher":{"@id":"https:\/\/elettrotec.com\/es\/#organization"},"potentialAction":[{"@type":"SearchAction","target":{"@type":"EntryPoint","urlTemplate":"https:\/\/elettrotec.com\/es\/?s={search_term_string}"},"query-input":{"@type":"PropertyValueSpecification","valueRequired":true,"valueName":"search_term_string"}}],"inLanguage":"es"},{"@type":"Organization","@id":"https:\/\/elettrotec.com\/es\/#organization","name":"Elettrotec","url":"https:\/\/elettrotec.com\/es\/","logo":{"@type":"ImageObject","inLanguage":"es","@id":"https:\/\/elettrotec.com\/es\/#\/schema\/logo\/image\/","url":"https:\/\/elettrotec.com\/wp-content\/uploads\/2023\/02\/logo-en-mail.png","contentUrl":"https:\/\/elettrotec.com\/wp-content\/uploads\/2023\/02\/logo-en-mail.png","width":800,"height":254,"caption":"Elettrotec"},"image":{"@id":"https:\/\/elettrotec.com\/es\/#\/schema\/logo\/image\/"},"sameAs":["https:\/\/www.linkedin.com\/company\/elettrotec-s-r-l-\/","https:\/\/www.youtube.com\/channel\/UCm1tzdb0uycgBxrIVlnBjFw"]}]}},"_links":{"self":[{"href":"https:\/\/elettrotec.com\/es\/wp-json\/wp\/v2\/pages\/54986"}],"collection":[{"href":"https:\/\/elettrotec.com\/es\/wp-json\/wp\/v2\/pages"}],"about":[{"href":"https:\/\/elettrotec.com\/es\/wp-json\/wp\/v2\/types\/page"}],"author":[{"embeddable":true,"href":"https:\/\/elettrotec.com\/es\/wp-json\/wp\/v2\/users\/2"}],"replies":[{"embeddable":true,"href":"https:\/\/elettrotec.com\/es\/wp-json\/wp\/v2\/comments?post=54986"}],"version-history":[{"count":3,"href":"https:\/\/elettrotec.com\/es\/wp-json\/wp\/v2\/pages\/54986\/revisions"}],"predecessor-version":[{"id":54990,"href":"https:\/\/elettrotec.com\/es\/wp-json\/wp\/v2\/pages\/54986\/revisions\/54990"}],"up":[{"embeddable":true,"href":"https:\/\/elettrotec.com\/es\/wp-json\/wp\/v2\/pages\/54925"}],"wp:featuredmedia":[{"embeddable":true,"href":"https:\/\/elettrotec.com\/es\/wp-json\/wp\/v2\/media\/54408"}],"wp:attachment":[{"href":"https:\/\/elettrotec.com\/es\/wp-json\/wp\/v2\/media?parent=54986"}],"curies":[{"name":"wp","href":"https:\/\/api.w.org\/{rel}","templated":true}]}}