{"id":55026,"date":"2020-11-24T09:46:26","date_gmt":"2020-11-24T08:46:26","guid":{"rendered":"https:\/\/elettrotec.com\/qualita\/"},"modified":"2023-03-07T17:44:07","modified_gmt":"2023-03-07T16:44:07","slug":"calidad","status":"publish","type":"page","link":"https:\/\/elettrotec.com\/es\/calidad\/","title":{"rendered":"Calidad"},"content":{"rendered":"<div id=\"madeinitaly\"><\/div>\n<div class=\"container row p-0 mx-0 my-5\">\n<div class=\"col-md-7 p-0\">\n<h2 class=\"textblue text-left\">Made in Italy<\/h2>\n<p>Made in Italy significa cultura de producto como resultado de la creatividad y la flexibilidad italianas.<\/p>\n<p>Todos nuestros productos est\u00e1n marcados con las palabras \u00abMade in Italy\u00bb para identificar el lugar de producci\u00f3n.<\/p>\n<p>Elettrotec controla y monitorea constantemente su proceso de producci\u00f3n y la calidad de sus proveedores; por ello, la empresa valora el trabajo italiano colaborando con empresas que utilizan materiales de origen italiano.\n<\/p><\/div>\n<div class=\"col-md-5\">\n<img loading=\"lazy\" decoding=\"async\" width=\"1056\" height=\"740\" class=\"size-medium wp-image-614 alignright pl-md-4 mb-4\" src=\"\/wp-content\/uploads\/2020\/12\/bandiera_logo.jpg\" alt=\"\" srcset=\"https:\/\/elettrotec.com\/wp-content\/uploads\/2020\/12\/bandiera_logo.jpg 1056w, https:\/\/elettrotec.com\/wp-content\/uploads\/2020\/12\/bandiera_logo-800x561.jpg 800w, https:\/\/elettrotec.com\/wp-content\/uploads\/2020\/12\/bandiera_logo-428x300.jpg 428w, https:\/\/elettrotec.com\/wp-content\/uploads\/2020\/12\/bandiera_logo-768x538.jpg 768w\" sizes=\"(max-width: 1056px) 100vw, 1056px\" \/><\/p>\n<\/div>\n<\/div>\n<div id=\"ricercaesviluppo\"><\/div>\n<div class=\"container row p-0 mx-0 my-5 align-items-center bg-darkgrey\">\n<div class=\"col-md-8 order-md-2\">\n<h2 class=\"textblue text-left\">Investigaci\u00f3n y desarrollo<\/h2>\n<p>El departamento R&#038;D de Elettrotec, formado por un competente equipo de ingenieros, tiene como objetivo desarrollar nuevos productos, de acuerdo con las necesidades del mercado.<\/p>\n<p>Las fases de dise\u00f1o y ensayo de cada producto se realizan \u00edntegramente dentro de la empresa, de acuerdo con los estrictos procedimientos establecidos por la certificaci\u00f3n del sistema de calidad UNI EN ISO 9001: 2015, utilizando equipos espec\u00edficos propiedad de Elettrotec.<\/p>\n<p>Cada producto se revisa cuidadosamente con extrema atenci\u00f3n de acuerdo con criterios de compatibilidad electromagn\u00e9tica y ambiental y de acuerdo con pruebas espec\u00edficas relacionadas con las diversas certificaciones de los productos individuales.<\/p>\n<p>El conjunto de c\u00e1maras clim\u00e1ticas, bancos de carga, simuladores de procesos, equipos para medir la cantidad f\u00edsica y controles espec\u00edficos para la calibraci\u00f3n, aseguran el mejor est\u00e1ndar de calidad.<\/p>\n<p>Nuestros productos son el resultado de controles espec\u00edficos y precisos y representan una garant\u00eda real firmada por Elettrotec.<\/p>\n<\/div>\n<div class=\"col-md-4 p-0\">\n<div class=\"parallax-divvo titolopage_container w-100\" data-altezza=\"500\" data-image-src=\"\/wp-content\/uploads\/2020\/12\/sviluppo.jpg\" data-z-index=\"999\"><\/div>\n<\/div>\n<\/div>\n<div id=\"sostenibilita\"><\/div>\n<div class=\"container row p-0 mx-0 my-5\">\n<div class=\"col-md-7 p-0\">\n<h2 class=\"textblue text-left\">Sustentabilidad<\/h2>\n<p>La sustentabilidad corporativa es ahora sin\u00f3nimo de crecimiento y \u00e9xito, por lo que Elettrotec est\u00e1 implementando nuevas estrategias capaces de lograr simult\u00e1neamente la sustentabilidad en los campos ambiental, social y econ\u00f3mico.<\/p>\n<p>Con esto en mente, Elettrotec est\u00e1 comprometida, ahora m\u00e1s que nunca, con la protecci\u00f3n del medio ambiente y los recursos naturales, minimizando el impacto negativo, con el objetivo de brindar un mundo mejor para las generaciones futuras.\n<\/p><\/div>\n<div class=\"col-md-5\">\n<img loading=\"lazy\" decoding=\"async\" width=\"1347\" height=\"1325\" class=\"alignnone wp-image-625 alignright pl-md-4\" src=\"\/wp-content\/uploads\/2020\/12\/sostenibilita.jpg\" alt=\"\" srcset=\"https:\/\/elettrotec.com\/wp-content\/uploads\/2020\/12\/sostenibilita.jpg 1347w, https:\/\/elettrotec.com\/wp-content\/uploads\/2020\/12\/sostenibilita-800x787.jpg 800w, https:\/\/elettrotec.com\/wp-content\/uploads\/2020\/12\/sostenibilita-305x300.jpg 305w, https:\/\/elettrotec.com\/wp-content\/uploads\/2020\/12\/sostenibilita-1041x1024.jpg 1041w, https:\/\/elettrotec.com\/wp-content\/uploads\/2020\/12\/sostenibilita-768x755.jpg 768w\" sizes=\"(max-width: 1347px) 100vw, 1347px\" \/>\n<\/div>\n<\/div>\n","protected":false},"excerpt":{"rendered":"<p>Made in Italy Made in Italy significa cultura de producto como resultado de la creatividad y la flexibilidad italianas. Todos nuestros productos est\u00e1n marcados con las palabras \u00abMade in Italy\u00bb para identificar el lugar de producci\u00f3n. Elettrotec controla y monitorea constantemente su proceso de producci\u00f3n y la calidad de sus proveedores; por ello, la empresa [&hellip;]<\/p>\n","protected":false},"author":2,"featured_media":54411,"parent":0,"menu_order":8,"comment_status":"closed","ping_status":"closed","template":"page-fullwidth.php","meta":{"_acf_changed":false,"footnotes":""},"acf":[],"yoast_head":"<!-- This site is optimized with the Yoast SEO plugin v24.3 - https:\/\/yoast.com\/wordpress\/plugins\/seo\/ -->\n<title>Calidad - Elettrotec<\/title>\n<meta name=\"robots\" content=\"index, follow, max-snippet:-1, max-image-preview:large, max-video-preview:-1\" \/>\n<link rel=\"canonical\" href=\"https:\/\/elettrotec.com\/es\/calidad\/\" \/>\n<meta property=\"og:locale\" content=\"es_ES\" \/>\n<meta property=\"og:type\" content=\"article\" \/>\n<meta property=\"og:title\" content=\"Calidad - Elettrotec\" \/>\n<meta property=\"og:description\" content=\"Made in Italy Made in Italy significa cultura de producto como resultado de la creatividad y la flexibilidad italianas. Todos nuestros productos est\u00e1n marcados con las palabras \u00abMade in Italy\u00bb para identificar el lugar de producci\u00f3n. Elettrotec controla y monitorea constantemente su proceso de producci\u00f3n y la calidad de sus proveedores; por ello, la empresa [&hellip;]\" \/>\n<meta property=\"og:site_name\" content=\"Elettrotec\" \/>\n<meta property=\"article:modified_time\" content=\"2023-03-07T16:44:07+00:00\" \/>\n<meta property=\"og:image\" content=\"https:\/\/elettrotec.com\/wp-content\/uploads\/2020\/12\/qualita.jpg\" \/>\n\t<meta property=\"og:image:width\" content=\"1920\" \/>\n\t<meta property=\"og:image:height\" content=\"1080\" \/>\n\t<meta property=\"og:image:type\" content=\"image\/jpeg\" \/>\n<meta name=\"twitter:card\" content=\"summary_large_image\" \/>\n<meta name=\"twitter:label1\" content=\"Tiempo de lectura\" \/>\n\t<meta name=\"twitter:data1\" content=\"2 minutos\" \/>\n<script type=\"application\/ld+json\" class=\"yoast-schema-graph\">{\"@context\":\"https:\/\/schema.org\",\"@graph\":[{\"@type\":\"WebPage\",\"@id\":\"https:\/\/elettrotec.com\/es\/calidad\/\",\"url\":\"https:\/\/elettrotec.com\/es\/calidad\/\",\"name\":\"Calidad - Elettrotec\",\"isPartOf\":{\"@id\":\"https:\/\/elettrotec.com\/es\/#website\"},\"primaryImageOfPage\":{\"@id\":\"https:\/\/elettrotec.com\/es\/calidad\/#primaryimage\"},\"image\":{\"@id\":\"https:\/\/elettrotec.com\/es\/calidad\/#primaryimage\"},\"thumbnailUrl\":\"https:\/\/elettrotec.com\/wp-content\/uploads\/2020\/12\/qualita.jpg\",\"datePublished\":\"2020-11-24T08:46:26+00:00\",\"dateModified\":\"2023-03-07T16:44:07+00:00\",\"breadcrumb\":{\"@id\":\"https:\/\/elettrotec.com\/es\/calidad\/#breadcrumb\"},\"inLanguage\":\"es\",\"potentialAction\":[{\"@type\":\"ReadAction\",\"target\":[\"https:\/\/elettrotec.com\/es\/calidad\/\"]}]},{\"@type\":\"ImageObject\",\"inLanguage\":\"es\",\"@id\":\"https:\/\/elettrotec.com\/es\/calidad\/#primaryimage\",\"url\":\"https:\/\/elettrotec.com\/wp-content\/uploads\/2020\/12\/qualita.jpg\",\"contentUrl\":\"https:\/\/elettrotec.com\/wp-content\/uploads\/2020\/12\/qualita.jpg\",\"width\":1920,\"height\":1080},{\"@type\":\"BreadcrumbList\",\"@id\":\"https:\/\/elettrotec.com\/es\/calidad\/#breadcrumb\",\"itemListElement\":[{\"@type\":\"ListItem\",\"position\":1,\"name\":\"Home\",\"item\":\"https:\/\/elettrotec.com\/es\/\"},{\"@type\":\"ListItem\",\"position\":2,\"name\":\"Calidad\"}]},{\"@type\":\"WebSite\",\"@id\":\"https:\/\/elettrotec.com\/es\/#website\",\"url\":\"https:\/\/elettrotec.com\/es\/\",\"name\":\"Elettrotec\",\"description\":\"Firma il terzo millennio\",\"publisher\":{\"@id\":\"https:\/\/elettrotec.com\/es\/#organization\"},\"potentialAction\":[{\"@type\":\"SearchAction\",\"target\":{\"@type\":\"EntryPoint\",\"urlTemplate\":\"https:\/\/elettrotec.com\/es\/?s={search_term_string}\"},\"query-input\":{\"@type\":\"PropertyValueSpecification\",\"valueRequired\":true,\"valueName\":\"search_term_string\"}}],\"inLanguage\":\"es\"},{\"@type\":\"Organization\",\"@id\":\"https:\/\/elettrotec.com\/es\/#organization\",\"name\":\"Elettrotec\",\"url\":\"https:\/\/elettrotec.com\/es\/\",\"logo\":{\"@type\":\"ImageObject\",\"inLanguage\":\"es\",\"@id\":\"https:\/\/elettrotec.com\/es\/#\/schema\/logo\/image\/\",\"url\":\"https:\/\/elettrotec.com\/wp-content\/uploads\/2023\/02\/logo-en-mail.png\",\"contentUrl\":\"https:\/\/elettrotec.com\/wp-content\/uploads\/2023\/02\/logo-en-mail.png\",\"width\":800,\"height\":254,\"caption\":\"Elettrotec\"},\"image\":{\"@id\":\"https:\/\/elettrotec.com\/es\/#\/schema\/logo\/image\/\"},\"sameAs\":[\"https:\/\/www.linkedin.com\/company\/elettrotec-s-r-l-\/\",\"https:\/\/www.youtube.com\/channel\/UCm1tzdb0uycgBxrIVlnBjFw\"]}]}<\/script>\n<!-- \/ Yoast SEO plugin. -->","yoast_head_json":{"title":"Calidad - Elettrotec","robots":{"index":"index","follow":"follow","max-snippet":"max-snippet:-1","max-image-preview":"max-image-preview:large","max-video-preview":"max-video-preview:-1"},"canonical":"https:\/\/elettrotec.com\/es\/calidad\/","og_locale":"es_ES","og_type":"article","og_title":"Calidad - Elettrotec","og_description":"Made in Italy Made in Italy significa cultura de producto como resultado de la creatividad y la flexibilidad italianas. Todos nuestros productos est\u00e1n marcados con las palabras \u00abMade in Italy\u00bb para identificar el lugar de producci\u00f3n. Elettrotec controla y monitorea constantemente su proceso de producci\u00f3n y la calidad de sus proveedores; por ello, la empresa [&hellip;]","og_site_name":"Elettrotec","article_modified_time":"2023-03-07T16:44:07+00:00","og_image":[{"width":1920,"height":1080,"url":"https:\/\/elettrotec.com\/wp-content\/uploads\/2020\/12\/qualita.jpg","type":"image\/jpeg"}],"twitter_card":"summary_large_image","twitter_misc":{"Tiempo de lectura":"2 minutos"},"schema":{"@context":"https:\/\/schema.org","@graph":[{"@type":"WebPage","@id":"https:\/\/elettrotec.com\/es\/calidad\/","url":"https:\/\/elettrotec.com\/es\/calidad\/","name":"Calidad - Elettrotec","isPartOf":{"@id":"https:\/\/elettrotec.com\/es\/#website"},"primaryImageOfPage":{"@id":"https:\/\/elettrotec.com\/es\/calidad\/#primaryimage"},"image":{"@id":"https:\/\/elettrotec.com\/es\/calidad\/#primaryimage"},"thumbnailUrl":"https:\/\/elettrotec.com\/wp-content\/uploads\/2020\/12\/qualita.jpg","datePublished":"2020-11-24T08:46:26+00:00","dateModified":"2023-03-07T16:44:07+00:00","breadcrumb":{"@id":"https:\/\/elettrotec.com\/es\/calidad\/#breadcrumb"},"inLanguage":"es","potentialAction":[{"@type":"ReadAction","target":["https:\/\/elettrotec.com\/es\/calidad\/"]}]},{"@type":"ImageObject","inLanguage":"es","@id":"https:\/\/elettrotec.com\/es\/calidad\/#primaryimage","url":"https:\/\/elettrotec.com\/wp-content\/uploads\/2020\/12\/qualita.jpg","contentUrl":"https:\/\/elettrotec.com\/wp-content\/uploads\/2020\/12\/qualita.jpg","width":1920,"height":1080},{"@type":"BreadcrumbList","@id":"https:\/\/elettrotec.com\/es\/calidad\/#breadcrumb","itemListElement":[{"@type":"ListItem","position":1,"name":"Home","item":"https:\/\/elettrotec.com\/es\/"},{"@type":"ListItem","position":2,"name":"Calidad"}]},{"@type":"WebSite","@id":"https:\/\/elettrotec.com\/es\/#website","url":"https:\/\/elettrotec.com\/es\/","name":"Elettrotec","description":"Firma il terzo millennio","publisher":{"@id":"https:\/\/elettrotec.com\/es\/#organization"},"potentialAction":[{"@type":"SearchAction","target":{"@type":"EntryPoint","urlTemplate":"https:\/\/elettrotec.com\/es\/?s={search_term_string}"},"query-input":{"@type":"PropertyValueSpecification","valueRequired":true,"valueName":"search_term_string"}}],"inLanguage":"es"},{"@type":"Organization","@id":"https:\/\/elettrotec.com\/es\/#organization","name":"Elettrotec","url":"https:\/\/elettrotec.com\/es\/","logo":{"@type":"ImageObject","inLanguage":"es","@id":"https:\/\/elettrotec.com\/es\/#\/schema\/logo\/image\/","url":"https:\/\/elettrotec.com\/wp-content\/uploads\/2023\/02\/logo-en-mail.png","contentUrl":"https:\/\/elettrotec.com\/wp-content\/uploads\/2023\/02\/logo-en-mail.png","width":800,"height":254,"caption":"Elettrotec"},"image":{"@id":"https:\/\/elettrotec.com\/es\/#\/schema\/logo\/image\/"},"sameAs":["https:\/\/www.linkedin.com\/company\/elettrotec-s-r-l-\/","https:\/\/www.youtube.com\/channel\/UCm1tzdb0uycgBxrIVlnBjFw"]}]}},"_links":{"self":[{"href":"https:\/\/elettrotec.com\/es\/wp-json\/wp\/v2\/pages\/55026"}],"collection":[{"href":"https:\/\/elettrotec.com\/es\/wp-json\/wp\/v2\/pages"}],"about":[{"href":"https:\/\/elettrotec.com\/es\/wp-json\/wp\/v2\/types\/page"}],"author":[{"embeddable":true,"href":"https:\/\/elettrotec.com\/es\/wp-json\/wp\/v2\/users\/2"}],"replies":[{"embeddable":true,"href":"https:\/\/elettrotec.com\/es\/wp-json\/wp\/v2\/comments?post=55026"}],"version-history":[{"count":3,"href":"https:\/\/elettrotec.com\/es\/wp-json\/wp\/v2\/pages\/55026\/revisions"}],"predecessor-version":[{"id":62402,"href":"https:\/\/elettrotec.com\/es\/wp-json\/wp\/v2\/pages\/55026\/revisions\/62402"}],"wp:featuredmedia":[{"embeddable":true,"href":"https:\/\/elettrotec.com\/es\/wp-json\/wp\/v2\/media\/54411"}],"wp:attachment":[{"href":"https:\/\/elettrotec.com\/es\/wp-json\/wp\/v2\/media?parent=55026"}],"curies":[{"name":"wp","href":"https:\/\/api.w.org\/{rel}","templated":true}]}}