{"id":66667,"date":"2020-12-02T11:08:33","date_gmt":"2020-12-02T10:08:33","guid":{"rendered":"https:\/\/elettrotec.com\/cookie-policy\/"},"modified":"2023-06-21T16:58:32","modified_gmt":"2023-06-21T14:58:32","slug":"cookie-policy","status":"publish","type":"page","link":"https:\/\/elettrotec.com\/es\/cookie-policy\/","title":{"rendered":"Pol\u00edtica de Cookies"},"content":{"rendered":"<p><strong>POL\u00cdTICA DE COOKIES<\/strong><\/p>\n<p>Bienvenido al sitio web de Electrotec. Le invitamos a leer esta p\u00e1gina que describe qu\u00e9 tipos de cookies se utilizan en el sitio de Electrotec.<\/p>\n<p><strong>Las cookies: qu\u00e9 son y para qu\u00e9 sirven<\/strong><\/p>\n<p>Las &#8216;cookies&#8217; son peque\u00f1os archivos de texto que algunos sitios web env\u00edan a su computadora o dispositivo m\u00f3vil cuando accede a un sitio en particular o utiliza sus servicios. El prop\u00f3sito es adquirir y transportar informaci\u00f3n. Las cookies se env\u00edan desde el servidor web (en el que se ejecuta el sitio visitado) al navegador que est\u00e1 utilizando (Internet Explorer, Mozilla Firefox, Google Chrome, etc.) y luego se almacenan en su computadora.<\/p>\n<p>Si desea obtener m\u00e1s informaci\u00f3n sobre las cookies, visite www.allaboutcookies.org<\/p>\n<p>En general, las cookies se pueden utilizar por varias razones, por ejemplo, para medir el uso del sitio por parte de los visitantes, mejorar la navegaci\u00f3n por las p\u00e1ginas, para permitirle establecer preferencias personales en los sitios que est\u00e1 visitando para proteger su seguridad, para mostrar anuncios en basado en los intereses de los visitantes.<\/p>\n<p><strong>Los tipos de cookies que utilizamos<\/strong><\/p>\n<p>Durante la navegaci\u00f3n por Internet se registra autom\u00e1ticamente cierta informaci\u00f3n como por ejemplo: el nombre de su proveedor de acceso a Internet, el sitio de origen, las p\u00e1ginas visitadas, la duraci\u00f3n de la visita, etc. Esta informaci\u00f3n ser\u00e1 registrada de forma totalmente an\u00f3nima.<\/p>\n<p>Las cookies utilizadas por nuestros sitios se pueden clasificar de acuerdo con el prop\u00f3sito perseguido como se describe a continuaci\u00f3n:<\/p>\n<p><strong>Cookies t\u00e9cnicas<\/strong><\/p>\n<p>Son las cookies utilizadas con el \u00fanico fin \u00abefectuar la transmisi\u00f3n de una comunicaci\u00f3n a trav\u00e9s de una red de comunicaciones electr\u00f3nicas, o en la medida estrictamente necesaria para el proveedor de un servicio de la sociedad de la informaci\u00f3n expresamente solicitado por el abonado o el usuario para prestar dicho servicio\u00bb (art. 122, p\u00e1rrafo 1 del C\u00f3digo en materia de protecci\u00f3n de datos personales), con el fin de mejorar los servicios y mejorar la navegaci\u00f3n y el funcionamiento del sitio.<\/p>\n<p><strong>Cookies de elaboraci\u00f3n de perfiles<\/strong><\/p>\n<p>Son las cookies utilizadas para rastrear la navegaci\u00f3n del usuario en la red y crear perfiles sobre sus gustos, h\u00e1bitos, opciones, etc. Con estas cookies se pueden transmitir al terminal del usuario mensajes publicitarios en l\u00ednea con las preferencias ya manifestadas por el mismo usuario en la navegaci\u00f3n online.<\/p>\n<p><strong>Aceptaci\u00f3n de esta pol\u00edtica de privacidad<\/strong><\/p>\n<p>Al continuar navegando por el sitio web de Electrotec, usted acepta esta Pol\u00edtica de Cookies y acepta el uso de cookies de acuerdo con lo descrito en esta p\u00e1gina.<\/p>\n<p>Si decides no aceptarla, te invitamos a configurar tu navegador de forma adecuada o a no utilizar los sitios web de Electrotec. Le recordamos que la desactivaci\u00f3n de algunas cookies puede afectar a su navegaci\u00f3n por Internet.<\/p>\n<p><strong>C\u00f3mo controlar y eliminar las cookies<\/strong><\/p>\n<p>La mayor\u00eda de los navegadores de Internet est\u00e1n configurados para aceptar cookies de forma autom\u00e1tica. Tiene la posibilidad, en todo momento, de configurar su navegador para que acepte todas las cookies, solo algunas, o para rechazarlas, deshabilitando el uso por parte de los sitios. Adem\u00e1s, puede configurar las preferencias de su navegador para que se le notifique cada vez que una cookie se almacena en la memoria de su computadora.<\/p>\n<p>Al final de cada sesi\u00f3n de navegaci\u00f3n, puede eliminar las cookies recogidas de su disco duro. Para eliminar las cookies instaladas en la carpeta de cookies del navegador utilizado, cada navegador tiene diferentes procedimientos para administrar la configuraci\u00f3n.<\/p>\n<p>Al seleccionar los siguientes enlaces, puede obtener instrucciones espec\u00edficas para algunos de los principales navegadores:<\/p>\n<ul>\n<li><a href=\"https:\/\/support.microsoft.com\/it-it\/help\/278835\/how-to-delete-cookie-files-in-internet-explorer\"><u>Microsoft Windows Explorer<\/u><\/a><\/li>\n<li><a href=\"https:\/\/support.google.com\/chrome\/answer\/95647?co=GENIE.Platform%3DDesktop&amp;hl=it\"><u>Google Chrome<\/u><\/a><\/li>\n<li><a href=\"https:\/\/support.mozilla.org\/it\/kb\/Gestione%20dei%20cookie\"><u>Mozilla Firefox<\/u><\/a><\/li>\n<li><a href=\"https:\/\/support.apple.com\/kb\/PH19214?locale=it_IT\"><u>Apple Safari<\/u><\/a><\/li>\n<\/ul>\n<p>&nbsp;<\/p>\n<p><strong>Servicios de terceros<\/strong><\/p>\n<p><span style=\"font-family: -apple-system, BlinkMacSystemFont, 'Segoe UI', Roboto, 'Helvetica Neue', Arial, 'Noto Sans', sans-serif, 'Apple Color Emoji', 'Segoe UI Emoji', 'Segoe UI Symbol', 'Noto Color Emoji'; font-size: 1rem;\">Este sitio utiliza servicios de terceros que requieren el uso de cookies:<\/span><\/p>\n<p>Lead Champion es un servicio de generaci\u00f3n de leads prestado por IntelligenceFocus Inc. Lugar del tratamiento: Espa\u00f1a \u2013 <a href=\"http:\/\/www.leadchampion.com\/privacy\/\">Privacy Policy<\/a>&#8211;<a href=\"http:\/\/www.leadchampion.com\/optout\/\">Opt Out<\/a><br \/>\nURL Privacy Policy: <a href=\"http:\/\/www.leadchampion.com\/privacy\/\" target=\"_blank\" rel=\"noopener noreferrer\">http:\/\/www.leadchampion.com\/privacy\/<\/a><br \/>\nURL Opt Out: <a href=\"http:\/\/www.leadchampion.com\/optout\/\" target=\"_blank\" rel=\"noopener noreferrer\">http:\/\/www.leadchampion.com\/optout\/<\/a><\/p>\n<div>\n<p>&nbsp;<\/p>\n<\/div>\n","protected":false},"excerpt":{"rendered":"<p>POL\u00cdTICA DE COOKIES Bienvenido al sitio web de Electrotec. Le invitamos a leer esta p\u00e1gina que describe qu\u00e9 tipos de cookies se utilizan en el sitio de Electrotec. Las cookies: qu\u00e9 son y para qu\u00e9 sirven Las &#8216;cookies&#8217; son peque\u00f1os archivos de texto que algunos sitios web env\u00edan a su computadora o dispositivo m\u00f3vil cuando [&hellip;]<\/p>\n","protected":false},"author":2,"featured_media":0,"parent":0,"menu_order":2,"comment_status":"closed","ping_status":"closed","template":"page-fullwidth.php","meta":{"_acf_changed":false,"footnotes":""},"acf":[],"yoast_head":"<!-- This site is optimized with the Yoast SEO plugin v24.3 - https:\/\/yoast.com\/wordpress\/plugins\/seo\/ -->\n<title>Pol\u00edtica de Cookies - Elettrotec<\/title>\n<meta name=\"robots\" content=\"index, follow, max-snippet:-1, max-image-preview:large, max-video-preview:-1\" \/>\n<link rel=\"canonical\" href=\"https:\/\/elettrotec.com\/es\/cookie-policy\/\" \/>\n<meta property=\"og:locale\" content=\"es_ES\" \/>\n<meta property=\"og:type\" content=\"article\" \/>\n<meta property=\"og:title\" content=\"Pol\u00edtica de Cookies - Elettrotec\" \/>\n<meta property=\"og:description\" content=\"POL\u00cdTICA DE COOKIES Bienvenido al sitio web de Electrotec. Le invitamos a leer esta p\u00e1gina que describe qu\u00e9 tipos de cookies se utilizan en el sitio de Electrotec. Las cookies: qu\u00e9 son y para qu\u00e9 sirven Las &#8216;cookies&#8217; son peque\u00f1os archivos de texto que algunos sitios web env\u00edan a su computadora o dispositivo m\u00f3vil cuando [&hellip;]\" \/>\n<meta property=\"og:site_name\" content=\"Elettrotec\" \/>\n<meta property=\"article:modified_time\" content=\"2023-06-21T14:58:32+00:00\" \/>\n<meta name=\"twitter:card\" content=\"summary_large_image\" \/>\n<meta name=\"twitter:label1\" content=\"Tiempo de lectura\" \/>\n\t<meta name=\"twitter:data1\" content=\"4 minutos\" \/>\n<script type=\"application\/ld+json\" class=\"yoast-schema-graph\">{\"@context\":\"https:\/\/schema.org\",\"@graph\":[{\"@type\":\"WebPage\",\"@id\":\"https:\/\/elettrotec.com\/es\/cookie-policy\/\",\"url\":\"https:\/\/elettrotec.com\/es\/cookie-policy\/\",\"name\":\"Pol\u00edtica de Cookies - Elettrotec\",\"isPartOf\":{\"@id\":\"https:\/\/elettrotec.com\/es\/#website\"},\"datePublished\":\"2020-12-02T10:08:33+00:00\",\"dateModified\":\"2023-06-21T14:58:32+00:00\",\"breadcrumb\":{\"@id\":\"https:\/\/elettrotec.com\/es\/cookie-policy\/#breadcrumb\"},\"inLanguage\":\"es\",\"potentialAction\":[{\"@type\":\"ReadAction\",\"target\":[\"https:\/\/elettrotec.com\/es\/cookie-policy\/\"]}]},{\"@type\":\"BreadcrumbList\",\"@id\":\"https:\/\/elettrotec.com\/es\/cookie-policy\/#breadcrumb\",\"itemListElement\":[{\"@type\":\"ListItem\",\"position\":1,\"name\":\"Home\",\"item\":\"https:\/\/elettrotec.com\/es\/\"},{\"@type\":\"ListItem\",\"position\":2,\"name\":\"Pol\u00edtica de Cookies\"}]},{\"@type\":\"WebSite\",\"@id\":\"https:\/\/elettrotec.com\/es\/#website\",\"url\":\"https:\/\/elettrotec.com\/es\/\",\"name\":\"Elettrotec\",\"description\":\"Firma il terzo millennio\",\"publisher\":{\"@id\":\"https:\/\/elettrotec.com\/es\/#organization\"},\"potentialAction\":[{\"@type\":\"SearchAction\",\"target\":{\"@type\":\"EntryPoint\",\"urlTemplate\":\"https:\/\/elettrotec.com\/es\/?s={search_term_string}\"},\"query-input\":{\"@type\":\"PropertyValueSpecification\",\"valueRequired\":true,\"valueName\":\"search_term_string\"}}],\"inLanguage\":\"es\"},{\"@type\":\"Organization\",\"@id\":\"https:\/\/elettrotec.com\/es\/#organization\",\"name\":\"Elettrotec\",\"url\":\"https:\/\/elettrotec.com\/es\/\",\"logo\":{\"@type\":\"ImageObject\",\"inLanguage\":\"es\",\"@id\":\"https:\/\/elettrotec.com\/es\/#\/schema\/logo\/image\/\",\"url\":\"https:\/\/elettrotec.com\/wp-content\/uploads\/2023\/02\/logo-en-mail.png\",\"contentUrl\":\"https:\/\/elettrotec.com\/wp-content\/uploads\/2023\/02\/logo-en-mail.png\",\"width\":800,\"height\":254,\"caption\":\"Elettrotec\"},\"image\":{\"@id\":\"https:\/\/elettrotec.com\/es\/#\/schema\/logo\/image\/\"},\"sameAs\":[\"https:\/\/www.linkedin.com\/company\/elettrotec-s-r-l-\/\",\"https:\/\/www.youtube.com\/channel\/UCm1tzdb0uycgBxrIVlnBjFw\"]}]}<\/script>\n<!-- \/ Yoast SEO plugin. -->","yoast_head_json":{"title":"Pol\u00edtica de Cookies - Elettrotec","robots":{"index":"index","follow":"follow","max-snippet":"max-snippet:-1","max-image-preview":"max-image-preview:large","max-video-preview":"max-video-preview:-1"},"canonical":"https:\/\/elettrotec.com\/es\/cookie-policy\/","og_locale":"es_ES","og_type":"article","og_title":"Pol\u00edtica de Cookies - Elettrotec","og_description":"POL\u00cdTICA DE COOKIES Bienvenido al sitio web de Electrotec. Le invitamos a leer esta p\u00e1gina que describe qu\u00e9 tipos de cookies se utilizan en el sitio de Electrotec. Las cookies: qu\u00e9 son y para qu\u00e9 sirven Las &#8216;cookies&#8217; son peque\u00f1os archivos de texto que algunos sitios web env\u00edan a su computadora o dispositivo m\u00f3vil cuando [&hellip;]","og_site_name":"Elettrotec","article_modified_time":"2023-06-21T14:58:32+00:00","twitter_card":"summary_large_image","twitter_misc":{"Tiempo de lectura":"4 minutos"},"schema":{"@context":"https:\/\/schema.org","@graph":[{"@type":"WebPage","@id":"https:\/\/elettrotec.com\/es\/cookie-policy\/","url":"https:\/\/elettrotec.com\/es\/cookie-policy\/","name":"Pol\u00edtica de Cookies - Elettrotec","isPartOf":{"@id":"https:\/\/elettrotec.com\/es\/#website"},"datePublished":"2020-12-02T10:08:33+00:00","dateModified":"2023-06-21T14:58:32+00:00","breadcrumb":{"@id":"https:\/\/elettrotec.com\/es\/cookie-policy\/#breadcrumb"},"inLanguage":"es","potentialAction":[{"@type":"ReadAction","target":["https:\/\/elettrotec.com\/es\/cookie-policy\/"]}]},{"@type":"BreadcrumbList","@id":"https:\/\/elettrotec.com\/es\/cookie-policy\/#breadcrumb","itemListElement":[{"@type":"ListItem","position":1,"name":"Home","item":"https:\/\/elettrotec.com\/es\/"},{"@type":"ListItem","position":2,"name":"Pol\u00edtica de Cookies"}]},{"@type":"WebSite","@id":"https:\/\/elettrotec.com\/es\/#website","url":"https:\/\/elettrotec.com\/es\/","name":"Elettrotec","description":"Firma il terzo millennio","publisher":{"@id":"https:\/\/elettrotec.com\/es\/#organization"},"potentialAction":[{"@type":"SearchAction","target":{"@type":"EntryPoint","urlTemplate":"https:\/\/elettrotec.com\/es\/?s={search_term_string}"},"query-input":{"@type":"PropertyValueSpecification","valueRequired":true,"valueName":"search_term_string"}}],"inLanguage":"es"},{"@type":"Organization","@id":"https:\/\/elettrotec.com\/es\/#organization","name":"Elettrotec","url":"https:\/\/elettrotec.com\/es\/","logo":{"@type":"ImageObject","inLanguage":"es","@id":"https:\/\/elettrotec.com\/es\/#\/schema\/logo\/image\/","url":"https:\/\/elettrotec.com\/wp-content\/uploads\/2023\/02\/logo-en-mail.png","contentUrl":"https:\/\/elettrotec.com\/wp-content\/uploads\/2023\/02\/logo-en-mail.png","width":800,"height":254,"caption":"Elettrotec"},"image":{"@id":"https:\/\/elettrotec.com\/es\/#\/schema\/logo\/image\/"},"sameAs":["https:\/\/www.linkedin.com\/company\/elettrotec-s-r-l-\/","https:\/\/www.youtube.com\/channel\/UCm1tzdb0uycgBxrIVlnBjFw"]}]}},"_links":{"self":[{"href":"https:\/\/elettrotec.com\/es\/wp-json\/wp\/v2\/pages\/66667"}],"collection":[{"href":"https:\/\/elettrotec.com\/es\/wp-json\/wp\/v2\/pages"}],"about":[{"href":"https:\/\/elettrotec.com\/es\/wp-json\/wp\/v2\/types\/page"}],"author":[{"embeddable":true,"href":"https:\/\/elettrotec.com\/es\/wp-json\/wp\/v2\/users\/2"}],"replies":[{"embeddable":true,"href":"https:\/\/elettrotec.com\/es\/wp-json\/wp\/v2\/comments?post=66667"}],"version-history":[{"count":2,"href":"https:\/\/elettrotec.com\/es\/wp-json\/wp\/v2\/pages\/66667\/revisions"}],"predecessor-version":[{"id":66670,"href":"https:\/\/elettrotec.com\/es\/wp-json\/wp\/v2\/pages\/66667\/revisions\/66670"}],"wp:attachment":[{"href":"https:\/\/elettrotec.com\/es\/wp-json\/wp\/v2\/media?parent=66667"}],"curies":[{"name":"wp","href":"https:\/\/api.w.org\/{rel}","templated":true}]}}