{"id":66668,"date":"2020-11-23T12:27:16","date_gmt":"2020-11-23T11:27:16","guid":{"rendered":"https:\/\/elettrotec.com\/privacy-policy\/"},"modified":"2023-07-03T14:49:48","modified_gmt":"2023-07-03T12:49:48","slug":"privacy-policy","status":"publish","type":"page","link":"https:\/\/elettrotec.com\/es\/privacy-policy\/","title":{"rendered":"Privacy Policy"},"content":{"rendered":"<p><strong>POL\u00cdTICA DE PRIVACIDAD SITIO WEB<\/strong><\/p>\n<p>INFORMACI\u00d3N DE CONFORMIDAD CON LOS ART\u00cdCULOS 13 Y 14 DEL REGLAMENTO EUROPEO GDPR UE N. 679\/16<\/p>\n<p>y tambi\u00e9n INFORMACI\u00d3N DE CONFORMIDAD CON EL ART. 13 DEL D.LGS. N. 196\/03<\/p>\n<p>De acuerdo con los art\u00edculos. 13 y 14 del Reglamento Europeo de Protecci\u00f3n de Datos Personales, en acr\u00f3nimo GDPR (ref. UE n. 679\/16) y al mismo tiempo tambi\u00e9n a la transici\u00f3n normativa en virtud del art. 13 al D.lgs. 30 de junio de 2003 n. 196 (C\u00f3digo Privacidad) Elettrotec S.r.l. como Titular Aut\u00f3nomo de Datos Personales, emite esta informaci\u00f3n a los usuarios (en adelante: Usuario o Interesado) de su Sitio y tiene la finalidad de describir las modalidades de gesti\u00f3n del Sitio con referencia al tratamiento de los datos personales, y, en particular, permitir a los Usuarios del Sitio conocer las finalidades y las modalidades de tratamiento de los datos personales por parte del Titular. La pol\u00edtica se considera v\u00e1lida solo para este sitio web y no para otros sitios web a los que el usuario pueda acceder a trav\u00e9s de enlaces. El Titular no es responsable de ning\u00fan sitio web de terceros.<\/p>\n<p><strong>Responsable del tratamiento<\/strong><\/p>\n<p>El titular del tratamiento es Elettrotec S.r.l., con sede en Via Jean Jaur\u00e8s, 12 &#8211; 20125 &#8211; Mil\u00e1n (MI) &#8211; Italia, en persona del Administrador \u00danico, Adriana Sartor.<\/p>\n<p><strong>Encargado del tratamiento<\/strong><\/p>\n<p>Entidades externas son nombradas como Responsables del Tratamiento por parte del Responsable del Tratamiento. La lista actualizada de los Responsables del Tratamiento est\u00e1 custodiada en la sede del Titular en Via Jean Jaur\u00e8s, 12 &#8211; 20125 Milano (MI).<\/p>\n<p>La lista actualizada de los Responsables podr\u00e1 solicitarse siempre al Responsable del Tratamiento.<\/p>\n<p><strong>Delegado de Protecci\u00f3n de Datos (RDP)<\/strong><\/p>\n<p>El Titular no ha designado a un responsable de la protecci\u00f3n de datos personales (RPD, por sus siglas en ingl\u00e9s), ya que no es aplicable.<\/p>\n<p><strong>Lugar del tratamiento<\/strong><\/p>\n<p>Los tratamientos relacionados con los servicios web de este sitio se llevan a cabo en Elettrotec srl y son realizados solo por el personal encargado del tratamiento y por el proveedor responsable de los servicios de Internet y alojamiento\/vivienda de este sitio.<\/p>\n<p>Adem\u00e1s, dichos tratamientos son realizados exclusivamente por personal t\u00e9cnico encargado del tratamiento, o por eventuales encargados de operaciones de mantenimiento ocasional bajo el estricto control del Responsable.<\/p>\n<p><strong>Pol\u00edtica de privacidad<\/strong><\/p>\n<p>El Titular considera que la privacidad de sus usuarios es un elemento fundamental a salvaguardar en el \u00e1mbito de su actividad. El Titular se compromete asiduamente en la b\u00fasqueda de la mejor protecci\u00f3n de los datos personales, incluida la actividad de informaci\u00f3n sobre el tratamiento de los datos de Usuarios del Sitio y el establecimiento de medidas tecnol\u00f3gicas destinadas a evitar la dispersi\u00f3n de los datos, con el fin de garantizar que el tratamiento de los datos personales del Usuario se realice respetando los derechos, las libertades fundamentales y la dignidad de las personas, en particular la confidencialidad y la identidad personal.<\/p>\n<p><strong>Recopilaci\u00f3n de datos de navegaci\u00f3n<\/strong><\/p>\n<p>Los sistemas inform\u00e1ticos y los procedimientos t\u00e9cnicos y software subyacente al funcionamiento del Sitio adquieren, durante su ejercicio normal, algunos datos personales cuya transmisi\u00f3n est\u00e1 impl\u00edcita en los mecanismos de acceso y funcionamiento y los protocolos utilizados en Internet.<\/p>\n<p>Se trata de informaci\u00f3n que no se recopila para asociarse con interesados identificados, pero que por su propia naturaleza pueden, a trav\u00e9s de tratamientos y asociaciones con datos en poder de terceros, permitir identificar a los usuarios.<\/p>\n<p>Cada vez que el Usuario se conecta al Sitio y cada vez que invoca o solicita un contenido, los datos de acceso se almacenan en nuestros sistemas, en forma de archivos de datos tabulares o lineales.<\/p>\n<p>Esta categor\u00eda de datos incluye, por ejemplo, las direcciones IP, los nombres de dominio de los ordenadores utilizados por los usuarios que se conectan al Sitio, la solicitud por parte del navegador del Usuario, en forma de direcciones en notaci\u00f3n URI (Uniform Resource Identiurce Fier), la fecha y la hora de la solicitud al servidor, el m\u00e9todo utilizado para enviar la solicitud al servidor, la cantidad de datos transmitidos, el c\u00f3digo num\u00e9rico que indica el estado de la respuesta del servidor y otros par\u00e1metros relativos al sistema operativo y al entorno inform\u00e1tico del Usuario.<\/p>\n<p><strong>Cookies<\/strong><\/p>\n<p>Las cookies son peque\u00f1os archivos de texto enviados que permiten al sitio recordar las preferencias de los usuarios. Las cookies se diferencian en funci\u00f3n de la funci\u00f3n desempe\u00f1ada. El Usuario puede desactivar o aceptar las cookies a trav\u00e9s de las opciones de seguridad de su navegador. Si se deshabilitan las cookies, la navegaci\u00f3n en algunas secciones puede estar incompleta y algunas funciones del sitio pueden no estar disponibles.<\/p>\n<p>Se remite a la <a href=\"https:\/\/elettrotec.com\/es\/cookie-policy\/\">p\u00e1gina web para la informaci\u00f3n completa sobre los tipos de cookies utilizados en el sitio Elettrotec<\/a>.<\/p>\n<p><strong>Datos proporcionados voluntariamente por el Usuario<\/strong><\/p>\n<p>El env\u00edo facultativo, expl\u00edcito y voluntario de correo electr\u00f3nico a las direcciones indicadas en este sitio web, y la presencia de formularios de entrada de datos (formulario web), implica la adquisici\u00f3n posterior de la direcci\u00f3n del remitente, necesaria para responder a las solicitudes, as\u00ed como de cualquier otro dato personal. En las p\u00e1ginas del sitio web preparadas para la recopilaci\u00f3n de datos (formulario web), se incluye informaci\u00f3n de s\u00edntesis espec\u00edfica.<\/p>\n<p><strong>Finalidad del tratamiento de datos<\/strong><\/p>\n<p>Los datos personales recogidos autom\u00e1ticamente a trav\u00e9s de la consulta del Sitio, as\u00ed como los de car\u00e1cter personal facilitados voluntariamente por el Usuario a trav\u00e9s de la cumplimentaci\u00f3n de los formularios, ser\u00e1n objeto de tratamiento, sin perjuicio de los derechos mencionados a continuaci\u00f3n, para los siguientes fines:<\/p>\n<p>navegaci\u00f3n en este sitio web;<\/p>\n<p>en su caso, solicitud de contacto, incluida la informaci\u00f3n solicitada;<\/p>\n<p>suministro de los productos y servicios solicitados y cumplimiento de las obligaciones contractuales;<\/p>\n<p>el cumplimiento de las obligaciones derivadas de las leyes y reglamentos;<\/p>\n<p>contabilidad, facturaci\u00f3n, gesti\u00f3n del cr\u00e9dito y actividades administrativas y contables en general. A efectos de la aplicaci\u00f3n de las disposiciones en materia de protecci\u00f3n de datos personales, los tratamientos efectuados con fines administrativos y contables ser\u00e1n los relacionados con la realizaci\u00f3n de actividades de naturaleza organizativa, administrativa, financiera y contable, con independencia de la naturaleza de los datos tratados. En particular, perseguir\u00e1n estas finalidades las actividades organizativas internas, las funcionales para el cumplimiento de obligaciones contractuales y precontractuales, la actividad informativa;<\/p>\n<p>env\u00edo de boletines informativos y comunicaciones por correo electr\u00f3nico<\/p>\n<p>todas las actividades empresariales relacionadas con la relaci\u00f3n.<\/p>\n<p><strong>Modalidades del tratamiento<\/strong><\/p>\n<p>Los datos personales se procesan con herramientas automatizadas durante el tiempo estrictamente necesario para lograr los fines para los que se recopilaron. Se observan medidas de seguridad espec\u00edficas para evitar la p\u00e9rdida de datos, el uso il\u00edcito o incorrecto y el acceso no autorizado.<\/p>\n<p><strong>\u00c1mbito de comunicaci\u00f3n y difusi\u00f3n<\/strong><\/p>\n<p>Los datos tratados no ser\u00e1n difundidos, vendidos o intercambiados con terceros sin el consentimiento expreso del interesado. El alcance de la comunicaci\u00f3n de datos se limita exclusivamente a las personas competentes para el cumplimiento de las operaciones contractuales y el cumplimiento de las obligaciones legales. Por consiguiente, podr\u00e1n ser comunicados a terceros pertenecientes a las siguientes categor\u00edas:<\/p>\n<ul>\n<li>Administraciones, Organismos p\u00fablicos y Autoridades competentes, para el cumplimiento de obligaciones legales y\/o de disposiciones de organismos p\u00fablicos;<\/li>\n<li>sociedades del Grupo y\/o de la red de empresas o personas privadas directamente implicadas en el cumplimiento de la prestaci\u00f3n o legitimadas para conocer los datos seg\u00fan la ley.<\/li>\n<\/ul>\n<p>En cualquier caso, a las personas mencionadas solo se les comunicar\u00e1n los datos necesarios y pertinentes para los fines del tratamiento al que est\u00e1n encargados.<\/p>\n<p><strong>Car\u00e1cter facultativo de la aportaci\u00f3n<\/strong><\/p>\n<p>Adem\u00e1s de lo especificado para los datos de navegaci\u00f3n, el usuario es libre de proporcionar los datos personales indicados en los formularios del sitio web (formulario web) o para solicitar el env\u00edo de boletines informativos, ofertas comerciales u otras comunicaciones.<\/p>\n<p>Su falta de concesi\u00f3n puede implicar la imposibilidad de obtener lo solicitado.<\/p>\n<p><strong>Transferencia de datos a pa\u00edses no pertenecientes a la UE<\/strong><\/p>\n<p>No se transferir\u00e1n los datos personales recopilados a pa\u00edses no pertenecientes a la UE<\/p>\n<p><strong>Periodo de conservaci\u00f3n de los datos recogidos<\/strong><\/p>\n<p>Los datos personales recopilados para los fines expuestos anteriormente se almacenar\u00e1n en nuestra empresa durante el tiempo necesario para las actividades relacionadas (o definidas en las p\u00e1ginas web de recopilaci\u00f3n de datos de formularios web); despu\u00e9s de lo cual ser\u00e1n destruidos (derecho al olvido).<\/p>\n<p>Para los datos personales recogidos con fines administrativos y contables, el per\u00edodo de conservaci\u00f3n de los datos cumple con las obligaciones legales correspondientes, al final de las cuales, los datos ser\u00e1n destruidos (derecho al olvido).<\/p>\n<p><strong>Revocaci\u00f3n del consentimiento<\/strong><\/p>\n<p>Los consentimientos expresados en los diferentes formularios web de recogida de datos personales siempre pueden ser revocados seg\u00fan el art. 7 p.3 y seg\u00fan el art. 17 p.1 lett. b). La revocaci\u00f3n podr\u00e1 realizarse escribiendo a nuestra Titularidad, a trav\u00e9s de las referencias al p\u00e1rrafo siguiente.<\/p>\n<p><strong>Derechos de los interesados<\/strong><\/p>\n<p>En relaci\u00f3n con dichos tratamientos, podr\u00e1n ejercerse los derechos contemplados en los art\u00edculos 15 a 22 del RGPD UE no 679\/16, a saber:<\/p>\n<p>1) obtener sin demora:<\/p>\n<p>&#8211; la confirmaci\u00f3n de la existencia o no de datos personales del Usuario, incluso si a\u00fan no se han registrado, y la comunicaci\u00f3n en forma inteligible de los mismos datos;<\/p>\n<p>&#8211; la indicaci\u00f3n de su origen, de las finalidades y modalidades del tratamiento, as\u00ed como, en el caso de que el tratamiento se efect\u00fae por medios electr\u00f3nicos, de la l\u00f3gica en la que se basa el tratamiento;<\/p>\n<p>&#8211; la indicaci\u00f3n de los datos de identificaci\u00f3n del titular, de los posibles responsables;<\/p>\n<p>&#8211; la indicaci\u00f3n de las personas y categor\u00edas de personas a las que pueden comunicarse los datos personales o que pueden tener conocimiento de ellos en calidad de representantes designados en el territorio del Estado, de responsables o encargados;<\/p>\n<p>&#8211; la actualizaci\u00f3n, rectificaci\u00f3n o, si el Usuario tiene inter\u00e9s en ello, integraci\u00f3n de los datos;<\/p>\n<p>la supresi\u00f3n, la transformaci\u00f3n en forma an\u00f3nima o el bloqueo de los datos tratados en violaci\u00f3n de la ley, incluidos aquellos cuya conservaci\u00f3n no sea necesaria en relaci\u00f3n con los fines para los que se hayan recogido o tratado posteriormente los datos (derecho al olvido);<\/p>\n<p>\u2013 la certificaci\u00f3n de que las operaciones mencionadas en los n\u00fameros 5) y 6) se han puesto en conocimiento, incluso en lo que se refiere a su contenido, de las personas a las que se han comunicado los datos, salvo en el caso de que dicho cumplimiento resulte imposible o implique un empleo de medios manifiestamente desproporcionado con respecto al derecho protegido.<\/p>\n<p>la recepci\u00f3n de datos personales en un formato estructurado, de uso com\u00fan y legible por m\u00e1quina y transmisi\u00f3n a otro titular sin impedimento (derecho a la portabilidad).<\/p>\n<p>2) el derecho a oponerse, total o parcialmente, por motivos leg\u00edtimos, al tratamiento de los datos personales que le conciernan, aunque sean pertinentes para la finalidad de la recogida;<\/p>\n<p>3) el derecho a oponerse, total o parcialmente, al tratamiento de datos personales que le conciernan, previsto para fines de informaci\u00f3n comercial o de env\u00edo de material publicitario o de venta directa, o para la realizaci\u00f3n de estudios de mercado o de comunicaci\u00f3n comercial.<\/p>\n<p>4) El derecho a revocar el consentimiento cuando est\u00e9 previsto.<\/p>\n<p>5) Derecho de reclamaci\u00f3n ante la Autoridad de control (Garante de la Privacidad) por cualquier presunta violaci\u00f3n del Reglamento.<\/p>\n<p>En relaci\u00f3n con los mencionados tratamientos podr\u00e1n ejercerse los derechos contemplados en el art\u00edculo 7 D.lgs. 196\/2003, dentro de los l\u00edmites y en las condiciones previstas en los arts. 8, 9 y 10 del citado decreto legislativo.<\/p>\n<p>Los derechos anteriores se pueden hacer valer escribiendo a la direcci\u00f3n de correo electr\u00f3nico info@elettrotec.com o directamente al Responsable o al Responsable del Tratamiento en la siguiente direcci\u00f3n:<\/p>\n<p>&nbsp;<\/p>\n<p>Elettrotec S.r.l., Via Jean Jaur\u00e8s 12, 20125 Milano<\/p>\n<p>Las referencias nominativas de la Titularidad son:<\/p>\n<p>ADRIANA SARTOR<\/p>\n<p>Como Administrador \u00danico de la raz\u00f3n social ELETTROTEC S.R.L., aut\u00f3noma Titular del Tratamiento (TDT) de los datos personales.<\/p>\n<p>Modificaciones<\/p>\n<p>El uso del sitio despu\u00e9s de la publicaci\u00f3n de los cambios constituir\u00e1 su aceptaci\u00f3n de los mismos.<\/p>\n<p>&nbsp;<\/p>\n<p>Fecha de actualizaci\u00f3n: 07\/01\/2020<\/p>\n<p>&nbsp;<\/p>\n","protected":false},"excerpt":{"rendered":"<p>POL\u00cdTICA DE PRIVACIDAD SITIO WEB INFORMACI\u00d3N DE CONFORMIDAD CON LOS ART\u00cdCULOS 13 Y 14 DEL REGLAMENTO EUROPEO GDPR UE N. 679\/16 y tambi\u00e9n INFORMACI\u00d3N DE CONFORMIDAD CON EL ART. 13 DEL D.LGS. N. 196\/03 De acuerdo con los art\u00edculos. 13 y 14 del Reglamento Europeo de Protecci\u00f3n de Datos Personales, en acr\u00f3nimo GDPR (ref. UE [&hellip;]<\/p>\n","protected":false},"author":2,"featured_media":0,"parent":0,"menu_order":26,"comment_status":"closed","ping_status":"open","template":"page-fullwidth.php","meta":{"_acf_changed":false,"footnotes":""},"acf":[],"yoast_head":"<!-- This site is optimized with the Yoast SEO plugin v24.3 - https:\/\/yoast.com\/wordpress\/plugins\/seo\/ -->\n<title>Privacy Policy - Elettrotec<\/title>\n<meta name=\"robots\" content=\"noindex, nofollow\" \/>\n<meta property=\"og:locale\" content=\"es_ES\" \/>\n<meta property=\"og:type\" content=\"article\" \/>\n<meta property=\"og:title\" content=\"Privacy Policy - Elettrotec\" \/>\n<meta property=\"og:description\" content=\"POL\u00cdTICA DE PRIVACIDAD SITIO WEB INFORMACI\u00d3N DE CONFORMIDAD CON LOS ART\u00cdCULOS 13 Y 14 DEL REGLAMENTO EUROPEO GDPR UE N. 679\/16 y tambi\u00e9n INFORMACI\u00d3N DE CONFORMIDAD CON EL ART. 13 DEL D.LGS. N. 196\/03 De acuerdo con los art\u00edculos. 13 y 14 del Reglamento Europeo de Protecci\u00f3n de Datos Personales, en acr\u00f3nimo GDPR (ref. UE [&hellip;]\" \/>\n<meta property=\"og:site_name\" content=\"Elettrotec\" \/>\n<meta property=\"article:modified_time\" content=\"2023-07-03T12:49:48+00:00\" \/>\n<meta name=\"twitter:card\" content=\"summary_large_image\" \/>\n<meta name=\"twitter:label1\" content=\"Tiempo de lectura\" \/>\n\t<meta name=\"twitter:data1\" content=\"11 minutos\" \/>\n<script type=\"application\/ld+json\" class=\"yoast-schema-graph\">{\"@context\":\"https:\/\/schema.org\",\"@graph\":[{\"@type\":\"WebPage\",\"@id\":\"https:\/\/elettrotec.com\/es\/privacy-policy\/\",\"url\":\"https:\/\/elettrotec.com\/es\/privacy-policy\/\",\"name\":\"Privacy Policy - Elettrotec\",\"isPartOf\":{\"@id\":\"https:\/\/elettrotec.com\/es\/#website\"},\"datePublished\":\"2020-11-23T11:27:16+00:00\",\"dateModified\":\"2023-07-03T12:49:48+00:00\",\"breadcrumb\":{\"@id\":\"https:\/\/elettrotec.com\/es\/privacy-policy\/#breadcrumb\"},\"inLanguage\":\"es\",\"potentialAction\":[{\"@type\":\"ReadAction\",\"target\":[\"https:\/\/elettrotec.com\/es\/privacy-policy\/\"]}]},{\"@type\":\"BreadcrumbList\",\"@id\":\"https:\/\/elettrotec.com\/es\/privacy-policy\/#breadcrumb\",\"itemListElement\":[{\"@type\":\"ListItem\",\"position\":1,\"name\":\"Home\",\"item\":\"https:\/\/elettrotec.com\/es\/\"},{\"@type\":\"ListItem\",\"position\":2,\"name\":\"Privacy Policy\"}]},{\"@type\":\"WebSite\",\"@id\":\"https:\/\/elettrotec.com\/es\/#website\",\"url\":\"https:\/\/elettrotec.com\/es\/\",\"name\":\"Elettrotec\",\"description\":\"Firma il terzo millennio\",\"publisher\":{\"@id\":\"https:\/\/elettrotec.com\/es\/#organization\"},\"potentialAction\":[{\"@type\":\"SearchAction\",\"target\":{\"@type\":\"EntryPoint\",\"urlTemplate\":\"https:\/\/elettrotec.com\/es\/?s={search_term_string}\"},\"query-input\":{\"@type\":\"PropertyValueSpecification\",\"valueRequired\":true,\"valueName\":\"search_term_string\"}}],\"inLanguage\":\"es\"},{\"@type\":\"Organization\",\"@id\":\"https:\/\/elettrotec.com\/es\/#organization\",\"name\":\"Elettrotec\",\"url\":\"https:\/\/elettrotec.com\/es\/\",\"logo\":{\"@type\":\"ImageObject\",\"inLanguage\":\"es\",\"@id\":\"https:\/\/elettrotec.com\/es\/#\/schema\/logo\/image\/\",\"url\":\"https:\/\/elettrotec.com\/wp-content\/uploads\/2023\/02\/logo-en-mail.png\",\"contentUrl\":\"https:\/\/elettrotec.com\/wp-content\/uploads\/2023\/02\/logo-en-mail.png\",\"width\":800,\"height\":254,\"caption\":\"Elettrotec\"},\"image\":{\"@id\":\"https:\/\/elettrotec.com\/es\/#\/schema\/logo\/image\/\"},\"sameAs\":[\"https:\/\/www.linkedin.com\/company\/elettrotec-s-r-l-\/\",\"https:\/\/www.youtube.com\/channel\/UCm1tzdb0uycgBxrIVlnBjFw\"]}]}<\/script>\n<!-- \/ Yoast SEO plugin. -->","yoast_head_json":{"title":"Privacy Policy - Elettrotec","robots":{"index":"noindex","follow":"nofollow"},"og_locale":"es_ES","og_type":"article","og_title":"Privacy Policy - Elettrotec","og_description":"POL\u00cdTICA DE PRIVACIDAD SITIO WEB INFORMACI\u00d3N DE CONFORMIDAD CON LOS ART\u00cdCULOS 13 Y 14 DEL REGLAMENTO EUROPEO GDPR UE N. 679\/16 y tambi\u00e9n INFORMACI\u00d3N DE CONFORMIDAD CON EL ART. 13 DEL D.LGS. N. 196\/03 De acuerdo con los art\u00edculos. 13 y 14 del Reglamento Europeo de Protecci\u00f3n de Datos Personales, en acr\u00f3nimo GDPR (ref. UE [&hellip;]","og_site_name":"Elettrotec","article_modified_time":"2023-07-03T12:49:48+00:00","twitter_card":"summary_large_image","twitter_misc":{"Tiempo de lectura":"11 minutos"},"schema":{"@context":"https:\/\/schema.org","@graph":[{"@type":"WebPage","@id":"https:\/\/elettrotec.com\/es\/privacy-policy\/","url":"https:\/\/elettrotec.com\/es\/privacy-policy\/","name":"Privacy Policy - Elettrotec","isPartOf":{"@id":"https:\/\/elettrotec.com\/es\/#website"},"datePublished":"2020-11-23T11:27:16+00:00","dateModified":"2023-07-03T12:49:48+00:00","breadcrumb":{"@id":"https:\/\/elettrotec.com\/es\/privacy-policy\/#breadcrumb"},"inLanguage":"es","potentialAction":[{"@type":"ReadAction","target":["https:\/\/elettrotec.com\/es\/privacy-policy\/"]}]},{"@type":"BreadcrumbList","@id":"https:\/\/elettrotec.com\/es\/privacy-policy\/#breadcrumb","itemListElement":[{"@type":"ListItem","position":1,"name":"Home","item":"https:\/\/elettrotec.com\/es\/"},{"@type":"ListItem","position":2,"name":"Privacy Policy"}]},{"@type":"WebSite","@id":"https:\/\/elettrotec.com\/es\/#website","url":"https:\/\/elettrotec.com\/es\/","name":"Elettrotec","description":"Firma il terzo millennio","publisher":{"@id":"https:\/\/elettrotec.com\/es\/#organization"},"potentialAction":[{"@type":"SearchAction","target":{"@type":"EntryPoint","urlTemplate":"https:\/\/elettrotec.com\/es\/?s={search_term_string}"},"query-input":{"@type":"PropertyValueSpecification","valueRequired":true,"valueName":"search_term_string"}}],"inLanguage":"es"},{"@type":"Organization","@id":"https:\/\/elettrotec.com\/es\/#organization","name":"Elettrotec","url":"https:\/\/elettrotec.com\/es\/","logo":{"@type":"ImageObject","inLanguage":"es","@id":"https:\/\/elettrotec.com\/es\/#\/schema\/logo\/image\/","url":"https:\/\/elettrotec.com\/wp-content\/uploads\/2023\/02\/logo-en-mail.png","contentUrl":"https:\/\/elettrotec.com\/wp-content\/uploads\/2023\/02\/logo-en-mail.png","width":800,"height":254,"caption":"Elettrotec"},"image":{"@id":"https:\/\/elettrotec.com\/es\/#\/schema\/logo\/image\/"},"sameAs":["https:\/\/www.linkedin.com\/company\/elettrotec-s-r-l-\/","https:\/\/www.youtube.com\/channel\/UCm1tzdb0uycgBxrIVlnBjFw"]}]}},"_links":{"self":[{"href":"https:\/\/elettrotec.com\/es\/wp-json\/wp\/v2\/pages\/66668"}],"collection":[{"href":"https:\/\/elettrotec.com\/es\/wp-json\/wp\/v2\/pages"}],"about":[{"href":"https:\/\/elettrotec.com\/es\/wp-json\/wp\/v2\/types\/page"}],"author":[{"embeddable":true,"href":"https:\/\/elettrotec.com\/es\/wp-json\/wp\/v2\/users\/2"}],"replies":[{"embeddable":true,"href":"https:\/\/elettrotec.com\/es\/wp-json\/wp\/v2\/comments?post=66668"}],"version-history":[{"count":6,"href":"https:\/\/elettrotec.com\/es\/wp-json\/wp\/v2\/pages\/66668\/revisions"}],"predecessor-version":[{"id":66704,"href":"https:\/\/elettrotec.com\/es\/wp-json\/wp\/v2\/pages\/66668\/revisions\/66704"}],"wp:attachment":[{"href":"https:\/\/elettrotec.com\/es\/wp-json\/wp\/v2\/media?parent=66668"}],"curies":[{"name":"wp","href":"https:\/\/api.w.org\/{rel}","templated":true}]}}