{"id":76214,"date":"2020-12-02T12:35:59","date_gmt":"2020-12-02T11:35:59","guid":{"rendered":"https:\/\/elettrotec.com\/faq\/"},"modified":"2026-02-02T12:02:32","modified_gmt":"2026-02-02T11:02:32","slug":"faq","status":"publish","type":"page","link":"https:\/\/elettrotec.com\/es\/faq\/","title":{"rendered":"FAQ"},"content":{"rendered":"<div class=\"row m-0 p-2 thefaq\">\n<div class=\"col-md-8 pt-5 m-auto\">\n<h4>1) C\u00f3mo&#8230;?<\/h4>\n\t\t<div class=\"faq-accordion \" id=\"faq-accordion-1\" data-accordion-group data-conf=\"{&quot;single_open&quot;:&quot;true&quot;,&quot;transition_speed&quot;:300}\">\n\t\t\t\t\t\t\t<div data-accordion class=\"faq-main\">\n\t\t\t\t\t<div data-control class=\"faq-title\">\n\t\t\t\t\t\t<h4>\u00bfC\u00f3mo Conectar el Presostato al Circuito El\u00e9ctrico?<\/h4>\n\t\t\t\t\t<\/div>\n\t\t\t\t\t<div data-content>\n\t\t\t\t\t\t\t\t\t\t\t\t<div class=\"faq-content\"><p>Para conectar tu presostato al circuito el\u00e9ctrico, identifica el modelo de tu presostato y descarga la hoja de datos correspondiente en la <a href=\"https:\/\/elettrotec.com\/es\/productos\/presion\/presostatos-presion\/\" target=\"_blank\" rel=\"noopener\">secci\u00f3n dedicada<\/a> de nuestro sitio web.<\/p>\n<\/div>\n\t\t\t\t\t<\/div>\n\t\t\t\t<\/div>\n\t\t\t\t\t\t\t<div data-accordion class=\"faq-main\">\n\t\t\t\t\t<div data-control class=\"faq-title\">\n\t\t\t\t\t\t<h4>\u00bfC\u00f3mo Configurar el Presostato T\u00fa Mismo?<\/h4>\n\t\t\t\t\t<\/div>\n\t\t\t\t\t<div data-content>\n\t\t\t\t\t\t\t\t\t\t\t\t<div class=\"faq-content\"><p>Configurar tu presostato es sencillo con nuestras gu\u00edas dedicadas. Para presostato con hist\u00e9resis ajustable, consulta nuestra <a href=\"https:\/\/elettrotec.com\/wp-content\/uploads\/2024\/07\/2-domanda-link-1.pdf\" rel=\"noopener\" target=\"_blank\">gu\u00eda espec\u00edfica<\/a>. Para otros modelos de presostato, tenemos una <a href=\"https:\/\/elettrotec.com\/wp-content\/uploads\/2024\/07\/2-domanda-link-2.pdf\" rel=\"noopener\" target=\"_blank\">gu\u00eda completa<\/a> que te ayudar\u00e1 paso a paso. Recuerda, un man\u00f3metro o un transductor de presi\u00f3n es necesario para un ajuste fino.<\/p>\n<\/div>\n\t\t\t\t\t<\/div>\n\t\t\t\t<\/div>\n\t\t\t\t\t\t\t<div data-accordion class=\"faq-main\">\n\t\t\t\t\t<div data-control class=\"faq-title\">\n\t\t\t\t\t\t<h4>\u00bfCu\u00e1l es la Funci\u00f3n del Casquillo de Lat\u00f3n?<\/h4>\n\t\t\t\t\t<\/div>\n\t\t\t\t\t<div data-content>\n\t\t\t\t\t\t\t\t\t\t\t\t<div class=\"faq-content\"><p>El casquillo de lat\u00f3n es esencial para asegurar el tornillo que sostiene la tapa de protecci\u00f3n en su lugar, garantizando seguridad y estabilidad.<\/p>\n<\/div>\n\t\t\t\t\t<\/div>\n\t\t\t\t<\/div>\n\t\t\t\t\t\t\t<div data-accordion class=\"faq-main\">\n\t\t\t\t\t<div data-control class=\"faq-title\">\n\t\t\t\t\t\t<h4>\u00bfQu\u00e9 Pasa si Instalo el Caudal\u00edmetro en una Posici\u00f3n Horizontal?<\/h4>\n\t\t\t\t\t<\/div>\n\t\t\t\t\t<div data-content>\n\t\t\t\t\t\t\t\t\t\t\t\t<div class=\"faq-content\"><p>Instalar el caudal\u00edmetro en una posici\u00f3n horizontal puede afectar su rendimiento. En esta posici\u00f3n, la fuerza generada por el peso del obturador se elimina, dejando la tarea solo al resorte de compensaci\u00f3n. Esto significa que el caudal\u00edmetro puede activarse a tasas de flujo aproximadamente un 20% m\u00e1s bajas que la escala graduada real. Adem\u00e1s, la formaci\u00f3n de incrustaciones de cal u otras obstrucciones podr\u00eda dificultar el libre movimiento del obturador. <\/p>\n<\/div>\n\t\t\t\t\t<\/div>\n\t\t\t\t<\/div>\n\t\t\t\t\t\t\t<div data-accordion class=\"faq-main\">\n\t\t\t\t\t<div data-control class=\"faq-title\">\n\t\t\t\t\t\t<h4>\u00bfC\u00f3mo Configurar el Caudal\u00edmetro T\u00fa Mismo?<\/h4>\n\t\t\t\t\t<\/div>\n\t\t\t\t\t<div data-content>\n\t\t\t\t\t\t\t\t\t\t\t\t<div class=\"faq-content\"><p>Sigue estos sencillos pasos para configurar tu caudal\u00edmetro:<\/p>\n<ol>\n<li>Coloca el cursor en la tasa de flujo m\u00e1xima.<\/li>\n<li>Establece la tasa de flujo del sistema al nivel deseado para la activaci\u00f3n del caudal\u00edmetro.<\/li>\n<li>Mueve lentamente el cursor hacia abajo hasta que el interruptor se active.<\/li>\n<li>Reinicia el flujo del sistema y verifica nuevamente la acci\u00f3n del interruptor. Realiza peque\u00f1os ajustes moviendo el cursor hacia arriba o hacia abajo para afinar la configuraci\u00f3n.<\/li>\n<\/ol>\n<\/div>\n\t\t\t\t\t<\/div>\n\t\t\t\t<\/div>\n\t\t\t\t\t<\/div>\n\t\n<h4>2) Malfuncionamiento<\/h4>\n\t\t<div class=\"faq-accordion \" id=\"faq-accordion-2\" data-accordion-group data-conf=\"{&quot;single_open&quot;:&quot;true&quot;,&quot;transition_speed&quot;:300}\">\n\t\t\t\t\t\t\t<div data-accordion class=\"faq-main\">\n\t\t\t\t\t<div data-control class=\"faq-title\">\n\t\t\t\t\t\t<h4>\u00bfPor qu\u00e9 el componente comienza a tener fugas despu\u00e9s de uno o dos a\u00f1os de uso normal?<\/h4>\n\t\t\t\t\t<\/div>\n\t\t\t\t\t<div data-content>\n\t\t\t\t\t\t\t\t\t\t\t\t<div class=\"faq-content\"><p>Si tu componente comienza a tener fugas despu\u00e9s de uno o dos a\u00f1os de funcionamiento normal, podr\u00eda deberse a una membrana perforada. En condiciones normales, el fluido no deber\u00eda pasar a trav\u00e9s de la membrana. Aqu\u00ed tienes varias posibles causas del fallo de la membrana:<\/p>\n<ul>\n<li><strong>Fin de la Vida Mec\u00e1nica<\/strong>: La membrana podr\u00eda haberse desgastado despu\u00e9s de alcanzar su l\u00edmite mec\u00e1nico de 1.000.000 de ciclos.<\/li>\n<li><strong>Presi\u00f3n Excesiva<\/strong>: Operar bajo una presi\u00f3n excesivamente alta puede da\u00f1ar la membrana.<\/li>\n<li><strong>Fluidos Agresivos o Corrosivos<\/strong>: El desgaste acelerado puede ocurrir si el fluido es agresivo o corrosivo.<\/li>\n<li><strong>Part\u00edculas de Metal<\/strong>: Las part\u00edculas de metal en el fluido pueden causar da\u00f1os f\u00edsicos a la membrana.<\/li>\n<\/ul>\n<\/div>\n\t\t\t\t\t<\/div>\n\t\t\t\t<\/div>\n\t\t\t\t\t\t\t<div data-accordion class=\"faq-main\">\n\t\t\t\t\t<div data-control class=\"faq-title\">\n\t\t\t\t\t\t<h4>\u00bfPor qu\u00e9 los contactos N.O. y N.C. de mi Presostato PSM-PSP est\u00e1n cerrados o abiertos al mismo tiempo?<\/h4>\n\t\t\t\t\t<\/div>\n\t\t\t\t\t<div data-content>\n\t\t\t\t\t\t\t\t\t\t\t\t<div class=\"faq-content\"><p>Este problema probablemente se debe a un tornillo de hist\u00e9resis mal ajustado. Para corregir la conmutaci\u00f3n, sigue los pasos descritos en <a href=\"https:\/\/elettrotec.com\/wp-content\/uploads\/2024\/07\/2-domanda-link-2.pdf\" rel=\"noopener\" target=\"_blank\">nuestra gu\u00eda<\/a>.<\/p>\n<\/div>\n\t\t\t\t\t<\/div>\n\t\t\t\t<\/div>\n\t\t\t\t\t\t\t<div data-accordion class=\"faq-main\">\n\t\t\t\t\t<div data-control class=\"faq-title\">\n\t\t\t\t\t\t<h4>\u00bfPor qu\u00e9 mi Caudal\u00edmetro el\u00e9ctrico no conmuta?<\/h4>\n\t\t\t\t\t<\/div>\n\t\t\t\t\t<div data-content>\n\t\t\t\t\t\t\t\t\t\t\t\t<div class=\"faq-content\"><p>Si tu caudal\u00edmetro el\u00e9ctrico no conmuta, considera las siguientes causas y soluciones potenciales:<\/p>\n<ul>\n<li><strong>Fluido Viscoso<\/strong>: Un fluido viscoso t\u00edpicamente causa una conmutaci\u00f3n precoz, lo que significa que se produce a tasas de flujo m\u00e1s bajas. Intenta usar un resorte de compensaci\u00f3n m\u00e1s grande.<\/li>\n<li><strong>Sensor Quemado<\/strong>: El sensor podr\u00eda haberse quemado y quedado atascado en su \u00faltima posici\u00f3n de trabajo, incluso si no hay flujo de fluido.<\/li>\n<li><strong>Ajuste a Baja Tasa de Flujo<\/strong>: Si el interruptor est\u00e1 ajustado para bajas tasas de flujo, el obturador podr\u00eda estar obstruido por polvo y suciedad. Mueve el cursor a tasas de flujo m\u00e1s altas.<\/li>\n<li><strong>Resorte de Compensaci\u00f3n Roto<\/strong>: Un flujo turbulento podr\u00eda haber roto el resorte de compensaci\u00f3n. Aseg\u00farate de que el interruptor de flujo opere en posici\u00f3n vertical y que no haya movimientos turbulentos o efectos de golpe de ariete.<\/li>\n<\/ul>\n<\/div>\n\t\t\t\t\t<\/div>\n\t\t\t\t<\/div>\n\t\t\t\t\t<\/div>\n\t\n<h4>3) Ingenier\u00eda<\/h4>\n\t\t<div class=\"faq-accordion \" id=\"faq-accordion-3\" data-accordion-group data-conf=\"{&quot;single_open&quot;:&quot;true&quot;,&quot;transition_speed&quot;:300}\">\n\t\t\t\t\t\t\t<div data-accordion class=\"faq-main\">\n\t\t\t\t\t<div data-control class=\"faq-title\">\n\t\t\t\t\t\t<h4>\u00bfPod\u00e9is enviarme el modelo 3D del producto?<\/h4>\n\t\t\t\t\t<\/div>\n\t\t\t\t\t<div data-content>\n\t\t\t\t\t\t\t\t\t\t\t\t<div class=\"faq-content\"><p>Puedes obtener los modelos 3D de nuestros productos de forma gratuita desde este [<a href=\"https:\/\/elettrotec.com\/es\/configurador-de-productos\/\" rel=\"noopener\" target=\"_blank\">enlace<\/a>]. Por favor, ten en cuenta que es necesario tener una cuenta en PARTcommunity para acceder a los modelos.<\/p>\n<\/div>\n\t\t\t\t\t<\/div>\n\t\t\t\t<\/div>\n\t\t\t\t\t\t\t<div data-accordion class=\"faq-main\">\n\t\t\t\t\t<div data-control class=\"faq-title\">\n\t\t\t\t\t\t<h4>\u00bfPod\u00e9is imprimir un logo personalizado en el producto?<\/h4>\n\t\t\t\t\t<\/div>\n\t\t\t\t\t<div data-content>\n\t\t\t\t\t\t\t\t\t\t\t\t<div class=\"faq-content\"><p>S\u00ed, ofrecemos opciones de personalizaci\u00f3n para nuestros productos. Ya sea a trav\u00e9s de marcaje l\u00e1ser o etiquetas impresas, podemos agregar tu logo personalizado para satisfacer tus necesidades de branding.<\/p>\n<\/div>\n\t\t\t\t\t<\/div>\n\t\t\t\t<\/div>\n\t\t\t\t\t\t\t<div data-accordion class=\"faq-main\">\n\t\t\t\t\t<div data-control class=\"faq-title\">\n\t\t\t\t\t\t<h4>\u00bfPod\u00e9is personalizar un producto para mi aplicaci\u00f3n especial?<\/h4>\n\t\t\t\t\t<\/div>\n\t\t\t\t\t<div data-content>\n\t\t\t\t\t\t\t\t\t\t\t\t<div class=\"faq-content\"><p>\u00a1Claro! Estamos especializados en el dise\u00f1o y la fabricaci\u00f3n de productos personalizados a medida para tus especificaciones \u00fanicas. Ya sea que necesites un peque\u00f1o lote o una producci\u00f3n m\u00e1s grande, estamos equipados para satisfacer tus necesidades.<\/p>\n<\/div>\n\t\t\t\t\t<\/div>\n\t\t\t\t<\/div>\n\t\t\t\t\t<\/div>\n\t\n<h4>4) Certificaciones y declaraciones<\/h4>\n\t\t<div class=\"faq-accordion \" id=\"faq-accordion-4\" data-accordion-group data-conf=\"{&quot;single_open&quot;:&quot;true&quot;,&quot;transition_speed&quot;:300}\">\n\t\t\t\t\t\t\t<div data-accordion class=\"faq-main\">\n\t\t\t\t\t<div data-control class=\"faq-title\">\n\t\t\t\t\t\t<h4>\u00bfC\u00f3mo puedo obtener una copia de un certificado o declaraci\u00f3n espec\u00edfica?<\/h4>\n\t\t\t\t\t<\/div>\n\t\t\t\t\t<div data-content>\n\t\t\t\t\t\t\t\t\t\t\t\t<div class=\"faq-content\"><p>Puedes encontrar los certificados y declaraciones m\u00e1s solicitados [<a href=\"https:\/\/elettrotec.com\/es\/calidad\/certificaciones\/\" rel=\"noopener\" target=\"_blank\">aqu\u00ed<\/a>].<\/p>\n<\/div>\n\t\t\t\t\t<\/div>\n\t\t\t\t<\/div>\n\t\t\t\t\t\t\t<div data-accordion class=\"faq-main\">\n\t\t\t\t\t<div data-control class=\"faq-title\">\n\t\t\t\t\t\t<h4>He perdido mi certificado \u00fanico; \u00bfpod\u00e9is enviarme una copia?<\/h4>\n\t\t\t\t\t<\/div>\n\t\t\t\t\t<div data-content>\n\t\t\t\t\t\t\t\t\t\t\t\t<div class=\"faq-content\"><p>S\u00ed, podemos ayudarte. Env\u00eda un correo electr\u00f3nico <a href=\"#\" class=\"hidemail\" attr-mail=\"ufficiotecnico@elettrotec.it\">Haga click aqu\u00ed para contactarnos.<\/a> e incluye toda la informaci\u00f3n disponible, como el c\u00f3digo del producto, la fecha del pedido, el tipo de certificado y la cantidad del pedido. Te enviaremos una copia del certificado original lo antes posible.<\/p>\n<\/div>\n\t\t\t\t\t<\/div>\n\t\t\t\t<\/div>\n\t\t\t\t\t\t\t<div data-accordion class=\"faq-main\">\n\t\t\t\t\t<div data-control class=\"faq-title\">\n\t\t\t\t\t\t<h4>\u00bfC\u00f3mo puedo obtener una copia del certificado 3.1 (EN10204)?<\/h4>\n\t\t\t\t\t<\/div>\n\t\t\t\t\t<div data-content>\n\t\t\t\t\t\t\t\t\t\t\t\t<div class=\"faq-content\"><p>El certificado 3.1 debe ser solicitado antes de la producci\u00f3n. Se crear\u00e1 un c\u00f3digo especial para vincular el lote de producci\u00f3n al certificado.<\/p>\n<ul>\n<li><strong>Cuerpo<\/strong>: Recibir\u00e1s el certificado del fabricante.<\/li>\n<li><strong>Membrana, Partes de Pl\u00e1stico, Partes de Goma, Tapa de Protecci\u00f3n<\/strong>: Recibir\u00e1s un certificado de tipo 2.1 o 2.2.<\/li>\n<\/ul>\n<\/div>\n\t\t\t\t\t<\/div>\n\t\t\t\t<\/div>\n\t\t\t\t\t\t\t<div data-accordion class=\"faq-main\">\n\t\t\t\t\t<div data-control class=\"faq-title\">\n\t\t\t\t\t\t<h4>\u00bfSon vuestros productos conformes con la directiva PED?<\/h4>\n\t\t\t\t\t<\/div>\n\t\t\t\t\t<div data-content>\n\t\t\t\t\t\t\t\t\t\t\t\t<div class=\"faq-content\"><p>Seg\u00fan la directiva PED 2014\/68\/UE, nuestros productos son considerados \u00abaccesorios a presi\u00f3n\u00bb y est\u00e1n clasificados en la Categor\u00eda I.<\/p>\n<p>Est\u00e1n dise\u00f1ados y fabricados de acuerdo con las buenas pr\u00e1cticas de ingenier\u00eda y cumplen con los requisitos esenciales de seguridad descritos en el Anexo I. Sometemos nuestros productos a la evaluaci\u00f3n de conformidad siguiendo el M\u00f3dulo A &#8211; Control Interno de la Producci\u00f3n, como se indica en el Anexo III.<\/p>\n<p>Por lo tanto, nuestros productos pueden considerarse conformes con la directiva PED. Estamos preparando una declaraci\u00f3n de conformidad para confirmar esto.<\/p>\n<\/div>\n\t\t\t\t\t<\/div>\n\t\t\t\t<\/div>\n\t\t\t\t\t<\/div>\n\t\n<h4>5) Calidad<\/h4>\n\t\t<div class=\"faq-accordion \" id=\"faq-accordion-5\" data-accordion-group data-conf=\"{&quot;single_open&quot;:&quot;true&quot;,&quot;transition_speed&quot;:300}\">\n\t\t\t\t\t\t\t<div data-accordion class=\"faq-main\">\n\t\t\t\t\t<div data-control class=\"faq-title\">\n\t\t\t\t\t\t<h4>\u00bfEl rendimiento de los presostatos se degrada con el tiempo?<\/h4>\n\t\t\t\t\t<\/div>\n\t\t\t\t\t<div data-content>\n\t\t\t\t\t\t\t\t\t\t\t\t<div class=\"faq-content\"><p>Si se almacenan en un lugar limpio, seco y protegido de la luz, a temperaturas comprendidas entre -10 \u00b0C y +70 \u00b0C, el rendimiento de los presostatos no se degrada con el tiempo. Una forma \u00f3ptima de conservarlos es en su embalaje original. Si se almacenan correctamente, los presostatos funcionan perfectamente incluso despu\u00e9s de diez a\u00f1os.<\/p>\n<\/div>\n\t\t\t\t\t<\/div>\n\t\t\t\t<\/div>\n\t\t\t\t\t\t\t<div data-accordion class=\"faq-main\">\n\t\t\t\t\t<div data-control class=\"faq-title\">\n\t\t\t\t\t\t<h4>\u00bfPor qu\u00e9 los rangos de temperatura de la membrana son m\u00e1s estrechos de lo habitual?<\/h4>\n\t\t\t\t\t<\/div>\n\t\t\t\t\t<div data-content>\n\t\t\t\t\t\t\t\t\t\t\t\t<div class=\"faq-content\"><p>La funcionalidad general del presostato es nuestra prioridad, y las temperaturas extremas pueden afectar su fiabilidad y precisi\u00f3n. Aunque la membrana pueda resistir temperaturas m\u00e1s altas o m\u00e1s bajas, el presostato completo podr\u00eda no funcionar de manera \u00f3ptima en estas condiciones. Por lo tanto, hemos establecido umbrales de temperatura para garantizar un rendimiento coherente y fiable del presostato en su conjunto.<\/p>\n<\/div>\n\t\t\t\t\t<\/div>\n\t\t\t\t<\/div>\n\t\t\t\t\t\t\t<div data-accordion class=\"faq-main\">\n\t\t\t\t\t<div data-control class=\"faq-title\">\n\t\t\t\t\t\t<h4>\u00bfQu\u00e9 son los datos B10D y MTTF?<\/h4>\n\t\t\t\t\t<\/div>\n\t\t\t\t\t<div data-content>\n\t\t\t\t\t\t\t\t\t\t\t\t<div class=\"faq-content\"><p>El MTTF (Mean Time To Failure) de nuestros productos, seg\u00fan la norma EN ISO 13849-1, depende de su uso, en particular del n\u00famero de ciclos por a\u00f1o.<br \/>\nMTBF (Mean Time Between Failures) = MTTF (Mean Time To Failure) + MTTR (Mean Time To Repair)<\/p>\n<p>En nuestro caso, el MTTR es insignificante porque el componente se sustituye t\u00edpicamente en caso de fallo. El c\u00e1lculo del MTTF puede estar relacionado con el MTTFd (Mean Time To Dangerous Failure), que indica el tiempo medio antes de que ocurra un fallo peligroso. Para los presostatos, seg\u00fan la norma EN ISO 13849-1, la f\u00f3rmula es:<\/p>\n<p>MTTFd = B10d \/ (0.1 * nop)<\/p>\n<p>Donde:<\/p>\n<ul>\n<li>nop = n\u00famero de ciclos por a\u00f1o<\/li>\n<li>B10d = n\u00famero de ciclos hasta que el 10% de los componentes presente un fallo peligroso<\/li>\n<\/ul>\n<p>Ejemplo para Presostatos:<\/p>\n<ul>\n<li>Si la corriente es &lt;20mA, B10d = 1.000.000 ciclos.<\/li>\n<li>Si la corriente es &gt;20mA, B10d = 100.000 ciclos.<\/li>\n<\/ul>\n<p>Para una corriente &gt;20mA: MTTFd = 100.000 \/ (0.1 * nop) = 10^6 \/ nop<\/p>\n<p>El cliente puede calcular el MTTF introduciendo el n\u00famero de ciclos previstos por a\u00f1o para su aplicaci\u00f3n.<\/p>\n<p>Por ejemplo, si el presostato opera una vez por minuto: nop = 1 * 60 * 8 * 220 = 105.600 ciclos\/a\u00f1o MTTFd = 10^6 \/ 105.600 = 9,47 a\u00f1os<\/p>\n<p>Ejemplo para Interruptores de Nivel:<\/p>\n<p>Para LM1\u2026XIA, considerando las bajas tensiones y corrientes, estimamos 10^5 ciclos por seguridad. MTTFd = 100.000 \/ (0.1 * nop) = 10^6 \/ nop<\/p>\n<p>Por ejemplo, si el interruptor de nivel opera una vez cada 10 minutos: nop = 1 * 8 * 6 * 220 = 10.560 ciclos\/a\u00f1o MTTFd = 10^6 \/ 10.560 = 94 a\u00f1os<\/p>\n<\/div>\n\t\t\t\t\t<\/div>\n\t\t\t\t<\/div>\n\t\t\t\t\t<\/div>\n\t\n<\/div>\n<\/div>\n","protected":false},"excerpt":{"rendered":"<p>1) C\u00f3mo&#8230;? 2) Malfuncionamiento 3) Ingenier\u00eda 4) Certificaciones y declaraciones 5) Calidad<\/p>\n","protected":false},"author":2,"featured_media":0,"parent":0,"menu_order":1,"comment_status":"closed","ping_status":"closed","template":"","meta":{"_acf_changed":false,"footnotes":""},"acf":[],"yoast_head":"<!-- This site is optimized with the Yoast SEO plugin v24.3 - https:\/\/yoast.com\/wordpress\/plugins\/seo\/ -->\n<title>FAQ - Elettrotec<\/title>\n<meta name=\"robots\" content=\"index, follow, max-snippet:-1, max-image-preview:large, max-video-preview:-1\" \/>\n<link rel=\"canonical\" href=\"https:\/\/elettrotec.com\/es\/faq\/\" \/>\n<meta property=\"og:locale\" content=\"es_ES\" \/>\n<meta property=\"og:type\" content=\"article\" \/>\n<meta property=\"og:title\" content=\"FAQ - Elettrotec\" \/>\n<meta property=\"og:description\" content=\"1) C\u00f3mo&#8230;? 2) Malfuncionamiento 3) Ingenier\u00eda 4) Certificaciones y declaraciones 5) Calidad\" \/>\n<meta property=\"og:site_name\" content=\"Elettrotec\" \/>\n<meta property=\"article:modified_time\" content=\"2026-02-02T11:02:32+00:00\" \/>\n<meta name=\"twitter:card\" content=\"summary_large_image\" \/>\n<meta name=\"twitter:label1\" content=\"Tiempo de lectura\" \/>\n\t<meta name=\"twitter:data1\" content=\"1 minuto\" \/>\n<script type=\"application\/ld+json\" class=\"yoast-schema-graph\">{\"@context\":\"https:\/\/schema.org\",\"@graph\":[{\"@type\":\"WebPage\",\"@id\":\"https:\/\/elettrotec.com\/es\/faq\/\",\"url\":\"https:\/\/elettrotec.com\/es\/faq\/\",\"name\":\"FAQ - Elettrotec\",\"isPartOf\":{\"@id\":\"https:\/\/elettrotec.com\/es\/#website\"},\"datePublished\":\"2020-12-02T11:35:59+00:00\",\"dateModified\":\"2026-02-02T11:02:32+00:00\",\"breadcrumb\":{\"@id\":\"https:\/\/elettrotec.com\/es\/faq\/#breadcrumb\"},\"inLanguage\":\"es\",\"potentialAction\":[{\"@type\":\"ReadAction\",\"target\":[\"https:\/\/elettrotec.com\/es\/faq\/\"]}]},{\"@type\":\"BreadcrumbList\",\"@id\":\"https:\/\/elettrotec.com\/es\/faq\/#breadcrumb\",\"itemListElement\":[{\"@type\":\"ListItem\",\"position\":1,\"name\":\"Home\",\"item\":\"https:\/\/elettrotec.com\/es\/\"},{\"@type\":\"ListItem\",\"position\":2,\"name\":\"FAQ\"}]},{\"@type\":\"WebSite\",\"@id\":\"https:\/\/elettrotec.com\/es\/#website\",\"url\":\"https:\/\/elettrotec.com\/es\/\",\"name\":\"Elettrotec\",\"description\":\"Firma il terzo millennio\",\"publisher\":{\"@id\":\"https:\/\/elettrotec.com\/es\/#organization\"},\"potentialAction\":[{\"@type\":\"SearchAction\",\"target\":{\"@type\":\"EntryPoint\",\"urlTemplate\":\"https:\/\/elettrotec.com\/es\/?s={search_term_string}\"},\"query-input\":{\"@type\":\"PropertyValueSpecification\",\"valueRequired\":true,\"valueName\":\"search_term_string\"}}],\"inLanguage\":\"es\"},{\"@type\":\"Organization\",\"@id\":\"https:\/\/elettrotec.com\/es\/#organization\",\"name\":\"Elettrotec\",\"url\":\"https:\/\/elettrotec.com\/es\/\",\"logo\":{\"@type\":\"ImageObject\",\"inLanguage\":\"es\",\"@id\":\"https:\/\/elettrotec.com\/es\/#\/schema\/logo\/image\/\",\"url\":\"https:\/\/elettrotec.com\/wp-content\/uploads\/2023\/02\/logo-en-mail.png\",\"contentUrl\":\"https:\/\/elettrotec.com\/wp-content\/uploads\/2023\/02\/logo-en-mail.png\",\"width\":800,\"height\":254,\"caption\":\"Elettrotec\"},\"image\":{\"@id\":\"https:\/\/elettrotec.com\/es\/#\/schema\/logo\/image\/\"},\"sameAs\":[\"https:\/\/www.linkedin.com\/company\/elettrotec-s-r-l-\/\",\"https:\/\/www.youtube.com\/channel\/UCm1tzdb0uycgBxrIVlnBjFw\"]}]}<\/script>\n<!-- \/ Yoast SEO plugin. -->","yoast_head_json":{"title":"FAQ - Elettrotec","robots":{"index":"index","follow":"follow","max-snippet":"max-snippet:-1","max-image-preview":"max-image-preview:large","max-video-preview":"max-video-preview:-1"},"canonical":"https:\/\/elettrotec.com\/es\/faq\/","og_locale":"es_ES","og_type":"article","og_title":"FAQ - Elettrotec","og_description":"1) C\u00f3mo&#8230;? 2) Malfuncionamiento 3) Ingenier\u00eda 4) Certificaciones y declaraciones 5) Calidad","og_site_name":"Elettrotec","article_modified_time":"2026-02-02T11:02:32+00:00","twitter_card":"summary_large_image","twitter_misc":{"Tiempo de lectura":"1 minuto"},"schema":{"@context":"https:\/\/schema.org","@graph":[{"@type":"WebPage","@id":"https:\/\/elettrotec.com\/es\/faq\/","url":"https:\/\/elettrotec.com\/es\/faq\/","name":"FAQ - Elettrotec","isPartOf":{"@id":"https:\/\/elettrotec.com\/es\/#website"},"datePublished":"2020-12-02T11:35:59+00:00","dateModified":"2026-02-02T11:02:32+00:00","breadcrumb":{"@id":"https:\/\/elettrotec.com\/es\/faq\/#breadcrumb"},"inLanguage":"es","potentialAction":[{"@type":"ReadAction","target":["https:\/\/elettrotec.com\/es\/faq\/"]}]},{"@type":"BreadcrumbList","@id":"https:\/\/elettrotec.com\/es\/faq\/#breadcrumb","itemListElement":[{"@type":"ListItem","position":1,"name":"Home","item":"https:\/\/elettrotec.com\/es\/"},{"@type":"ListItem","position":2,"name":"FAQ"}]},{"@type":"WebSite","@id":"https:\/\/elettrotec.com\/es\/#website","url":"https:\/\/elettrotec.com\/es\/","name":"Elettrotec","description":"Firma il terzo millennio","publisher":{"@id":"https:\/\/elettrotec.com\/es\/#organization"},"potentialAction":[{"@type":"SearchAction","target":{"@type":"EntryPoint","urlTemplate":"https:\/\/elettrotec.com\/es\/?s={search_term_string}"},"query-input":{"@type":"PropertyValueSpecification","valueRequired":true,"valueName":"search_term_string"}}],"inLanguage":"es"},{"@type":"Organization","@id":"https:\/\/elettrotec.com\/es\/#organization","name":"Elettrotec","url":"https:\/\/elettrotec.com\/es\/","logo":{"@type":"ImageObject","inLanguage":"es","@id":"https:\/\/elettrotec.com\/es\/#\/schema\/logo\/image\/","url":"https:\/\/elettrotec.com\/wp-content\/uploads\/2023\/02\/logo-en-mail.png","contentUrl":"https:\/\/elettrotec.com\/wp-content\/uploads\/2023\/02\/logo-en-mail.png","width":800,"height":254,"caption":"Elettrotec"},"image":{"@id":"https:\/\/elettrotec.com\/es\/#\/schema\/logo\/image\/"},"sameAs":["https:\/\/www.linkedin.com\/company\/elettrotec-s-r-l-\/","https:\/\/www.youtube.com\/channel\/UCm1tzdb0uycgBxrIVlnBjFw"]}]}},"_links":{"self":[{"href":"https:\/\/elettrotec.com\/es\/wp-json\/wp\/v2\/pages\/76214"}],"collection":[{"href":"https:\/\/elettrotec.com\/es\/wp-json\/wp\/v2\/pages"}],"about":[{"href":"https:\/\/elettrotec.com\/es\/wp-json\/wp\/v2\/types\/page"}],"author":[{"embeddable":true,"href":"https:\/\/elettrotec.com\/es\/wp-json\/wp\/v2\/users\/2"}],"replies":[{"embeddable":true,"href":"https:\/\/elettrotec.com\/es\/wp-json\/wp\/v2\/comments?post=76214"}],"version-history":[{"count":4,"href":"https:\/\/elettrotec.com\/es\/wp-json\/wp\/v2\/pages\/76214\/revisions"}],"predecessor-version":[{"id":113502,"href":"https:\/\/elettrotec.com\/es\/wp-json\/wp\/v2\/pages\/76214\/revisions\/113502"}],"wp:attachment":[{"href":"https:\/\/elettrotec.com\/es\/wp-json\/wp\/v2\/media?parent=76214"}],"curies":[{"name":"wp","href":"https:\/\/api.w.org\/{rel}","templated":true}]}}